{"id":150082,"date":"2023-07-05T19:16:27","date_gmt":"2023-07-05T16:16:27","guid":{"rendered":"https:\/\/kingarms.ee\/product\/saciet-pistoles-retay-pm\/"},"modified":"2025-05-25T17:49:46","modified_gmt":"2025-05-25T14:49:46","slug":"saciet-pistoles-retay-pm","status":"publish","type":"product","link":"https:\/\/kingarms.ee\/lv\/product\/saciet-pistoles-retay-pm\/","title":{"rendered":"S\u0101ciet pistoles retay pm"},"content":{"rendered":"<p><img loading=\"lazy\" decoding=\"async\" class=\"alignnone size-full wp-image-79782\" src=\"https:\/\/kingarms.ee\/wp-content\/uploads\/2023\/07\/2893c4e5-fdec-11ec-b770-00155d8ed203_fbb9bb1c-0120-11ed-b770-00155d8ed203.jpg\" alt=\"\" width=\"720\" height=\"588\" srcset=\"https:\/\/kingarms.ee\/wp-content\/uploads\/2023\/07\/2893c4e5-fdec-11ec-b770-00155d8ed203_fbb9bb1c-0120-11ed-b770-00155d8ed203.jpg 720w, https:\/\/kingarms.ee\/wp-content\/uploads\/2023\/07\/2893c4e5-fdec-11ec-b770-00155d8ed203_fbb9bb1c-0120-11ed-b770-00155d8ed203-300x245.jpg 300w, https:\/\/kingarms.ee\/wp-content\/uploads\/2023\/07\/2893c4e5-fdec-11ec-b770-00155d8ed203_fbb9bb1c-0120-11ed-b770-00155d8ed203-500x408.jpg 500w, https:\/\/kingarms.ee\/wp-content\/uploads\/2023\/07\/2893c4e5-fdec-11ec-b770-00155d8ed203_fbb9bb1c-0120-11ed-b770-00155d8ed203-150x123.jpg 150w\" sizes=\"auto, (max-width: 720px) 100vw, 720px\" \/><\/p>\n","protected":false},"excerpt":{"rendered":"<div>S\u0101ciet pistoles retay pm<\/div>\n<div><\/div>\n<div>Kalibrs: 9 mm p.a.k<br \/>\nPapl\u0101tes s\u0113jums: 6+1<br \/>\nDro\u0161\u012bba: \u0161au\u0161anas tapas dro\u0161\u012bba<br \/>\nGarums: 160 mm<br \/>\nAugstums: 120 mm<br \/>\nSvars: 805 g<br \/>\nSpr\u016bda: dubult\u0101 darb\u012bba<br \/>\nSist\u0113ma: da\u013c\u0113ji -autom\u0101tiska<\/div>\n<div><\/div>\n<div>Mudel n\u00e4eb v\u00e4lja nagu kuulus Makarovi p\u00fcstol. Mudelil on sarnased m\u00f5\u00f5tmed ja kaal nagu on tulirelval. <\/div>\n<div>Raam on valmistatud kergsulamist ning toru on valmistatud tsingi, alumiiniumi ja vase sulamist.<\/div>\n<div><\/div>\n","protected":false},"featured_media":152525,"template":"","meta":{"_acf_changed":false},"product_brand":[],"product_cat":[1010],"product_tag":[],"class_list":{"0":"post-150082","1":"product","2":"type-product","3":"status-publish","4":"has-post-thumbnail","6":"product_cat-starta-pistoles","8":"first","9":"instock","10":"taxable","11":"shipping-taxable","12":"purchasable","13":"product-type-simple"},"acf":[],"_links":{"self":[{"href":"https:\/\/kingarms.ee\/lv\/wp-json\/wp\/v2\/product\/150082","targetHints":{"allow":["GET"]}}],"collection":[{"href":"https:\/\/kingarms.ee\/lv\/wp-json\/wp\/v2\/product"}],"about":[{"href":"https:\/\/kingarms.ee\/lv\/wp-json\/wp\/v2\/types\/product"}],"wp:featuredmedia":[{"embeddable":true,"href":"https:\/\/kingarms.ee\/lv\/wp-json\/wp\/v2\/media\/152525"}],"wp:attachment":[{"href":"https:\/\/kingarms.ee\/lv\/wp-json\/wp\/v2\/media?parent=150082"}],"wp:term":[{"taxonomy":"product_brand","embeddable":true,"href":"https:\/\/kingarms.ee\/lv\/wp-json\/wp\/v2\/product_brand?post=150082"},{"taxonomy":"product_cat","embeddable":true,"href":"https:\/\/kingarms.ee\/lv\/wp-json\/wp\/v2\/product_cat?post=150082"},{"taxonomy":"product_tag","embeddable":true,"href":"https:\/\/kingarms.ee\/lv\/wp-json\/wp\/v2\/product_tag?post=150082"}],"curies":[{"name":"wp","href":"https:\/\/api.w.org\/{rel}","templated":true}]}}