{"id":150083,"date":"2023-07-02T15:21:23","date_gmt":"2025-05-25T14:51:21","guid":{"rendered":"https:\/\/kingarms.ee\/product\/virpula-stiklveida-binokulara-soma\/"},"modified":"2025-05-25T17:51:21","modified_gmt":"2025-05-25T14:51:21","slug":"virpula-stiklveida-binokulara-soma","status":"publish","type":"product","link":"https:\/\/kingarms.ee\/lv\/product\/virpula-stiklveida-binokulara-soma\/","title":{"rendered":"Virpu\u013ca stiklveida binokul\u0101r\u0101 soma"},"content":{"rendered":"<p><img loading=\"lazy\" decoding=\"async\" class=\"alignnone size-full wp-image-79680\" src=\"https:\/\/kingarms.ee\/wp-content\/uploads\/2023\/07\/vortex-glasspack-binocular-case-9571029c5fdc424d98c5290fb6ea859a-5cf83204.jpg\" alt=\"\" width=\"900\" height=\"900\" srcset=\"https:\/\/kingarms.ee\/wp-content\/uploads\/2023\/07\/vortex-glasspack-binocular-case-9571029c5fdc424d98c5290fb6ea859a-5cf83204.jpg 900w, https:\/\/kingarms.ee\/wp-content\/uploads\/2023\/07\/vortex-glasspack-binocular-case-9571029c5fdc424d98c5290fb6ea859a-5cf83204-300x300.jpg 300w, https:\/\/kingarms.ee\/wp-content\/uploads\/2023\/07\/vortex-glasspack-binocular-case-9571029c5fdc424d98c5290fb6ea859a-5cf83204-150x150.jpg 150w, https:\/\/kingarms.ee\/wp-content\/uploads\/2023\/07\/vortex-glasspack-binocular-case-9571029c5fdc424d98c5290fb6ea859a-5cf83204-768x768.jpg 768w, https:\/\/kingarms.ee\/wp-content\/uploads\/2023\/07\/vortex-glasspack-binocular-case-9571029c5fdc424d98c5290fb6ea859a-5cf83204-500x500.jpg 500w\" sizes=\"auto, (max-width: 900px) 100vw, 900px\" \/><\/p>\n","protected":false},"excerpt":{"rendered":"<p>Virpu\u013ca stiklveida binokul\u0101r\u0101 soma<\/p>\n<p>Vortex Glasspak binok\u013cu korpuss aizsarg\u0101 binok\u013cus no laika apst\u0101k\u013ciem un aizsarg\u0101 tos no meh\u0101niskiem boj\u0101jumiem, padarot tos viegli p\u0101rn\u0113s\u0101jamus. Papildu kabatas \u013cauj p\u0101rvad\u0101t papildu apr\u012bkojumu, piem\u0113ram, m\u0101nek\u013cus, piez\u012bmju gr\u0101mati\u0146u, pildspalvu. <\/p>\n<p>Korpuss ir apr\u012bkots ar dro\u0161\u012bbas jostu sist\u0113mu, kas veido &#8220;dro\u0161\u012bbas jostu&#8221;. Tas \u013cauj jums saglab\u0101t lietu tuvu rumpim, kas iev\u0113rojami samazina risku saboj\u0101t p\u0101rn\u0113s\u0101jamos binok\u013cus \u0161\u0101d\u0101 veid\u0101. <\/p>\n<p>\u0160is produkts ir aizsarg\u0101ts ar Vortex VIP LIFETIME Garanti*<\/p>\n<p>VIP m\u016b\u017ea garantija * no Vortex Optics.<br \/>\nJa kaut kas notiek ar j\u016bsu produktu, Vortex to salabos vai aizst\u0101s ar piln\u012bgi jaunu.<\/p>\n<p>* Garantija neattiecas uz zaud\u0113jumiem, z\u0101dz\u012bb\u0101m, t\u012b\u0161iem boj\u0101jumiem vai kosm\u0113tiskiem boj\u0101jumiem, kas neietekm\u0113 produkta veiktsp\u0113ju.<\/p>\n","protected":false},"featured_media":129443,"template":"","meta":{"_acf_changed":false},"product_brand":[],"product_cat":[1043],"product_tag":[],"class_list":{"0":"post-150083","1":"product","2":"type-product","3":"status-publish","4":"has-post-thumbnail","6":"product_cat-biloklalis","8":"first","9":"onbackorder","10":"taxable","11":"shipping-taxable","12":"product-type-simple"},"acf":[],"_links":{"self":[{"href":"https:\/\/kingarms.ee\/lv\/wp-json\/wp\/v2\/product\/150083","targetHints":{"allow":["GET"]}}],"collection":[{"href":"https:\/\/kingarms.ee\/lv\/wp-json\/wp\/v2\/product"}],"about":[{"href":"https:\/\/kingarms.ee\/lv\/wp-json\/wp\/v2\/types\/product"}],"wp:featuredmedia":[{"embeddable":true,"href":"https:\/\/kingarms.ee\/lv\/wp-json\/wp\/v2\/media\/129443"}],"wp:attachment":[{"href":"https:\/\/kingarms.ee\/lv\/wp-json\/wp\/v2\/media?parent=150083"}],"wp:term":[{"taxonomy":"product_brand","embeddable":true,"href":"https:\/\/kingarms.ee\/lv\/wp-json\/wp\/v2\/product_brand?post=150083"},{"taxonomy":"product_cat","embeddable":true,"href":"https:\/\/kingarms.ee\/lv\/wp-json\/wp\/v2\/product_cat?post=150083"},{"taxonomy":"product_tag","embeddable":true,"href":"https:\/\/kingarms.ee\/lv\/wp-json\/wp\/v2\/product_tag?post=150083"}],"curies":[{"name":"wp","href":"https:\/\/api.w.org\/{rel}","templated":true}]}}