{"id":150085,"date":"2023-07-02T15:03:03","date_gmt":"2025-05-25T14:52:07","guid":{"rendered":"https:\/\/kingarms.ee\/product\/lidojosa-lipiga-bros\/"},"modified":"2025-05-25T17:52:07","modified_gmt":"2025-05-25T14:52:07","slug":"lidojosa-lipiga-bros","status":"publish","type":"product","link":"https:\/\/kingarms.ee\/lv\/product\/lidojosa-lipiga-bros\/","title":{"rendered":"Lidojo\u0161a lip\u012bga (bros)"},"content":{"rendered":"<p><img loading=\"lazy\" decoding=\"async\" class=\"alignnone size-full wp-image-79671\" src=\"https:\/\/kingarms.ee\/wp-content\/uploads\/2023\/07\/bros-round-fly-sticky-e55d5eb63cca485981ee5dcbeab2b94f-320a0e38.jpg\" alt=\"\" width=\"900\" height=\"900\" srcset=\"https:\/\/kingarms.ee\/wp-content\/uploads\/2023\/07\/bros-round-fly-sticky-e55d5eb63cca485981ee5dcbeab2b94f-320a0e38.jpg 900w, https:\/\/kingarms.ee\/wp-content\/uploads\/2023\/07\/bros-round-fly-sticky-e55d5eb63cca485981ee5dcbeab2b94f-320a0e38-300x300.jpg 300w, https:\/\/kingarms.ee\/wp-content\/uploads\/2023\/07\/bros-round-fly-sticky-e55d5eb63cca485981ee5dcbeab2b94f-320a0e38-150x150.jpg 150w, https:\/\/kingarms.ee\/wp-content\/uploads\/2023\/07\/bros-round-fly-sticky-e55d5eb63cca485981ee5dcbeab2b94f-320a0e38-768x768.jpg 768w, https:\/\/kingarms.ee\/wp-content\/uploads\/2023\/07\/bros-round-fly-sticky-e55d5eb63cca485981ee5dcbeab2b94f-320a0e38-500x500.jpg 500w\" sizes=\"auto, (max-width: 900px) 100vw, 900px\" \/><\/p>\n","protected":false},"excerpt":{"rendered":"<p>Lidojo\u0161a lip\u012bga (bros)<\/p>\n<p>Bros round fly stick ir tradicion\u0101ls veids, k\u0101 kontrol\u0113t uzm\u0101c\u012bgus lidojo\u0161us kukai\u0146us m\u0101j\u0101s, noliktav\u0101 vai p\u0101rstr\u0101des r\u016bpn\u012bc\u0101.<\/p>\n<p>Bros fly uzl\u012bme ir tradicion\u0101la nerull\u0113tas lentes forma, kas p\u0101rkl\u0101ta ar \u0101tri saisto\u0161u l\u012bmi. Atbilsto\u0161ais l\u012bmes sast\u0101vs padara l\u012bmi \u0101rk\u0101rt\u012bgi efekt\u012bvu un darbojas neatkar\u012bgi no temperat\u016bras un mitruma pat pirms vair\u0101kiem m\u0113ne\u0161iem. Formula bez smar\u017eas, vienk\u0101r\u0161as uzst\u0101d\u012b\u0161anas \u012bpa\u0161\u012bbas un lieliska efektivit\u0101te padara lip\u012bgu, neskatoties uz gadu gaitu, v\u0113rt\u012bgu un popul\u0101ru l\u012bdzekli ar\u012b pret mu\u0161\u0101m un p\u0101rtikas tauri\u0146iem.  <\/p>\n<p>Iepakojums ir 1gab<\/p>\n","protected":false},"featured_media":131974,"template":"","meta":{"_acf_changed":false},"product_brand":[],"product_cat":[1119],"product_tag":[],"class_list":{"0":"post-150085","1":"product","2":"type-product","3":"status-publish","4":"has-post-thumbnail","6":"product_cat-celojumu-preces","8":"first","9":"instock","10":"taxable","11":"shipping-taxable","12":"purchasable","13":"product-type-simple"},"acf":[],"_links":{"self":[{"href":"https:\/\/kingarms.ee\/lv\/wp-json\/wp\/v2\/product\/150085","targetHints":{"allow":["GET"]}}],"collection":[{"href":"https:\/\/kingarms.ee\/lv\/wp-json\/wp\/v2\/product"}],"about":[{"href":"https:\/\/kingarms.ee\/lv\/wp-json\/wp\/v2\/types\/product"}],"wp:featuredmedia":[{"embeddable":true,"href":"https:\/\/kingarms.ee\/lv\/wp-json\/wp\/v2\/media\/131974"}],"wp:attachment":[{"href":"https:\/\/kingarms.ee\/lv\/wp-json\/wp\/v2\/media?parent=150085"}],"wp:term":[{"taxonomy":"product_brand","embeddable":true,"href":"https:\/\/kingarms.ee\/lv\/wp-json\/wp\/v2\/product_brand?post=150085"},{"taxonomy":"product_cat","embeddable":true,"href":"https:\/\/kingarms.ee\/lv\/wp-json\/wp\/v2\/product_cat?post=150085"},{"taxonomy":"product_tag","embeddable":true,"href":"https:\/\/kingarms.ee\/lv\/wp-json\/wp\/v2\/product_tag?post=150085"}],"curies":[{"name":"wp","href":"https:\/\/api.w.org\/{rel}","templated":true}]}}