{"id":150086,"date":"2023-07-02T14:53:06","date_gmt":"2025-05-25T14:52:31","guid":{"rendered":"https:\/\/kingarms.ee\/product\/maize-50g-arpol\/"},"modified":"2025-05-25T17:52:31","modified_gmt":"2025-05-25T14:52:31","slug":"maize-50g-arpol","status":"publish","type":"product","link":"https:\/\/kingarms.ee\/lv\/product\/maize-50g-arpol\/","title":{"rendered":"Maize 50g (arpol)"},"content":{"rendered":"<p><img loading=\"lazy\" decoding=\"async\" class=\"alignnone size-full wp-image-79651\" src=\"https:\/\/kingarms.ee\/wp-content\/uploads\/2023\/07\/arpol-pumpernickel-bread-50g-1ed714014c8f4f22a712f4591e42f287-e03da3eb.jpg\" alt=\"\" width=\"628\" height=\"471\" srcset=\"https:\/\/kingarms.ee\/wp-content\/uploads\/2023\/07\/arpol-pumpernickel-bread-50g-1ed714014c8f4f22a712f4591e42f287-e03da3eb.jpg 628w, https:\/\/kingarms.ee\/wp-content\/uploads\/2023\/07\/arpol-pumpernickel-bread-50g-1ed714014c8f4f22a712f4591e42f287-e03da3eb-300x225.jpg 300w, https:\/\/kingarms.ee\/wp-content\/uploads\/2023\/07\/arpol-pumpernickel-bread-50g-1ed714014c8f4f22a712f4591e42f287-e03da3eb-600x450.jpg 600w, https:\/\/kingarms.ee\/wp-content\/uploads\/2023\/07\/arpol-pumpernickel-bread-50g-1ed714014c8f4f22a712f4591e42f287-e03da3eb-500x375.jpg 500w, https:\/\/kingarms.ee\/wp-content\/uploads\/2023\/07\/arpol-pumpernickel-bread-50g-1ed714014c8f4f22a712f4591e42f287-e03da3eb-150x113.jpg 150w\" sizes=\"auto, (max-width: 628px) 100vw, 628px\" \/><\/p>\n","protected":false},"excerpt":{"rendered":"<p>Maize 50g (arpol)<\/p>\n<p>Arpol pumpernickel maize 50 g ir tum\u0161a pilngraudu maize, bag\u0101ta ar \u0161\u0137iedrviel\u0101m un ar zemu kaloriju daudzumu. Tiem ir rakstur\u012bgs ilgs glab\u0101\u0161anas laiks. <\/p>\n<p>Arpol pumpernickel maize 50 g-vesel\u012bgs \u0113diens ide\u0101li piem\u0113rots kempingam<br \/>\nPateicoties vitam\u012bniem PP, B un E un lielam \u0161\u0137iedrvielu saturam, pumpernickel ir vesel\u012bgs un barojo\u0161s. Cita starp\u0101 tas labv\u0113l\u012bgi ietekm\u0113 gremo\u0161anas sist\u0113mu. \u0160\u0101da veida maize parasti tiek ieteikta cilv\u0113kiem ar samazin\u0101tu di\u0113tu.<br \/>\nPateicoties herm\u0113tiskajam iepakojumam, kas pasarg\u0101 to no pies\u0101r\u0146ojuma, maizi var dro\u0161i \u0146emt l\u012bdzi kemping\u0101, kemping\u0101, bushcraft braucienos vai \u0123imenes b\u0101rbekj\u016b.  <\/p>\n<p>Arpopl pumpernickel vajadz\u0113tu interes\u0113t ar\u012b veidot\u0101jus-folijas bl\u012bv\u0113jums nodro\u0161ina, ka maize nesamirkst un ilgu laiku saglab\u0101 gar\u0161u. T\u0101 rezult\u0101t\u0101 tas var papildin\u0101t kr\u012bzes di\u0113tu. <\/p>\n<p>Arpol pumpernickel maize 50 g-Sast\u0101vs.<br \/>\nPumpernickel tika izgatavots, izmantojot rudzu miltus (41,5%), kvie\u0161u miltus, pilngraudu rudzu miltus (5%), augu taukus, maizes raugu, mie\u017eu iesala ekstraktu, kartupe\u013cu p\u0101rslas, s\u0101li un sojas miltus. Maize satur dz\u012bvas laktobacillu kult\u016bras. <\/p>\n","protected":false},"featured_media":129429,"template":"","meta":{"_acf_changed":false},"product_brand":[],"product_cat":[1128],"product_tag":[],"class_list":{"0":"post-150086","1":"product","2":"type-product","3":"status-publish","4":"has-post-thumbnail","6":"product_cat-taktiska-partikas","8":"first","9":"instock","10":"taxable","11":"shipping-taxable","12":"purchasable","13":"product-type-simple"},"acf":[],"_links":{"self":[{"href":"https:\/\/kingarms.ee\/lv\/wp-json\/wp\/v2\/product\/150086","targetHints":{"allow":["GET"]}}],"collection":[{"href":"https:\/\/kingarms.ee\/lv\/wp-json\/wp\/v2\/product"}],"about":[{"href":"https:\/\/kingarms.ee\/lv\/wp-json\/wp\/v2\/types\/product"}],"wp:featuredmedia":[{"embeddable":true,"href":"https:\/\/kingarms.ee\/lv\/wp-json\/wp\/v2\/media\/129429"}],"wp:attachment":[{"href":"https:\/\/kingarms.ee\/lv\/wp-json\/wp\/v2\/media?parent=150086"}],"wp:term":[{"taxonomy":"product_brand","embeddable":true,"href":"https:\/\/kingarms.ee\/lv\/wp-json\/wp\/v2\/product_brand?post=150086"},{"taxonomy":"product_cat","embeddable":true,"href":"https:\/\/kingarms.ee\/lv\/wp-json\/wp\/v2\/product_cat?post=150086"},{"taxonomy":"product_tag","embeddable":true,"href":"https:\/\/kingarms.ee\/lv\/wp-json\/wp\/v2\/product_tag?post=150086"}],"curies":[{"name":"wp","href":"https:\/\/api.w.org\/{rel}","templated":true}]}}