{"id":150087,"date":"2023-07-02T14:48:19","date_gmt":"2025-05-25T14:53:01","guid":{"rendered":"https:\/\/kingarms.ee\/product\/arpol-energijas-josla-ar-50-g-dzervenu\/"},"modified":"2025-05-25T17:53:01","modified_gmt":"2025-05-25T14:53:01","slug":"arpol-energijas-josla-ar-50-g-dzervenu","status":"publish","type":"product","link":"https:\/\/kingarms.ee\/lv\/product\/arpol-energijas-josla-ar-50-g-dzervenu\/","title":{"rendered":"ARPOL ener\u0123ijas josla ar 50 g dz\u0113rve\u0146u"},"content":{"rendered":"<p><img loading=\"lazy\" decoding=\"async\" class=\"alignnone size-full wp-image-79641\" src=\"https:\/\/kingarms.ee\/wp-content\/uploads\/2023\/07\/arpol-energy-bar-50-g-cranberry-c7ddf8479e9a48b0aa549fd7e6719107-d2c0408a.jpg\" alt=\"\" width=\"900\" height=\"900\" srcset=\"https:\/\/kingarms.ee\/wp-content\/uploads\/2023\/07\/arpol-energy-bar-50-g-cranberry-c7ddf8479e9a48b0aa549fd7e6719107-d2c0408a.jpg 900w, https:\/\/kingarms.ee\/wp-content\/uploads\/2023\/07\/arpol-energy-bar-50-g-cranberry-c7ddf8479e9a48b0aa549fd7e6719107-d2c0408a-300x300.jpg 300w, https:\/\/kingarms.ee\/wp-content\/uploads\/2023\/07\/arpol-energy-bar-50-g-cranberry-c7ddf8479e9a48b0aa549fd7e6719107-d2c0408a-150x150.jpg 150w, https:\/\/kingarms.ee\/wp-content\/uploads\/2023\/07\/arpol-energy-bar-50-g-cranberry-c7ddf8479e9a48b0aa549fd7e6719107-d2c0408a-768x768.jpg 768w, https:\/\/kingarms.ee\/wp-content\/uploads\/2023\/07\/arpol-energy-bar-50-g-cranberry-c7ddf8479e9a48b0aa549fd7e6719107-d2c0408a-500x500.jpg 500w\" sizes=\"auto, (max-width: 900px) 100vw, 900px\" \/><\/p>\n","protected":false},"excerpt":{"rendered":"<p>ARPOL ener\u0123ijas josla ar 50 g dz\u0113rve\u0146u<\/p>\n<p>Arpol 50 g dz\u0113rve\u0146u ener\u0123ijas b\u0101rs ir ener\u0123iju sniedzo\u0161a viegla uzkoda, kas ir noder\u012bga jebkur\u0101 situ\u0101cij\u0101, kad nepiecie\u0161ama liel\u0101ka piep\u016ble.<\/p>\n<p>Situ\u0101cij\u0101, kad nav laika karstai malt\u012btei vai p\u0113c pastiprin\u0101tas aktivit\u0101tes esat samazin\u0101jies no sp\u0113ka, ir v\u0113rts pal\u012bdz\u0113t sev ener\u0123ijas b\u0101r\u0101. Viegli asimil\u0113ta ener\u0123ijas deva uzreiz atjauno m\u016bsu vitalit\u0101ti, sp\u0113ku un motiv\u0101ciju sasniegt izvirz\u012bto m\u0113r\u0137i. <\/p>\n<p>Sast\u0101vs:<\/p>\n<p>auzu p\u0101rslas, palmu e\u013c\u013ca, roz\u012bnes, dz\u0113rvenes (dz\u0113rvenes, cukurs, saulespu\u0137u e\u013c\u013ca), glikozes s\u012brups, cukurs, r\u012bsu \u010dipsi (kukur\u016bzas milti, r\u012bsu milti, niedru cukurs, j\u016bras s\u0101ls), s\u0101ls, sk\u0101buma regulators: citronsk\u0101be, stabilizators: invert\u0101ze, emulgators: sojas lecit\u012bns, gar\u0161vielas.<\/p>\n","protected":false},"featured_media":129427,"template":"","meta":{"_acf_changed":false},"product_brand":[],"product_cat":[1128],"product_tag":[],"class_list":{"0":"post-150087","1":"product","2":"type-product","3":"status-publish","4":"has-post-thumbnail","6":"product_cat-taktiska-partikas","8":"first","9":"instock","10":"taxable","11":"shipping-taxable","12":"purchasable","13":"product-type-simple"},"acf":[],"_links":{"self":[{"href":"https:\/\/kingarms.ee\/lv\/wp-json\/wp\/v2\/product\/150087","targetHints":{"allow":["GET"]}}],"collection":[{"href":"https:\/\/kingarms.ee\/lv\/wp-json\/wp\/v2\/product"}],"about":[{"href":"https:\/\/kingarms.ee\/lv\/wp-json\/wp\/v2\/types\/product"}],"wp:featuredmedia":[{"embeddable":true,"href":"https:\/\/kingarms.ee\/lv\/wp-json\/wp\/v2\/media\/129427"}],"wp:attachment":[{"href":"https:\/\/kingarms.ee\/lv\/wp-json\/wp\/v2\/media?parent=150087"}],"wp:term":[{"taxonomy":"product_brand","embeddable":true,"href":"https:\/\/kingarms.ee\/lv\/wp-json\/wp\/v2\/product_brand?post=150087"},{"taxonomy":"product_cat","embeddable":true,"href":"https:\/\/kingarms.ee\/lv\/wp-json\/wp\/v2\/product_cat?post=150087"},{"taxonomy":"product_tag","embeddable":true,"href":"https:\/\/kingarms.ee\/lv\/wp-json\/wp\/v2\/product_tag?post=150087"}],"curies":[{"name":"wp","href":"https:\/\/api.w.org\/{rel}","templated":true}]}}