{"id":150089,"date":"2023-07-02T13:00:45","date_gmt":"2025-05-25T14:55:22","guid":{"rendered":"https:\/\/kingarms.ee\/product\/telecopetaburet-pargajiena-kresls-kingarms\/"},"modified":"2025-05-25T17:55:22","modified_gmt":"2025-05-25T14:55:22","slug":"telecopetaburet-pargajiena-kresls-kingarms","status":"publish","type":"product","link":"https:\/\/kingarms.ee\/lv\/product\/telecopetaburet-pargajiena-kresls-kingarms\/","title":{"rendered":"Telecopetaburet p\u0101rg\u0101jiena kr\u0113sls (Kingarms)"},"content":{"rendered":"<p><img loading=\"lazy\" decoding=\"async\" class=\"alignnone size-full wp-image-79580\" src=\"https:\/\/kingarms.ee\/wp-content\/uploads\/2023\/07\/180912131.webp\" alt=\"\" width=\"630\" height=\"630\" srcset=\"https:\/\/kingarms.ee\/wp-content\/uploads\/2023\/07\/180912131.webp 630w, https:\/\/kingarms.ee\/wp-content\/uploads\/2023\/07\/180912131-300x300.webp 300w, https:\/\/kingarms.ee\/wp-content\/uploads\/2023\/07\/180912131-150x150.webp 150w, https:\/\/kingarms.ee\/wp-content\/uploads\/2023\/07\/180912131-500x500.webp 500w\" sizes=\"auto, (max-width: 630px) 100vw, 630px\" \/><\/p>\n","protected":false},"excerpt":{"rendered":"<p>Telecopetaburet p\u0101rg\u0101jiena kr\u0113sls (Kingarms)<\/p>\n<p>Teleskopiskais kr\u0113sls ir izgatavots no augstas kvalit\u0101tes plastmasas, atveras maz\u0101k nek\u0101 5 sekund\u0113s. \u013boti kompakts un viegls, var ievietot mugursom\u0101 vai som\u0101. Kr\u0113sls ir apr\u012bkots ar saliekam\u0101m konstrukcij\u0101m, kas nodro\u0161ina t\u0101 pla\u0161o lietojumu kl\u0101stu: mak\u0161\u0137er\u0113\u0161ana, pikniks, med\u012bbas, sabiedriskais transports, pastaigas br\u012bv\u0101 dab\u0101, alternat\u012bva parastajiem kr\u0113sliem vec\u0101ka gadag\u0101juma cilv\u0113kiem, p\u0101rg\u0101jieni un t\u016brisms.  <\/p>\n<p>Funkcija:<\/p>\n<p>svars: 995 g<br \/>\ndiametrs: 25 cm<br \/>\nAugstums, atloc\u012bts l\u012bdz 47 cm<br \/>\nbiezums saloc\u012bt\u0101 veid\u0101: 6 cm<br \/>\natlocot iztur slodzi l\u012bdz 150 kg<br \/>\nkomplekt\u0101 siksna un rokturis<br \/>\naugstuma regul\u0113\u0161anas iesp\u0113ja<\/p>\n","protected":false},"featured_media":132523,"template":"","meta":{"_acf_changed":false},"product_brand":[],"product_cat":[1119],"product_tag":[],"class_list":{"0":"post-150089","1":"product","2":"type-product","3":"status-publish","4":"has-post-thumbnail","6":"product_cat-celojumu-preces","8":"first","9":"outofstock","10":"taxable","11":"shipping-taxable","12":"purchasable","13":"product-type-simple"},"acf":[],"_links":{"self":[{"href":"https:\/\/kingarms.ee\/lv\/wp-json\/wp\/v2\/product\/150089","targetHints":{"allow":["GET"]}}],"collection":[{"href":"https:\/\/kingarms.ee\/lv\/wp-json\/wp\/v2\/product"}],"about":[{"href":"https:\/\/kingarms.ee\/lv\/wp-json\/wp\/v2\/types\/product"}],"wp:featuredmedia":[{"embeddable":true,"href":"https:\/\/kingarms.ee\/lv\/wp-json\/wp\/v2\/media\/132523"}],"wp:attachment":[{"href":"https:\/\/kingarms.ee\/lv\/wp-json\/wp\/v2\/media?parent=150089"}],"wp:term":[{"taxonomy":"product_brand","embeddable":true,"href":"https:\/\/kingarms.ee\/lv\/wp-json\/wp\/v2\/product_brand?post=150089"},{"taxonomy":"product_cat","embeddable":true,"href":"https:\/\/kingarms.ee\/lv\/wp-json\/wp\/v2\/product_cat?post=150089"},{"taxonomy":"product_tag","embeddable":true,"href":"https:\/\/kingarms.ee\/lv\/wp-json\/wp\/v2\/product_tag?post=150089"}],"curies":[{"name":"wp","href":"https:\/\/api.w.org\/{rel}","templated":true}]}}