{"id":150092,"date":"2023-06-28T14:46:08","date_gmt":"2025-05-25T14:56:10","guid":{"rendered":"https:\/\/kingarms.ee\/product\/cela-aizsargi-m-tac\/"},"modified":"2025-05-25T17:56:10","modified_gmt":"2025-05-25T14:56:10","slug":"cela-aizsargi-m-tac","status":"publish","type":"product","link":"https:\/\/kingarms.ee\/lv\/product\/cela-aizsargi-m-tac\/","title":{"rendered":"Ce\u013ca aizsargi (M-TAC)"},"content":{"rendered":"<p><img loading=\"lazy\" decoding=\"async\" class=\"alignnone size-medium wp-image-79494\" src=\"https:\/\/kingarms.ee\/wp-content\/uploads\/2023\/06\/m-tac-eva-knee-pad-inserts-pair-genii-1-300x300.jpg\" alt=\"\" width=\"300\" height=\"300\" srcset=\"https:\/\/kingarms.ee\/wp-content\/uploads\/2023\/06\/m-tac-eva-knee-pad-inserts-pair-genii-1-300x300.jpg 300w, https:\/\/kingarms.ee\/wp-content\/uploads\/2023\/06\/m-tac-eva-knee-pad-inserts-pair-genii-1-150x150.jpg 150w, https:\/\/kingarms.ee\/wp-content\/uploads\/2023\/06\/m-tac-eva-knee-pad-inserts-pair-genii-1-768x768.jpg 768w, https:\/\/kingarms.ee\/wp-content\/uploads\/2023\/06\/m-tac-eva-knee-pad-inserts-pair-genii-1-500x500.jpg 500w, https:\/\/kingarms.ee\/wp-content\/uploads\/2023\/06\/m-tac-eva-knee-pad-inserts-pair-genii-1.jpg 1000w\" sizes=\"auto, (max-width: 300px) 100vw, 300px\" \/><\/p>\n","protected":false},"excerpt":{"rendered":"<p>Ce\u013ca aizsargi (M-TAC)<\/p>\n<p>M-tac novatoriskie taktiskie ce\u013cgalu spilventi\u0146i ir izstr\u0101d\u0101ti, lai nodro\u0161in\u0101tu efekt\u012bvu Ce\u013ca aizsardz\u012bbu, elast\u012bbu un komfortu ikdienas lieto\u0161an\u0101. Izgatavots no m\u012bkst\u0101ka polim\u0113ra materi\u0101la-EVA putas, 8 mm biezas. Materi\u0101lam piem\u012bt molekul\u0101r\u0101s atmi\u0146as \u012bpa\u0161\u012bbas: EVA loksne sp\u0113j atjaunot savu iepriek\u0161\u0113jo \u0123eometrisko formu pat p\u0113c ilgsto\u0161as uztur\u0113\u0161an\u0101s deform\u0113t\u0101 st\u0101vokl\u012b, kas \u013cauj atk\u0101rtot Ce\u013ca dabisk\u0101s kust\u012bbas.  <\/p>\n","protected":false},"featured_media":129375,"template":"","meta":{"_acf_changed":false},"product_brand":[],"product_cat":[1074],"product_tag":[],"class_list":{"0":"post-150092","1":"product","2":"type-product","3":"status-publish","4":"has-post-thumbnail","6":"product_cat-cela-spilventini","8":"first","9":"instock","10":"taxable","11":"shipping-taxable","12":"purchasable","13":"product-type-simple"},"acf":[],"_links":{"self":[{"href":"https:\/\/kingarms.ee\/lv\/wp-json\/wp\/v2\/product\/150092","targetHints":{"allow":["GET"]}}],"collection":[{"href":"https:\/\/kingarms.ee\/lv\/wp-json\/wp\/v2\/product"}],"about":[{"href":"https:\/\/kingarms.ee\/lv\/wp-json\/wp\/v2\/types\/product"}],"wp:featuredmedia":[{"embeddable":true,"href":"https:\/\/kingarms.ee\/lv\/wp-json\/wp\/v2\/media\/129375"}],"wp:attachment":[{"href":"https:\/\/kingarms.ee\/lv\/wp-json\/wp\/v2\/media?parent=150092"}],"wp:term":[{"taxonomy":"product_brand","embeddable":true,"href":"https:\/\/kingarms.ee\/lv\/wp-json\/wp\/v2\/product_brand?post=150092"},{"taxonomy":"product_cat","embeddable":true,"href":"https:\/\/kingarms.ee\/lv\/wp-json\/wp\/v2\/product_cat?post=150092"},{"taxonomy":"product_tag","embeddable":true,"href":"https:\/\/kingarms.ee\/lv\/wp-json\/wp\/v2\/product_tag?post=150092"}],"curies":[{"name":"wp","href":"https:\/\/api.w.org\/{rel}","templated":true}]}}