{"id":150095,"date":"2023-06-26T17:15:46","date_gmt":"2025-05-25T14:56:53","guid":{"rendered":"https:\/\/kingarms.ee\/product\/fenix-gl19r-atauluma-sletzis-aer-06s\/"},"modified":"2025-05-25T17:56:53","modified_gmt":"2025-05-25T14:56:53","slug":"fenix-gl19r-atauluma-sletzis-aer-06s","status":"publish","type":"product","link":"https:\/\/kingarms.ee\/lv\/product\/fenix-gl19r-atauluma-sletzis-aer-06s\/","title":{"rendered":"Fenix GL19r Atauluma sl\u0113tzis aer-06s"},"content":{"rendered":"<p><img loading=\"lazy\" decoding=\"async\" class=\"alignnone size-medium wp-image-79384\" src=\"https:\/\/kingarms.ee\/wp-content\/uploads\/2023\/06\/2-300x300.jpg\" alt=\"\" width=\"300\" height=\"300\" srcset=\"https:\/\/kingarms.ee\/wp-content\/uploads\/2023\/06\/2-300x300.jpg 300w, https:\/\/kingarms.ee\/wp-content\/uploads\/2023\/06\/2-150x150.jpg 150w, https:\/\/kingarms.ee\/wp-content\/uploads\/2023\/06\/2-768x768.jpg 768w, https:\/\/kingarms.ee\/wp-content\/uploads\/2023\/06\/2-500x500.jpg 500w, https:\/\/kingarms.ee\/wp-content\/uploads\/2023\/06\/2.jpg 850w\" sizes=\"auto, (max-width: 300px) 100vw, 300px\" \/><\/p>\n","protected":false},"excerpt":{"rendered":"<p>Fenix GL19R att\u0101luma sl\u0113d\u017ea AER-06S ir unik\u0101ls att\u0101luma sl\u0113dzis, kas \u012bpa\u0161i paredz\u0113ts Fenix kompakto pistoles un iero\u010da lampu, lai GL19R darbotos, lai darbin\u0101tu lampu da\u017e\u0101diem autom\u0101tiskiem iero\u010diem. Att\u0101luma sl\u0113d\u017ea poga ir 45 gr\u0101du le\u0146\u0137\u012b ar \u0113rtu lieto\u0161anu un \u013cauj veikt t\u016bl\u012bt\u0113ju apgaismojumu, nep\u0101rtrauktu apgaismojumu un strobe re\u017e\u012bma aktiviz\u0113\u0161anu. Sl\u0113dzis atbilst IPX6 aizsardz\u012bbas klasei. K\u0101 standarts Picatinny (MIL-TIST-1913) ir apr\u012bkots ar kopnes stiprin\u0101jumu k\u0101 standartu, bet ar\u012b M-Lok kopnes stiprin\u0101juma pl\u0101ksnei ir. Att\u0101luma sl\u0113d\u017ea kabe\u013ca att\u0101lums ir 200 mm. Turkl\u0101t komplekt\u0101 ir ar\u012b rezerves gredzens un se\u0161st\u016bra atsl\u0113ga.     <\/p>\n","protected":false},"featured_media":129333,"template":"","meta":{"_acf_changed":false},"product_brand":[],"product_cat":[1037],"product_tag":[],"class_list":{"0":"post-150095","1":"product","2":"type-product","3":"status-publish","4":"has-post-thumbnail","6":"product_cat-lukturisi","8":"first","9":"instock","10":"taxable","11":"shipping-taxable","12":"purchasable","13":"product-type-simple"},"acf":[],"_links":{"self":[{"href":"https:\/\/kingarms.ee\/lv\/wp-json\/wp\/v2\/product\/150095","targetHints":{"allow":["GET"]}}],"collection":[{"href":"https:\/\/kingarms.ee\/lv\/wp-json\/wp\/v2\/product"}],"about":[{"href":"https:\/\/kingarms.ee\/lv\/wp-json\/wp\/v2\/types\/product"}],"wp:featuredmedia":[{"embeddable":true,"href":"https:\/\/kingarms.ee\/lv\/wp-json\/wp\/v2\/media\/129333"}],"wp:attachment":[{"href":"https:\/\/kingarms.ee\/lv\/wp-json\/wp\/v2\/media?parent=150095"}],"wp:term":[{"taxonomy":"product_brand","embeddable":true,"href":"https:\/\/kingarms.ee\/lv\/wp-json\/wp\/v2\/product_brand?post=150095"},{"taxonomy":"product_cat","embeddable":true,"href":"https:\/\/kingarms.ee\/lv\/wp-json\/wp\/v2\/product_cat?post=150095"},{"taxonomy":"product_tag","embeddable":true,"href":"https:\/\/kingarms.ee\/lv\/wp-json\/wp\/v2\/product_tag?post=150095"}],"curies":[{"name":"wp","href":"https:\/\/api.w.org\/{rel}","templated":true}]}}