{"id":150097,"date":"2023-06-26T17:03:10","date_gmt":"2025-05-25T14:57:30","guid":{"rendered":"https:\/\/kingarms.ee\/product\/ruike-hussar-p121-b\/"},"modified":"2025-05-25T17:57:30","modified_gmt":"2025-05-25T14:57:30","slug":"ruike-hussar-p121-b","status":"publish","type":"product","link":"https:\/\/kingarms.ee\/lv\/product\/ruike-hussar-p121-b\/","title":{"rendered":"Ruike Hussar P121-B"},"content":{"rendered":"<p><img loading=\"lazy\" decoding=\"async\" class=\"alignnone size-medium wp-image-79344\" src=\"https:\/\/kingarms.ee\/wp-content\/uploads\/2023\/06\/title-1-300x300.jpg\" alt=\"\" width=\"300\" height=\"300\" srcset=\"https:\/\/kingarms.ee\/wp-content\/uploads\/2023\/06\/title-1-300x300.jpg 300w, https:\/\/kingarms.ee\/wp-content\/uploads\/2023\/06\/title-1-150x150.jpg 150w, https:\/\/kingarms.ee\/wp-content\/uploads\/2023\/06\/title-1-768x768.jpg 768w, https:\/\/kingarms.ee\/wp-content\/uploads\/2023\/06\/title-1-500x500.jpg 500w, https:\/\/kingarms.ee\/wp-content\/uploads\/2023\/06\/title-1.jpg 850w\" sizes=\"auto, (max-width: 300px) 100vw, 300px\" \/><\/p>\n","protected":false},"excerpt":{"rendered":"<p>Ruike Hussar P121-B ir viens no popul\u0101r\u0101kajiem un vislab\u0101k p\u0101rdotajiem na\u017eiem, pateicoties t\u0101 univers\u0101lumam un bezkompromisa kvalit\u0101tei. Tas ir \u013coti \u0113rts, pl\u0101ns un gar\u0161 griez\u012bgs nazis. Asmens ir izgatavots no Sandvik 14c28n t\u0113rauda un ir apr\u012bkots ar atbalsta lod\u012b\u0161u gultni ab\u0101s pus\u0113s. K\u0101 rokturis tiek izmantots G10 kompoz\u012bts ar pretsl\u012bdes apstr\u0101di apvienojum\u0101 ar 420 ner\u016bs\u0113jo\u0161o t\u0113raudu. Pieejams gan meln\u0101 (P121-B), gan ol\u012bvu za\u013c\u0101 (P121-G) roktur\u012b.    <\/p>\n","protected":false},"featured_media":132756,"template":"","meta":{"_acf_changed":false},"product_brand":[],"product_cat":[991],"product_tag":[],"class_list":{"0":"post-150097","1":"product","2":"type-product","3":"status-publish","4":"has-post-thumbnail","6":"product_cat-nazi","8":"first","9":"onbackorder","10":"taxable","11":"shipping-taxable","12":"product-type-simple"},"acf":[],"_links":{"self":[{"href":"https:\/\/kingarms.ee\/lv\/wp-json\/wp\/v2\/product\/150097","targetHints":{"allow":["GET"]}}],"collection":[{"href":"https:\/\/kingarms.ee\/lv\/wp-json\/wp\/v2\/product"}],"about":[{"href":"https:\/\/kingarms.ee\/lv\/wp-json\/wp\/v2\/types\/product"}],"wp:featuredmedia":[{"embeddable":true,"href":"https:\/\/kingarms.ee\/lv\/wp-json\/wp\/v2\/media\/132756"}],"wp:attachment":[{"href":"https:\/\/kingarms.ee\/lv\/wp-json\/wp\/v2\/media?parent=150097"}],"wp:term":[{"taxonomy":"product_brand","embeddable":true,"href":"https:\/\/kingarms.ee\/lv\/wp-json\/wp\/v2\/product_brand?post=150097"},{"taxonomy":"product_cat","embeddable":true,"href":"https:\/\/kingarms.ee\/lv\/wp-json\/wp\/v2\/product_cat?post=150097"},{"taxonomy":"product_tag","embeddable":true,"href":"https:\/\/kingarms.ee\/lv\/wp-json\/wp\/v2\/product_tag?post=150097"}],"curies":[{"name":"wp","href":"https:\/\/api.w.org\/{rel}","templated":true}]}}