{"id":150104,"date":"2023-05-24T18:56:42","date_gmt":"2025-05-25T14:59:50","guid":{"rendered":"https:\/\/kingarms.ee\/product\/headlamp-xhp50-x-balog\/"},"modified":"2025-05-25T17:59:50","modified_gmt":"2025-05-25T14:59:50","slug":"headlamp-xhp50-x-balog","status":"publish","type":"product","link":"https:\/\/kingarms.ee\/lv\/product\/headlamp-xhp50-x-balog\/","title":{"rendered":"Headlamp XHP50 (X-Balog)"},"content":{"rendered":"","protected":false},"excerpt":{"rendered":"<p>Headlamp XHP50 (X-Balog)<\/p>\n<p><span style=\"font-weight: 400;\">BL-T803-P50, slavenais X-Balog luktur\u012btis, ir paredz\u0113ts \u013coti da\u017e\u0101d\u0101m lietojumprogramm\u0101m. To var izmantot milit\u0101rpersonas, mednieki, dabas cien\u012bt\u0101ji, meh\u0101ni\u0137i, zvejnieki un m\u0101jas lieto\u0161ana. Apr\u012bkots ar augst\u0101k\u0101 l\u012bme\u0146a XHP50 LED. Diode XHP50 ir XM-L3-U3 popul\u0101r\u0101s diodes p\u0113ctecis. T\u0101 ir \u0101rk\u0101rt\u012bgi energoefekt\u012bva pusvad\u012bt\u0101ju diode ar \u013coti augstu un \u017eilbino\u0161u spilgtumu. Diodes dz\u012bve ir l\u012bdz 100 000 stund\u0101m. Diode XHP50 tiek izmantota tikai profesion\u0101l\u0101s ier\u012bc\u0113s un dod 2000 l\u016bmenus. Luktur\u012btis ir izgatavots no augstas stipr\u012bbas gaisa ku\u0123a klases alum\u012bnija sakaus\u0113juma un ABS plastmasas, ir iztur\u012bgs pret boj\u0101jumiem un skarbiem apst\u0101k\u013ciem. Baro\u0161anas avots ir 2 x 18650 3,7 V-4,2 V litija jonu akumulators (iek\u013cauts). Iekrau\u0161anai n\u0101k ar USB kabeli. Lukturim ir 3 gaismas re\u017e\u012bmi. Visos re\u017e\u012bmos ir pieejama t\u0101lummai\u0146a. Gaismas fokusa vienm\u0113r\u012bga piel\u0101go\u0161ana \u013cauj ieg\u016bt gan \u013coti platu gaismu, gan ar \u013coti asu gaismu, l\u012bdz 1000 metriem. Lukturim ir regul\u0113jams sl\u012bpuma le\u0146\u0137is (uz aug\u0161u\/uz leju). Tas ir apr\u012bkots ar 2 elast\u012bg\u0101m un regul\u0113jam\u0101m siksn\u0101m. Turkl\u0101t luktur\u012b\u0161a aizmugur\u0113 ir sarkana br\u012bdin\u0101juma gaisma. Pieg\u0101d\u0101ts: luktur\u012b\u0161a X-Balog BL-T803-P50 LCZ-030, 2 x 18650 akumulators, USB kabelis un ori\u0123in\u0101l\u0101 kaste.                <\/span><\/p>\n","protected":false},"featured_media":129229,"template":"","meta":{"_acf_changed":false},"product_brand":[],"product_cat":[1036],"product_tag":[],"class_list":{"0":"post-150104","1":"product","2":"type-product","3":"status-publish","4":"has-post-thumbnail","6":"product_cat-lukturi","8":"first","9":"instock","10":"taxable","11":"shipping-taxable","12":"purchasable","13":"product-type-simple"},"acf":[],"_links":{"self":[{"href":"https:\/\/kingarms.ee\/lv\/wp-json\/wp\/v2\/product\/150104","targetHints":{"allow":["GET"]}}],"collection":[{"href":"https:\/\/kingarms.ee\/lv\/wp-json\/wp\/v2\/product"}],"about":[{"href":"https:\/\/kingarms.ee\/lv\/wp-json\/wp\/v2\/types\/product"}],"wp:featuredmedia":[{"embeddable":true,"href":"https:\/\/kingarms.ee\/lv\/wp-json\/wp\/v2\/media\/129229"}],"wp:attachment":[{"href":"https:\/\/kingarms.ee\/lv\/wp-json\/wp\/v2\/media?parent=150104"}],"wp:term":[{"taxonomy":"product_brand","embeddable":true,"href":"https:\/\/kingarms.ee\/lv\/wp-json\/wp\/v2\/product_brand?post=150104"},{"taxonomy":"product_cat","embeddable":true,"href":"https:\/\/kingarms.ee\/lv\/wp-json\/wp\/v2\/product_cat?post=150104"},{"taxonomy":"product_tag","embeddable":true,"href":"https:\/\/kingarms.ee\/lv\/wp-json\/wp\/v2\/product_tag?post=150104"}],"curies":[{"name":"wp","href":"https:\/\/api.w.org\/{rel}","templated":true}]}}