{"id":150105,"date":"2023-05-23T17:59:56","date_gmt":"2023-05-23T14:59:56","guid":{"rendered":"https:\/\/kingarms.ee\/product\/gaisa-sautene-777sb-remington\/"},"modified":"2025-05-25T18:01:09","modified_gmt":"2025-05-25T15:01:09","slug":"gaisa-sautene-777sb-remington","status":"publish","type":"product","link":"https:\/\/kingarms.ee\/lv\/product\/gaisa-sautene-777sb-remington\/","title":{"rendered":"Gaisa \u0161autene 777SB (Remington)"},"content":{"rendered":"","protected":false},"excerpt":{"rendered":"<p>Gaisa \u0161autene 777SB (Remington)<\/p>\n<p><span style=\"font-family: Arial;\">Crosman Remington 777SB \u0161autene ir apr\u012bkota ar Nitro Mag virzuli, CenterPoint 4 \u00d7 32 teleskopiskiem un koka k\u0101tiem, kas piem\u0113roti gan labajai, gan kreisajai rokai.<\/span><span style=\"font-family: Arial;\"><br \/>\n<\/span><span style=\"font-family: Arial;\">Kalibrs: 4.5 mm (.177).<br \/>\n<\/span><span style=\"font-family: Arial;\">S\u0101kotn\u0113jais \u0101trums: 305 m \/ s.<br \/>\n<\/span><span style=\"font-family: Arial;\">Kalibrs: 4,5 mm (.177).<br \/>\n<\/span><span style=\"font-family: Arial;\">V\u012bt\u0101 t\u0113rauda muca ar drupin\u0101\u0161anu.<br \/>\n<\/span><span style=\"font-family: Arial;\">Koka gulta.<br \/>\n<\/span><span style=\"font-family: Arial;\">Regul\u0113jams spr\u016bda (divi l\u012bme\u0146i).<br \/>\n<\/span><span style=\"font-family: Arial;\">11 mm Balo\u017eu astes sloksne.<br \/>\n<\/span><span style=\"font-family: Arial;\">Nav m\u0113r\u0137a.<br \/>\n<\/span><span style=\"font-family: Arial;\">11 mm balo\u017eu josla.<br \/>\n<\/span><span style=\"font-family: Arial;\">Kogupikkus: 1130 mm<br \/>\n<\/span><span style=\"font-family: Arial;\">Kaal: 2,6 kg.<\/span><\/p>\n<p>NB!<\/p>\n<p> Skats nen\u0101k ar komplektu<\/p>\n<p>&nbsp;<\/p>\n","protected":false},"featured_media":129185,"template":"","meta":{"_acf_changed":false},"product_brand":[],"product_cat":[1004,1007],"product_tag":[],"class_list":{"0":"post-150105","1":"product","2":"type-product","3":"status-publish","4":"has-post-thumbnail","6":"product_cat-lidmasinas","7":"product_cat-snaipera-pistoles-lv","9":"first","10":"instock","11":"taxable","12":"shipping-taxable","13":"purchasable","14":"product-type-simple"},"acf":[],"_links":{"self":[{"href":"https:\/\/kingarms.ee\/lv\/wp-json\/wp\/v2\/product\/150105","targetHints":{"allow":["GET"]}}],"collection":[{"href":"https:\/\/kingarms.ee\/lv\/wp-json\/wp\/v2\/product"}],"about":[{"href":"https:\/\/kingarms.ee\/lv\/wp-json\/wp\/v2\/types\/product"}],"wp:featuredmedia":[{"embeddable":true,"href":"https:\/\/kingarms.ee\/lv\/wp-json\/wp\/v2\/media\/129185"}],"wp:attachment":[{"href":"https:\/\/kingarms.ee\/lv\/wp-json\/wp\/v2\/media?parent=150105"}],"wp:term":[{"taxonomy":"product_brand","embeddable":true,"href":"https:\/\/kingarms.ee\/lv\/wp-json\/wp\/v2\/product_brand?post=150105"},{"taxonomy":"product_cat","embeddable":true,"href":"https:\/\/kingarms.ee\/lv\/wp-json\/wp\/v2\/product_cat?post=150105"},{"taxonomy":"product_tag","embeddable":true,"href":"https:\/\/kingarms.ee\/lv\/wp-json\/wp\/v2\/product_tag?post=150105"}],"curies":[{"name":"wp","href":"https:\/\/api.w.org\/{rel}","templated":true}]}}