{"id":150107,"date":"2023-05-18T16:33:09","date_gmt":"2025-05-25T15:01:32","guid":{"rendered":"https:\/\/kingarms.ee\/product\/pirmas-palidzibas-pildijumi-27-partija\/"},"modified":"2025-05-25T18:01:32","modified_gmt":"2025-05-25T15:01:32","slug":"pirmas-palidzibas-pildijumi-27-partija","status":"publish","type":"product","link":"https:\/\/kingarms.ee\/lv\/product\/pirmas-palidzibas-pildijumi-27-partija\/","title":{"rendered":"Pirm\u0101s pal\u012bdz\u012bbas pild\u012bjumi &#8211; 27 partija"},"content":{"rendered":"<p><img loading=\"lazy\" decoding=\"async\" class=\"alignnone size-full wp-image-78495\" src=\"https:\/\/kingarms.ee\/wp-content\/uploads\/2023\/05\/27321.jpg\" alt=\"\" width=\"1200\" height=\"1200\" srcset=\"https:\/\/kingarms.ee\/wp-content\/uploads\/2023\/05\/27321.jpg 1200w, https:\/\/kingarms.ee\/wp-content\/uploads\/2023\/05\/27321-300x300.jpg 300w, https:\/\/kingarms.ee\/wp-content\/uploads\/2023\/05\/27321-1024x1024.jpg 1024w, https:\/\/kingarms.ee\/wp-content\/uploads\/2023\/05\/27321-150x150.jpg 150w, https:\/\/kingarms.ee\/wp-content\/uploads\/2023\/05\/27321-768x768.jpg 768w, https:\/\/kingarms.ee\/wp-content\/uploads\/2023\/05\/27321-500x500.jpg 500w\" sizes=\"auto, (max-width: 1200px) 100vw, 1200px\" \/><\/p>\n","protected":false},"excerpt":{"rendered":"<p>Pirm\u0101s pal\u012bdz\u012bbas pild\u012bjumi &#8211; 27 partija<\/p>\n<p>Piem\u0113rots motocikliem saska\u0146\u0101 ar DIN 13167<br \/>\nsast\u0101v no:<br \/>\n1 Adhesive apmetuma rullis 5 m x 2,5 cm din13019-a<br \/>\n4 br\u016b\u010du pl\u0101ksteri, elast\u012bgi, 10 x 6 cm din 13019<br \/>\n10 pirkstu pl\u0101ksteri, da\u017e\u0101di izm\u0113ri<br \/>\n1 Pirm\u0101s pal\u012bdz\u012bbas pakotne 8 x 10 cm din 13151 m<br \/>\n1 Pirm\u0101s pal\u012bdz\u012bbas pakotne 10 x 12 cm din 13151-g<br \/>\n1 Komunik\u0101cija, sterila, 60 x 80 cm DIN 13152-A<br \/>\n2 \u0100das t\u012br\u012b\u0161anas audi<br \/>\n4 vienreiz lietojami cimdi, lieli, din lv 455<br \/>\n1 Av\u0101rijas sega, sudrabs\/zelts, 210 x 160 cm<br \/>\n1 Pirm\u0101s pal\u012bdz\u012bbas \u0161\u0137\u0113res, DIN 58279<br \/>\n1 bro\u0161\u016bra, pirm\u0101s pal\u012bdz\u012bbas instrukcijas<br \/>\n\u0160\u0101d\u0101s valod\u0101s: en, de, gb, fr, it, es, pt<\/p>\n","protected":false},"featured_media":132018,"template":"","meta":{"_acf_changed":false},"product_brand":[],"product_cat":[1051],"product_tag":[],"class_list":{"0":"post-150107","1":"product","2":"type-product","3":"status-publish","4":"has-post-thumbnail","6":"product_cat-frist-palidziba","8":"first","9":"instock","10":"taxable","11":"shipping-taxable","12":"purchasable","13":"product-type-simple"},"acf":[],"_links":{"self":[{"href":"https:\/\/kingarms.ee\/lv\/wp-json\/wp\/v2\/product\/150107","targetHints":{"allow":["GET"]}}],"collection":[{"href":"https:\/\/kingarms.ee\/lv\/wp-json\/wp\/v2\/product"}],"about":[{"href":"https:\/\/kingarms.ee\/lv\/wp-json\/wp\/v2\/types\/product"}],"wp:featuredmedia":[{"embeddable":true,"href":"https:\/\/kingarms.ee\/lv\/wp-json\/wp\/v2\/media\/132018"}],"wp:attachment":[{"href":"https:\/\/kingarms.ee\/lv\/wp-json\/wp\/v2\/media?parent=150107"}],"wp:term":[{"taxonomy":"product_brand","embeddable":true,"href":"https:\/\/kingarms.ee\/lv\/wp-json\/wp\/v2\/product_brand?post=150107"},{"taxonomy":"product_cat","embeddable":true,"href":"https:\/\/kingarms.ee\/lv\/wp-json\/wp\/v2\/product_cat?post=150107"},{"taxonomy":"product_tag","embeddable":true,"href":"https:\/\/kingarms.ee\/lv\/wp-json\/wp\/v2\/product_tag?post=150107"}],"curies":[{"name":"wp","href":"https:\/\/api.w.org\/{rel}","templated":true}]}}