{"id":150113,"date":"2023-05-17T15:49:34","date_gmt":"2023-05-17T12:49:34","guid":{"rendered":"https:\/\/kingarms.ee\/product\/saliekamais-zagis-deluxe-melns\/"},"modified":"2025-05-25T18:06:34","modified_gmt":"2025-05-25T15:06:34","slug":"saliekamais-zagis-deluxe-melns","status":"publish","type":"product","link":"https:\/\/kingarms.ee\/lv\/product\/saliekamais-zagis-deluxe-melns\/","title":{"rendered":"Saliekamais z\u0101\u0123is,&#8221; Deluxe&#8221;, melns"},"content":{"rendered":"<p><img loading=\"lazy\" decoding=\"async\" class=\"alignnone size-full wp-image-78403\" src=\"https:\/\/kingarms.ee\/wp-content\/uploads\/2023\/05\/27082.jpg\" alt=\"\" width=\"1200\" height=\"1200\" srcset=\"https:\/\/kingarms.ee\/wp-content\/uploads\/2023\/05\/27082.jpg 1200w, https:\/\/kingarms.ee\/wp-content\/uploads\/2023\/05\/27082-300x300.jpg 300w, https:\/\/kingarms.ee\/wp-content\/uploads\/2023\/05\/27082-1024x1024.jpg 1024w, https:\/\/kingarms.ee\/wp-content\/uploads\/2023\/05\/27082-150x150.jpg 150w, https:\/\/kingarms.ee\/wp-content\/uploads\/2023\/05\/27082-768x768.jpg 768w, https:\/\/kingarms.ee\/wp-content\/uploads\/2023\/05\/27082-500x500.jpg 500w\" sizes=\"auto, (max-width: 1200px) 100vw, 1200px\" \/><\/p>\n","protected":false},"excerpt":{"rendered":"<p>Saliekamais z\u0101\u0123is,&#8221; Deluxe&#8221;, melns<\/p>\n<p>z\u0101\u0123a asmens ner\u016bs\u0113jo\u0161ais t\u0113rauds<br \/>\nnesl\u012bdo\u0161s, ar gumiju p\u0101rkl\u0101ts met\u0101la rokturis<br \/>\nz\u0101\u0123a asmens blo\u0137\u0113\u0161anas poga<br \/>\nneilona soma ar jostas cilpu<br \/>\nKop\u0113jais garums: apm. 41 cm<br \/>\nZ\u0101\u0123a asmens: apm. 19 cm<br \/>\nSvars ar maisu: apm. 390 g   <\/p>\n","protected":false},"featured_media":129021,"template":"","meta":{"_acf_changed":false},"product_brand":[],"product_cat":[1116],"product_tag":[],"class_list":{"0":"post-150113","1":"product","2":"type-product","3":"status-publish","4":"has-post-thumbnail","6":"product_cat-zagis","8":"first","9":"outofstock","10":"taxable","11":"shipping-taxable","12":"purchasable","13":"product-type-simple"},"acf":[],"_links":{"self":[{"href":"https:\/\/kingarms.ee\/lv\/wp-json\/wp\/v2\/product\/150113","targetHints":{"allow":["GET"]}}],"collection":[{"href":"https:\/\/kingarms.ee\/lv\/wp-json\/wp\/v2\/product"}],"about":[{"href":"https:\/\/kingarms.ee\/lv\/wp-json\/wp\/v2\/types\/product"}],"wp:featuredmedia":[{"embeddable":true,"href":"https:\/\/kingarms.ee\/lv\/wp-json\/wp\/v2\/media\/129021"}],"wp:attachment":[{"href":"https:\/\/kingarms.ee\/lv\/wp-json\/wp\/v2\/media?parent=150113"}],"wp:term":[{"taxonomy":"product_brand","embeddable":true,"href":"https:\/\/kingarms.ee\/lv\/wp-json\/wp\/v2\/product_brand?post=150113"},{"taxonomy":"product_cat","embeddable":true,"href":"https:\/\/kingarms.ee\/lv\/wp-json\/wp\/v2\/product_cat?post=150113"},{"taxonomy":"product_tag","embeddable":true,"href":"https:\/\/kingarms.ee\/lv\/wp-json\/wp\/v2\/product_tag?post=150113"}],"curies":[{"name":"wp","href":"https:\/\/api.w.org\/{rel}","templated":true}]}}