{"id":150114,"date":"2023-05-17T15:46:51","date_gmt":"2025-05-25T15:06:52","guid":{"rendered":"https:\/\/kingarms.ee\/product\/rokas-zagis-2-zaga-asmeni-apvalks-ar-jostas-skavu\/"},"modified":"2025-05-25T18:06:52","modified_gmt":"2025-05-25T15:06:52","slug":"rokas-zagis-2-zaga-asmeni-apvalks-ar-jostas-skavu","status":"publish","type":"product","link":"https:\/\/kingarms.ee\/lv\/product\/rokas-zagis-2-zaga-asmeni-apvalks-ar-jostas-skavu\/","title":{"rendered":"Rokas z\u0101\u0123is, 2 z\u0101\u0123a asme\u0146i, apvalks ar jostas skavu"},"content":{"rendered":"<p><img loading=\"lazy\" decoding=\"async\" class=\"alignnone size-full wp-image-78383\" src=\"https:\/\/kingarms.ee\/wp-content\/uploads\/2023\/05\/27081.jpg\" alt=\"\" width=\"1200\" height=\"1200\" srcset=\"https:\/\/kingarms.ee\/wp-content\/uploads\/2023\/05\/27081.jpg 1200w, https:\/\/kingarms.ee\/wp-content\/uploads\/2023\/05\/27081-300x300.jpg 300w, https:\/\/kingarms.ee\/wp-content\/uploads\/2023\/05\/27081-1024x1024.jpg 1024w, https:\/\/kingarms.ee\/wp-content\/uploads\/2023\/05\/27081-150x150.jpg 150w, https:\/\/kingarms.ee\/wp-content\/uploads\/2023\/05\/27081-768x768.jpg 768w, https:\/\/kingarms.ee\/wp-content\/uploads\/2023\/05\/27081-500x500.jpg 500w\" sizes=\"auto, (max-width: 1200px) 100vw, 1200px\" \/><\/p>\n","protected":false},"excerpt":{"rendered":"<p>Rokas z\u0101\u0123is, 2 z\u0101\u0123a asme\u0146i, apvalks ar jostas skavu<\/p>\n<p>ergonomiskas formas plastmasas rokturis ar cilpi\u0146u<br \/>\n1 z\u0101\u0123a asmens ar rupjiem zobiem apm. 20 cm<br \/>\n1 z\u0101\u0123a asmens ar smalkiem zobiem apm. 16 cm<br \/>\nasin\u0101ti un saciet\u0113ju\u0161i zobi<br \/>\nmain\u0101ms tikai ar 2 skr\u016bv\u0113m<br \/>\nuzgrie\u017e\u0146u atsl\u0113ga, otr\u0101 z\u0101\u0123a asmens, dro\u0161\u012bbas josta un<br \/>\nregul\u0113jams jostas klips, kas iek\u013cauts korpus\u0101<br \/>\nKop\u0113jais garums: apm. 30-35 cm<br \/>\nSvars ar apvalku: apm. 290 g    <\/p>\n","protected":false},"featured_media":129005,"template":"","meta":{"_acf_changed":false},"product_brand":[],"product_cat":[1116],"product_tag":[],"class_list":{"0":"post-150114","1":"product","2":"type-product","3":"status-publish","4":"has-post-thumbnail","6":"product_cat-zagis","8":"first","9":"instock","10":"taxable","11":"shipping-taxable","12":"purchasable","13":"product-type-simple"},"acf":[],"_links":{"self":[{"href":"https:\/\/kingarms.ee\/lv\/wp-json\/wp\/v2\/product\/150114","targetHints":{"allow":["GET"]}}],"collection":[{"href":"https:\/\/kingarms.ee\/lv\/wp-json\/wp\/v2\/product"}],"about":[{"href":"https:\/\/kingarms.ee\/lv\/wp-json\/wp\/v2\/types\/product"}],"wp:featuredmedia":[{"embeddable":true,"href":"https:\/\/kingarms.ee\/lv\/wp-json\/wp\/v2\/media\/129005"}],"wp:attachment":[{"href":"https:\/\/kingarms.ee\/lv\/wp-json\/wp\/v2\/media?parent=150114"}],"wp:term":[{"taxonomy":"product_brand","embeddable":true,"href":"https:\/\/kingarms.ee\/lv\/wp-json\/wp\/v2\/product_brand?post=150114"},{"taxonomy":"product_cat","embeddable":true,"href":"https:\/\/kingarms.ee\/lv\/wp-json\/wp\/v2\/product_cat?post=150114"},{"taxonomy":"product_tag","embeddable":true,"href":"https:\/\/kingarms.ee\/lv\/wp-json\/wp\/v2\/product_tag?post=150114"}],"curies":[{"name":"wp","href":"https:\/\/api.w.org\/{rel}","templated":true}]}}