{"id":150115,"date":"2023-05-17T15:43:18","date_gmt":"2025-05-25T15:07:13","guid":{"rendered":"https:\/\/kingarms.ee\/product\/saliekamais-zagis-od-zals-melns\/"},"modified":"2025-05-25T18:07:13","modified_gmt":"2025-05-25T15:07:13","slug":"saliekamais-zagis-od-zals-melns","status":"publish","type":"product","link":"https:\/\/kingarms.ee\/lv\/product\/saliekamais-zagis-od-zals-melns\/","title":{"rendered":"Saliekamais z\u0101\u0123is, OD za\u013c\u0161-melns"},"content":{"rendered":"<p><img loading=\"lazy\" decoding=\"async\" class=\"alignnone size-full wp-image-78371\" src=\"https:\/\/kingarms.ee\/wp-content\/uploads\/2023\/05\/27080.jpg\" alt=\"\" width=\"1200\" height=\"1200\" srcset=\"https:\/\/kingarms.ee\/wp-content\/uploads\/2023\/05\/27080.jpg 1200w, https:\/\/kingarms.ee\/wp-content\/uploads\/2023\/05\/27080-300x300.jpg 300w, https:\/\/kingarms.ee\/wp-content\/uploads\/2023\/05\/27080-1024x1024.jpg 1024w, https:\/\/kingarms.ee\/wp-content\/uploads\/2023\/05\/27080-150x150.jpg 150w, https:\/\/kingarms.ee\/wp-content\/uploads\/2023\/05\/27080-768x768.jpg 768w, https:\/\/kingarms.ee\/wp-content\/uploads\/2023\/05\/27080-500x500.jpg 500w\" sizes=\"auto, (max-width: 1200px) 100vw, 1200px\" \/><\/p>\n","protected":false},"excerpt":{"rendered":"<p>Saliekamais z\u0101\u0123is, OD za\u013c\u0161-melns<\/p>\n<p>izliekta z\u0101\u0123a asmens no r\u016bd\u012bta instrumentu t\u0113rauda<br \/>\nnesl\u012bdo\u0161s, ar gumiju p\u0101rkl\u0101ts Plastmasas rokturis<br \/>\nz\u0101\u0123a asmens blo\u0137\u0113\u0161anas poga<br \/>\ncilpa roktura gal\u0101<br \/>\nKop\u0113jais garums: apm. 37 cm<br \/>\nZ\u0101\u0123a asmens: apm. 17 cm<br \/>\nSvars: apm. 190 g   <\/p>\n","protected":false},"featured_media":129000,"template":"","meta":{"_acf_changed":false},"product_brand":[],"product_cat":[1116],"product_tag":[],"class_list":{"0":"post-150115","1":"product","2":"type-product","3":"status-publish","4":"has-post-thumbnail","6":"product_cat-zagis","8":"first","9":"instock","10":"taxable","11":"shipping-taxable","12":"purchasable","13":"product-type-simple"},"acf":[],"_links":{"self":[{"href":"https:\/\/kingarms.ee\/lv\/wp-json\/wp\/v2\/product\/150115","targetHints":{"allow":["GET"]}}],"collection":[{"href":"https:\/\/kingarms.ee\/lv\/wp-json\/wp\/v2\/product"}],"about":[{"href":"https:\/\/kingarms.ee\/lv\/wp-json\/wp\/v2\/types\/product"}],"wp:featuredmedia":[{"embeddable":true,"href":"https:\/\/kingarms.ee\/lv\/wp-json\/wp\/v2\/media\/129000"}],"wp:attachment":[{"href":"https:\/\/kingarms.ee\/lv\/wp-json\/wp\/v2\/media?parent=150115"}],"wp:term":[{"taxonomy":"product_brand","embeddable":true,"href":"https:\/\/kingarms.ee\/lv\/wp-json\/wp\/v2\/product_brand?post=150115"},{"taxonomy":"product_cat","embeddable":true,"href":"https:\/\/kingarms.ee\/lv\/wp-json\/wp\/v2\/product_cat?post=150115"},{"taxonomy":"product_tag","embeddable":true,"href":"https:\/\/kingarms.ee\/lv\/wp-json\/wp\/v2\/product_tag?post=150115"}],"curies":[{"name":"wp","href":"https:\/\/api.w.org\/{rel}","templated":true}]}}