{"id":150116,"date":"2023-05-17T15:39:36","date_gmt":"2025-05-25T15:08:15","guid":{"rendered":"https:\/\/kingarms.ee\/product\/daudzfunkcionals-komplekts-6-viena\/"},"modified":"2025-05-25T18:08:15","modified_gmt":"2025-05-25T15:08:15","slug":"daudzfunkcionals-komplekts-6-viena","status":"publish","type":"product","link":"https:\/\/kingarms.ee\/lv\/product\/daudzfunkcionals-komplekts-6-viena\/","title":{"rendered":"Daudzfunkcion\u0101ls komplekts, 6 vien\u0101"},"content":{"rendered":"<p><img loading=\"lazy\" decoding=\"async\" class=\"alignnone size-full wp-image-78347\" src=\"https:\/\/kingarms.ee\/wp-content\/uploads\/2023\/05\/27037.jpg\" alt=\"\" width=\"1200\" height=\"1200\" srcset=\"https:\/\/kingarms.ee\/wp-content\/uploads\/2023\/05\/27037.jpg 1200w, https:\/\/kingarms.ee\/wp-content\/uploads\/2023\/05\/27037-300x300.jpg 300w, https:\/\/kingarms.ee\/wp-content\/uploads\/2023\/05\/27037-1024x1024.jpg 1024w, https:\/\/kingarms.ee\/wp-content\/uploads\/2023\/05\/27037-150x150.jpg 150w, https:\/\/kingarms.ee\/wp-content\/uploads\/2023\/05\/27037-768x768.jpg 768w, https:\/\/kingarms.ee\/wp-content\/uploads\/2023\/05\/27037-500x500.jpg 500w\" sizes=\"auto, (max-width: 1200px) 100vw, 1200px\" \/><\/p>\n","protected":false},"excerpt":{"rendered":"<p>Daudzfunkcion\u0101ls komplekts, 6 vien\u0101<\/p>\n<p>6 instrumenti, kas var b\u016bt \u0101tri un viegli<br \/>\nuzst\u0101d\u012bts uz vienas Univers\u0101l\u0101s v\u0101rpstas:<br \/>\ncirvis, l\u0101psta, z\u0101\u0123is, nazis ar pudeli un k\u0101rbu atv\u0113r\u0113ju<br \/>\ntransporta soma ar jostas cilpu<br \/>\nGraudu izm\u0113rs: apm. 17 x 12 cm<br \/>\nKop\u0113jais garums: apm. 36-53 cm<br \/>\nIepakojuma izm\u0113rs: apm. 34 x 12 x 5 cm<br \/>\nSvars ar maisu: apm. 940 g    <\/p>\n","protected":false},"featured_media":132010,"template":"","meta":{"_acf_changed":false},"product_brand":[],"product_cat":[1117,1119],"product_tag":[],"class_list":{"0":"post-150116","1":"product","2":"type-product","3":"status-publish","4":"has-post-thumbnail","6":"product_cat-celojuma-nazi","7":"product_cat-celojumu-preces","9":"first","10":"instock","11":"taxable","12":"shipping-taxable","13":"purchasable","14":"product-type-simple"},"acf":[],"_links":{"self":[{"href":"https:\/\/kingarms.ee\/lv\/wp-json\/wp\/v2\/product\/150116","targetHints":{"allow":["GET"]}}],"collection":[{"href":"https:\/\/kingarms.ee\/lv\/wp-json\/wp\/v2\/product"}],"about":[{"href":"https:\/\/kingarms.ee\/lv\/wp-json\/wp\/v2\/types\/product"}],"wp:featuredmedia":[{"embeddable":true,"href":"https:\/\/kingarms.ee\/lv\/wp-json\/wp\/v2\/media\/132010"}],"wp:attachment":[{"href":"https:\/\/kingarms.ee\/lv\/wp-json\/wp\/v2\/media?parent=150116"}],"wp:term":[{"taxonomy":"product_brand","embeddable":true,"href":"https:\/\/kingarms.ee\/lv\/wp-json\/wp\/v2\/product_brand?post=150116"},{"taxonomy":"product_cat","embeddable":true,"href":"https:\/\/kingarms.ee\/lv\/wp-json\/wp\/v2\/product_cat?post=150116"},{"taxonomy":"product_tag","embeddable":true,"href":"https:\/\/kingarms.ee\/lv\/wp-json\/wp\/v2\/product_tag?post=150116"}],"curies":[{"name":"wp","href":"https:\/\/api.w.org\/{rel}","templated":true}]}}