{"id":150117,"date":"2023-05-17T15:27:15","date_gmt":"2025-05-25T15:08:35","guid":{"rendered":"https:\/\/kingarms.ee\/product\/mini-saliekamo-lapstu-komplekts-3-1-mfh\/"},"modified":"2025-05-25T18:08:35","modified_gmt":"2025-05-25T15:08:35","slug":"mini-saliekamo-lapstu-komplekts-3-1-mfh","status":"publish","type":"product","link":"https:\/\/kingarms.ee\/lv\/product\/mini-saliekamo-lapstu-komplekts-3-1-mfh\/","title":{"rendered":"Mini saliekamo l\u0101pstu komplekts, 3\/1-MFH"},"content":{"rendered":"<p><img loading=\"lazy\" decoding=\"async\" class=\"alignnone size-full wp-image-78327\" src=\"https:\/\/kingarms.ee\/wp-content\/uploads\/2023\/05\/27036.jpg\" alt=\"\" width=\"1200\" height=\"1200\" srcset=\"https:\/\/kingarms.ee\/wp-content\/uploads\/2023\/05\/27036.jpg 1200w, https:\/\/kingarms.ee\/wp-content\/uploads\/2023\/05\/27036-300x300.jpg 300w, https:\/\/kingarms.ee\/wp-content\/uploads\/2023\/05\/27036-1024x1024.jpg 1024w, https:\/\/kingarms.ee\/wp-content\/uploads\/2023\/05\/27036-150x150.jpg 150w, https:\/\/kingarms.ee\/wp-content\/uploads\/2023\/05\/27036-768x768.jpg 768w, https:\/\/kingarms.ee\/wp-content\/uploads\/2023\/05\/27036-500x500.jpg 500w\" sizes=\"auto, (max-width: 1200px) 100vw, 1200px\" \/><\/p>\n","protected":false},"excerpt":{"rendered":"<p>Mini saliekamo l\u0101pstu komplekts, 3\/1-MFH<\/p>\n<p>asmens un pak\u0101piens ar zobainu malu vien\u0101 pus\u0113<br \/>\nSkr\u016bves sl\u0113dzene salok\u0101ma<br \/>\natsevi\u0161\u0137a loc\u012b\u0161anas pickaxe<br \/>\nizjaukta v\u0101rpsta ar Pretsl\u012bdes gumijas p\u0101rkl\u0101jumu<br \/>\np\u0101rn\u0113s\u0101\u0161anas soma ar jostas cilpu<br \/>\nGraudu izm\u0113rs: apm. 13 x 9.5 cm<br \/>\nKop\u0113jais garums: apm. 41 cm<br \/>\nIepakojuma izm\u0113rs: apm. 16 x 10 x 6.5 cm<br \/>\nSvars ar korpusu: apm. 540 g    <\/p>\n","protected":false},"featured_media":130843,"template":"","meta":{"_acf_changed":false},"product_brand":[],"product_cat":[1117,1119],"product_tag":[],"class_list":{"0":"post-150117","1":"product","2":"type-product","3":"status-publish","4":"has-post-thumbnail","6":"product_cat-celojuma-nazi","7":"product_cat-celojumu-preces","9":"first","10":"instock","11":"taxable","12":"shipping-taxable","13":"purchasable","14":"product-type-simple"},"acf":[],"_links":{"self":[{"href":"https:\/\/kingarms.ee\/lv\/wp-json\/wp\/v2\/product\/150117","targetHints":{"allow":["GET"]}}],"collection":[{"href":"https:\/\/kingarms.ee\/lv\/wp-json\/wp\/v2\/product"}],"about":[{"href":"https:\/\/kingarms.ee\/lv\/wp-json\/wp\/v2\/types\/product"}],"wp:featuredmedia":[{"embeddable":true,"href":"https:\/\/kingarms.ee\/lv\/wp-json\/wp\/v2\/media\/130843"}],"wp:attachment":[{"href":"https:\/\/kingarms.ee\/lv\/wp-json\/wp\/v2\/media?parent=150117"}],"wp:term":[{"taxonomy":"product_brand","embeddable":true,"href":"https:\/\/kingarms.ee\/lv\/wp-json\/wp\/v2\/product_brand?post=150117"},{"taxonomy":"product_cat","embeddable":true,"href":"https:\/\/kingarms.ee\/lv\/wp-json\/wp\/v2\/product_cat?post=150117"},{"taxonomy":"product_tag","embeddable":true,"href":"https:\/\/kingarms.ee\/lv\/wp-json\/wp\/v2\/product_tag?post=150117"}],"curies":[{"name":"wp","href":"https:\/\/api.w.org\/{rel}","templated":true}]}}