{"id":150118,"date":"2023-05-17T15:19:34","date_gmt":"2025-05-25T15:08:55","guid":{"rendered":"https:\/\/kingarms.ee\/product\/mini-saliekama-lapsta-mfh\/"},"modified":"2025-05-25T18:08:55","modified_gmt":"2025-05-25T15:08:55","slug":"mini-saliekama-lapsta-mfh","status":"publish","type":"product","link":"https:\/\/kingarms.ee\/lv\/product\/mini-saliekama-lapsta-mfh\/","title":{"rendered":"Mini saliekam\u0101 l\u0101psta-MFH"},"content":{"rendered":"<p><img loading=\"lazy\" decoding=\"async\" class=\"alignnone size-full wp-image-78315\" src=\"https:\/\/kingarms.ee\/wp-content\/uploads\/2023\/05\/27034.jpg\" alt=\"\" width=\"1200\" height=\"1200\" srcset=\"https:\/\/kingarms.ee\/wp-content\/uploads\/2023\/05\/27034.jpg 1200w, https:\/\/kingarms.ee\/wp-content\/uploads\/2023\/05\/27034-300x300.jpg 300w, https:\/\/kingarms.ee\/wp-content\/uploads\/2023\/05\/27034-1024x1024.jpg 1024w, https:\/\/kingarms.ee\/wp-content\/uploads\/2023\/05\/27034-150x150.jpg 150w, https:\/\/kingarms.ee\/wp-content\/uploads\/2023\/05\/27034-768x768.jpg 768w, https:\/\/kingarms.ee\/wp-content\/uploads\/2023\/05\/27034-500x500.jpg 500w\" sizes=\"auto, (max-width: 1200px) 100vw, 1200px\" \/><\/p>\n","protected":false},"excerpt":{"rendered":"<p>Mini saliekam\u0101 l\u0101psta-MFH<\/p>\n<p>\u012bpa\u0161i kompakta saliekam\u0101 l\u0101psta<br \/>\nrokturis un asmens izgatavots no iztur\u012bga t\u0113rauda<br \/>\nizmanto ar\u012b k\u0101 kapli<br \/>\nasmens un pak\u0101piens ar zobainu malu vien\u0101 pus\u0113<br \/>\nSkr\u016bves sl\u0113dzene salok\u0101ma<br \/>\np\u0101rn\u0113s\u0101\u0161anas soma ar jostas cilpu<br \/>\nGraudu izm\u0113rs: apm. 15.5 x 11 cm<br \/>\nKop\u0113jais garums: apm. 47 cm<br \/>\nIepakojuma izm\u0113rs: apm. 20 x 13 x 5 cm<br \/>\nSvars ar korpusu: apm. 680 g    <\/p>\n","protected":false},"featured_media":128959,"template":"","meta":{"_acf_changed":false},"product_brand":[],"product_cat":[1117,1119],"product_tag":[],"class_list":{"0":"post-150118","1":"product","2":"type-product","3":"status-publish","4":"has-post-thumbnail","6":"product_cat-celojuma-nazi","7":"product_cat-celojumu-preces","9":"first","10":"instock","11":"taxable","12":"shipping-taxable","13":"purchasable","14":"product-type-simple"},"acf":[],"_links":{"self":[{"href":"https:\/\/kingarms.ee\/lv\/wp-json\/wp\/v2\/product\/150118","targetHints":{"allow":["GET"]}}],"collection":[{"href":"https:\/\/kingarms.ee\/lv\/wp-json\/wp\/v2\/product"}],"about":[{"href":"https:\/\/kingarms.ee\/lv\/wp-json\/wp\/v2\/types\/product"}],"wp:featuredmedia":[{"embeddable":true,"href":"https:\/\/kingarms.ee\/lv\/wp-json\/wp\/v2\/media\/128959"}],"wp:attachment":[{"href":"https:\/\/kingarms.ee\/lv\/wp-json\/wp\/v2\/media?parent=150118"}],"wp:term":[{"taxonomy":"product_brand","embeddable":true,"href":"https:\/\/kingarms.ee\/lv\/wp-json\/wp\/v2\/product_brand?post=150118"},{"taxonomy":"product_cat","embeddable":true,"href":"https:\/\/kingarms.ee\/lv\/wp-json\/wp\/v2\/product_cat?post=150118"},{"taxonomy":"product_tag","embeddable":true,"href":"https:\/\/kingarms.ee\/lv\/wp-json\/wp\/v2\/product_tag?post=150118"}],"curies":[{"name":"wp","href":"https:\/\/api.w.org\/{rel}","templated":true}]}}