{"id":150119,"date":"2023-05-17T14:25:18","date_gmt":"2025-05-25T15:09:17","guid":{"rendered":"https:\/\/kingarms.ee\/product\/saliekama-lapsta-ar-koka-rokturi-mfh\/"},"modified":"2025-05-25T18:09:17","modified_gmt":"2025-05-25T15:09:17","slug":"saliekama-lapsta-ar-koka-rokturi-mfh","status":"publish","type":"product","link":"https:\/\/kingarms.ee\/lv\/product\/saliekama-lapsta-ar-koka-rokturi-mfh\/","title":{"rendered":"Saliekam\u0101 l\u0101psta ar koka rokturi-MFH"},"content":{"rendered":"<p><img loading=\"lazy\" decoding=\"async\" class=\"alignnone size-full wp-image-78301\" src=\"https:\/\/kingarms.ee\/wp-content\/uploads\/2023\/05\/27030.jpg\" alt=\"\" width=\"1200\" height=\"1200\" srcset=\"https:\/\/kingarms.ee\/wp-content\/uploads\/2023\/05\/27030.jpg 1200w, https:\/\/kingarms.ee\/wp-content\/uploads\/2023\/05\/27030-300x300.jpg 300w, https:\/\/kingarms.ee\/wp-content\/uploads\/2023\/05\/27030-1024x1024.jpg 1024w, https:\/\/kingarms.ee\/wp-content\/uploads\/2023\/05\/27030-150x150.jpg 150w, https:\/\/kingarms.ee\/wp-content\/uploads\/2023\/05\/27030-768x768.jpg 768w, https:\/\/kingarms.ee\/wp-content\/uploads\/2023\/05\/27030-500x500.jpg 500w\" sizes=\"auto, (max-width: 1200px) 100vw, 1200px\" \/><\/p>\n","protected":false},"excerpt":{"rendered":"<p>Saliekam\u0101 l\u0101psta ar koka rokturi-MFH<\/p>\n<p>asmens un pak\u0101piens ar zobainu malu vien\u0101 pus\u0113<br \/>\nsalok\u0101ms ar atsperes sl\u0113dzeni<br \/>\np\u0101rn\u0113s\u0101\u0161anas soma ar jostas cilpu<br \/>\nGraudu izm\u0113rs: apm. 21 x 15.5 cm<br \/>\nKop\u0113jais garums: apm. 60 cm<br \/>\nGarums saloc\u012bt\u0101 veid\u0101: apm. 40 cm<br \/>\nSvars ar korpusu: apm. 800 g    <\/p>\n","protected":false},"featured_media":128950,"template":"","meta":{"_acf_changed":false},"product_brand":[],"product_cat":[1117,1119],"product_tag":[],"class_list":{"0":"post-150119","1":"product","2":"type-product","3":"status-publish","4":"has-post-thumbnail","6":"product_cat-celojuma-nazi","7":"product_cat-celojumu-preces","9":"first","10":"instock","11":"taxable","12":"shipping-taxable","13":"purchasable","14":"product-type-simple"},"acf":[],"_links":{"self":[{"href":"https:\/\/kingarms.ee\/lv\/wp-json\/wp\/v2\/product\/150119","targetHints":{"allow":["GET"]}}],"collection":[{"href":"https:\/\/kingarms.ee\/lv\/wp-json\/wp\/v2\/product"}],"about":[{"href":"https:\/\/kingarms.ee\/lv\/wp-json\/wp\/v2\/types\/product"}],"wp:featuredmedia":[{"embeddable":true,"href":"https:\/\/kingarms.ee\/lv\/wp-json\/wp\/v2\/media\/128950"}],"wp:attachment":[{"href":"https:\/\/kingarms.ee\/lv\/wp-json\/wp\/v2\/media?parent=150119"}],"wp:term":[{"taxonomy":"product_brand","embeddable":true,"href":"https:\/\/kingarms.ee\/lv\/wp-json\/wp\/v2\/product_brand?post=150119"},{"taxonomy":"product_cat","embeddable":true,"href":"https:\/\/kingarms.ee\/lv\/wp-json\/wp\/v2\/product_cat?post=150119"},{"taxonomy":"product_tag","embeddable":true,"href":"https:\/\/kingarms.ee\/lv\/wp-json\/wp\/v2\/product_tag?post=150119"}],"curies":[{"name":"wp","href":"https:\/\/api.w.org\/{rel}","templated":true}]}}