{"id":150121,"date":"2023-05-17T14:10:56","date_gmt":"2025-05-25T15:09:52","guid":{"rendered":"https:\/\/kingarms.ee\/product\/rokas-zagis-stiprs-mfh\/"},"modified":"2025-05-25T18:09:52","modified_gmt":"2025-05-25T15:09:52","slug":"rokas-zagis-stiprs-mfh","status":"publish","type":"product","link":"https:\/\/kingarms.ee\/lv\/product\/rokas-zagis-stiprs-mfh\/","title":{"rendered":"Rokas z\u0101\u0123is (stiprs) &#8211; MFH"},"content":{"rendered":"<p><img loading=\"lazy\" decoding=\"async\" class=\"alignnone size-full wp-image-78276\" src=\"https:\/\/kingarms.ee\/wp-content\/uploads\/2023\/05\/27088.jpg\" alt=\"\" width=\"1200\" height=\"1200\" srcset=\"https:\/\/kingarms.ee\/wp-content\/uploads\/2023\/05\/27088.jpg 1200w, https:\/\/kingarms.ee\/wp-content\/uploads\/2023\/05\/27088-300x300.jpg 300w, https:\/\/kingarms.ee\/wp-content\/uploads\/2023\/05\/27088-1024x1024.jpg 1024w, https:\/\/kingarms.ee\/wp-content\/uploads\/2023\/05\/27088-150x150.jpg 150w, https:\/\/kingarms.ee\/wp-content\/uploads\/2023\/05\/27088-768x768.jpg 768w, https:\/\/kingarms.ee\/wp-content\/uploads\/2023\/05\/27088-500x500.jpg 500w\" sizes=\"auto, (max-width: 1200px) 100vw, 1200px\" \/><\/p>\n","protected":false},"excerpt":{"rendered":"<p>Rokas z\u0101\u0123is (stiprs) &#8211; MFH<\/p>\n<p>elast\u012bgi knied\u0113tas met\u0101la saites ar<br \/>\nr\u016bd\u012bti zobi<br \/>\nergonomiskas formas plastmasas rokturi<br \/>\ntransporta soma ar auklu<br \/>\nKop\u0113jais garums: apm. 118 cm<br \/>\nGrie\u0161anas garums: apm. 72 cm<br \/>\nSvars ar maisu: apm. 220 g   <\/p>\n","protected":false},"featured_media":130929,"template":"","meta":{"_acf_changed":false},"product_brand":[],"product_cat":[1119,1116],"product_tag":[],"class_list":{"0":"post-150121","1":"product","2":"type-product","3":"status-publish","4":"has-post-thumbnail","6":"product_cat-celojumu-preces","7":"product_cat-zagis","9":"first","10":"instock","11":"taxable","12":"shipping-taxable","13":"purchasable","14":"product-type-simple"},"acf":[],"_links":{"self":[{"href":"https:\/\/kingarms.ee\/lv\/wp-json\/wp\/v2\/product\/150121","targetHints":{"allow":["GET"]}}],"collection":[{"href":"https:\/\/kingarms.ee\/lv\/wp-json\/wp\/v2\/product"}],"about":[{"href":"https:\/\/kingarms.ee\/lv\/wp-json\/wp\/v2\/types\/product"}],"wp:featuredmedia":[{"embeddable":true,"href":"https:\/\/kingarms.ee\/lv\/wp-json\/wp\/v2\/media\/130929"}],"wp:attachment":[{"href":"https:\/\/kingarms.ee\/lv\/wp-json\/wp\/v2\/media?parent=150121"}],"wp:term":[{"taxonomy":"product_brand","embeddable":true,"href":"https:\/\/kingarms.ee\/lv\/wp-json\/wp\/v2\/product_brand?post=150121"},{"taxonomy":"product_cat","embeddable":true,"href":"https:\/\/kingarms.ee\/lv\/wp-json\/wp\/v2\/product_cat?post=150121"},{"taxonomy":"product_tag","embeddable":true,"href":"https:\/\/kingarms.ee\/lv\/wp-json\/wp\/v2\/product_tag?post=150121"}],"curies":[{"name":"wp","href":"https:\/\/api.w.org\/{rel}","templated":true}]}}