{"id":150122,"date":"2023-05-24T19:48:40","date_gmt":"2025-05-25T15:10:29","guid":{"rendered":"https:\/\/kingarms.ee\/product\/galvenais-lukturis-xc80\/"},"modified":"2025-05-25T18:10:29","modified_gmt":"2025-05-25T15:10:29","slug":"galvenais-lukturis-xc80","status":"publish","type":"product","link":"https:\/\/kingarms.ee\/lv\/product\/galvenais-lukturis-xc80\/","title":{"rendered":"Galvenais lukturis XC80"},"content":{"rendered":"","protected":false},"excerpt":{"rendered":"<p>Galvenais lukturis XC80<\/p>\n<p><span style=\"font-weight: 400;\">\u0112rti valk\u0101t, viegli piel\u0101got! \u0160is lukturis ir apr\u012bkots ar augstas kvalit\u0101tes elast\u012bgu siksnu, kas ir viegli valk\u0101jama un no\u0146emama, nevis b\u012bd\u0101ma, kas ir piem\u0113rota gan pieaugu\u0161ajiem, gan b\u0113rniem. Gaismeklis ir apr\u012bkots ar m\u012bkstu gumiju, lai tas \u0113rti s\u0113d\u0113tu uz galvas.  <\/span><\/p>\n<p>&nbsp;<\/p>\n<p><span style=\"font-weight: 400;\">Tehniskie dati:<\/span><\/p>\n<p><span style=\"font-weight: 400;\">Materi\u0101ls: alum\u012bnija sakaus\u0113juma lukturis + elast\u012bga galvas saite<\/span><\/p>\n<p><span style=\"font-weight: 400;\">LED tips: T6, XPE<\/span><\/p>\n<p><span style=\"font-weight: 400;\">Spilgtums: 5000 l\u016bmeni<\/span><\/p>\n<p><span style=\"font-weight: 400;\">Re\u017e\u012bmi: T\u0101l\u0101s gaismas, S\u0101nu gaismas, visas gaismas diodes, SOS zibspuldzes lampa<\/span><\/p>\n<p><span style=\"font-weight: 400;\">Akumulatora tips: 18650<\/span><\/p>\n<p><span style=\"font-weight: 400;\">\u016adens iztur\u012bba: IPX4<\/span><\/p>\n<p><span style=\"font-weight: 400;\">Apgaismojuma att\u0101lums: ne vair\u0101k k\u0101 100 metri<\/span><\/p>\n<p><span style=\"font-weight: 400;\">Uzl\u0101des laiks: 3-4 stundas<\/span><\/p>\n<p><span style=\"font-weight: 400;\">Darba laiks: 4-6 stundas<\/span><\/p>\n<p>&nbsp;<\/p>\n<p><span style=\"font-weight: 400;\">Iepakojuma saturs:<\/span><\/p>\n<p><span style=\"font-weight: 400;\">1 x galvenais lukturis<\/span><\/p>\n<p><span style=\"font-weight: 400;\">1x USB Kabelis<\/span><\/p>\n<p><span style=\"font-weight: 400;\">2 x 18650 baterijas<\/span><\/p>\n<p><span style=\"font-weight: 400;\">1 x USB sienas adapteris<\/span><\/p>\n","protected":false},"featured_media":129243,"template":"","meta":{"_acf_changed":false},"product_brand":[],"product_cat":[1036],"product_tag":[],"class_list":{"0":"post-150122","1":"product","2":"type-product","3":"status-publish","4":"has-post-thumbnail","6":"product_cat-lukturi","8":"first","9":"instock","10":"taxable","11":"shipping-taxable","12":"purchasable","13":"product-type-simple"},"acf":[],"_links":{"self":[{"href":"https:\/\/kingarms.ee\/lv\/wp-json\/wp\/v2\/product\/150122","targetHints":{"allow":["GET"]}}],"collection":[{"href":"https:\/\/kingarms.ee\/lv\/wp-json\/wp\/v2\/product"}],"about":[{"href":"https:\/\/kingarms.ee\/lv\/wp-json\/wp\/v2\/types\/product"}],"wp:featuredmedia":[{"embeddable":true,"href":"https:\/\/kingarms.ee\/lv\/wp-json\/wp\/v2\/media\/129243"}],"wp:attachment":[{"href":"https:\/\/kingarms.ee\/lv\/wp-json\/wp\/v2\/media?parent=150122"}],"wp:term":[{"taxonomy":"product_brand","embeddable":true,"href":"https:\/\/kingarms.ee\/lv\/wp-json\/wp\/v2\/product_brand?post=150122"},{"taxonomy":"product_cat","embeddable":true,"href":"https:\/\/kingarms.ee\/lv\/wp-json\/wp\/v2\/product_cat?post=150122"},{"taxonomy":"product_tag","embeddable":true,"href":"https:\/\/kingarms.ee\/lv\/wp-json\/wp\/v2\/product_tag?post=150122"}],"curies":[{"name":"wp","href":"https:\/\/api.w.org\/{rel}","templated":true}]}}