{"id":150123,"date":"2023-05-17T14:04:59","date_gmt":"2025-05-25T15:13:48","guid":{"rendered":"https:\/\/kingarms.ee\/product\/rokas-zagis-mfh\/"},"modified":"2025-05-25T18:13:48","modified_gmt":"2025-05-25T15:13:48","slug":"rokas-zagis-mfh","status":"publish","type":"product","link":"https:\/\/kingarms.ee\/lv\/product\/rokas-zagis-mfh\/","title":{"rendered":"Rokas z\u0101\u0123is-MFH"},"content":{"rendered":"<p><img loading=\"lazy\" decoding=\"async\" class=\"alignnone size-full wp-image-78268\" src=\"https:\/\/kingarms.ee\/wp-content\/uploads\/2023\/05\/27085.jpg\" alt=\"\" width=\"1200\" height=\"1200\" srcset=\"https:\/\/kingarms.ee\/wp-content\/uploads\/2023\/05\/27085.jpg 1200w, https:\/\/kingarms.ee\/wp-content\/uploads\/2023\/05\/27085-300x300.jpg 300w, https:\/\/kingarms.ee\/wp-content\/uploads\/2023\/05\/27085-1024x1024.jpg 1024w, https:\/\/kingarms.ee\/wp-content\/uploads\/2023\/05\/27085-150x150.jpg 150w, https:\/\/kingarms.ee\/wp-content\/uploads\/2023\/05\/27085-768x768.jpg 768w, https:\/\/kingarms.ee\/wp-content\/uploads\/2023\/05\/27085-500x500.jpg 500w\" sizes=\"auto, (max-width: 1200px) 100vw, 1200px\" \/><\/p>\n","protected":false},"excerpt":{"rendered":"<p>Rokas z\u0101\u0123is-MFH<\/p>\n<p>\u012apa\u0161a stieples br\u016bce 8 reizes<br \/>\nmet\u0101la gredzeni ar rot\u0113jo\u0161\u0101m sait\u0113m<br \/>\nStieples diametrs: apm. 1,5 mm<br \/>\nGredzena diametrs iek\u0161pus\u0113: apm. 25 mm<br \/>\nKop\u0113jais garums: apm. 60 cm<br \/>\nGrie\u0161anas garums: apm. 51 cm<br \/>\nSvars: apm. 20 g     <\/p>\n","protected":false},"featured_media":130840,"template":"","meta":{"_acf_changed":false},"product_brand":[],"product_cat":[1119,1116],"product_tag":[],"class_list":{"0":"post-150123","1":"product","2":"type-product","3":"status-publish","4":"has-post-thumbnail","6":"product_cat-celojumu-preces","7":"product_cat-zagis","9":"first","10":"instock","11":"taxable","12":"shipping-taxable","13":"purchasable","14":"product-type-simple"},"acf":[],"_links":{"self":[{"href":"https:\/\/kingarms.ee\/lv\/wp-json\/wp\/v2\/product\/150123","targetHints":{"allow":["GET"]}}],"collection":[{"href":"https:\/\/kingarms.ee\/lv\/wp-json\/wp\/v2\/product"}],"about":[{"href":"https:\/\/kingarms.ee\/lv\/wp-json\/wp\/v2\/types\/product"}],"wp:featuredmedia":[{"embeddable":true,"href":"https:\/\/kingarms.ee\/lv\/wp-json\/wp\/v2\/media\/130840"}],"wp:attachment":[{"href":"https:\/\/kingarms.ee\/lv\/wp-json\/wp\/v2\/media?parent=150123"}],"wp:term":[{"taxonomy":"product_brand","embeddable":true,"href":"https:\/\/kingarms.ee\/lv\/wp-json\/wp\/v2\/product_brand?post=150123"},{"taxonomy":"product_cat","embeddable":true,"href":"https:\/\/kingarms.ee\/lv\/wp-json\/wp\/v2\/product_cat?post=150123"},{"taxonomy":"product_tag","embeddable":true,"href":"https:\/\/kingarms.ee\/lv\/wp-json\/wp\/v2\/product_tag?post=150123"}],"curies":[{"name":"wp","href":"https:\/\/api.w.org\/{rel}","templated":true}]}}