{"id":150124,"date":"2023-05-07T12:17:39","date_gmt":"2025-05-25T15:14:28","guid":{"rendered":"https:\/\/kingarms.ee\/product\/dzemperis-remington\/"},"modified":"2025-05-25T18:14:28","modified_gmt":"2025-05-25T15:14:28","slug":"dzemperis-remington","status":"publish","type":"product","link":"https:\/\/kingarms.ee\/lv\/product\/dzemperis-remington\/","title":{"rendered":"D\u017eemperis (Remington)"},"content":{"rendered":"","protected":false},"excerpt":{"rendered":"<p>D\u017eemperis (Remington)<\/p>\n<p><span style=\"font-weight: 400;\">Milit\u0101r\u0101 stila p\u0101rsegs ir izgatavots no m\u012bksta auduma ar siltuma saglab\u0101\u0161anas funkciju. Tam ir pla\u0161s griezums, kas nodro\u0161ina p\u0101rvieto\u0161an\u0101s br\u012bv\u012bbu visu veidu aktivit\u0101t\u0113s. Ide\u0101li piem\u0113rots gan v\u012brie\u0161iem, gan sieviet\u0113m. Druka tiek izmantota atbilsto\u0161i visiem m\u016bsdienu standartiem un izgatavota ar augstas kvalit\u0101tes kr\u0101s\u0101m. Pat ar bie\u017eu mazg\u0101\u0161anu druka paliek tikpat spilgta un skaidra k\u0101 jauna. M\u016bsdien\u012bgi materi\u0101li un apr\u012bkojums, augstas kvalit\u0101tes piederumi. Ziemas p\u0101rsegs aizsarg\u0101 gan no saules, gan aukstuma.      <\/span><\/p>\n<table style=\"height: 288px;\" width=\"325\">\n<tbody>\n<tr>\n<td><span style=\"font-weight: 400;\">S<\/span><\/td>\n<td><span style=\"font-weight: 400;\">46\/48<\/span><\/td>\n<td><span style=\"font-weight: 400;\">176cm\/190cm<\/span><\/td>\n<\/tr>\n<tr>\n<td><span style=\"font-weight: 400;\">M<\/span><\/td>\n<td><span style=\"font-weight: 400;\">48\/50<\/span><\/td>\n<td><span style=\"font-weight: 400;\">176cm\/190cm<\/span><\/td>\n<\/tr>\n<tr>\n<td><span style=\"font-weight: 400;\">L<\/span><\/td>\n<td><span style=\"font-weight: 400;\"> 50\/52<\/span><\/td>\n<td><span style=\"font-weight: 400;\">176cm\/190cm<\/span><\/td>\n<\/tr>\n<tr>\n<td><span style=\"font-weight: 400;\">XL<\/span><\/td>\n<td><span style=\"font-weight: 400;\">52\/54<\/span><\/td>\n<td><span style=\"font-weight: 400;\">176cm\/190cm<\/span><\/td>\n<\/tr>\n<tr>\n<td><span style=\"font-weight: 400;\">XXL<\/span><\/td>\n<td><span style=\"font-weight: 400;\">54\/56<\/span><\/td>\n<td><span style=\"font-weight: 400;\">176cm\/190cm<\/span><\/td>\n<\/tr>\n<\/tbody>\n<\/table>\n","protected":false},"featured_media":132707,"template":"","meta":{"_acf_changed":false},"product_brand":[],"product_cat":[1071,1075],"product_tag":[],"class_list":{"0":"post-150124","1":"product","2":"type-product","3":"status-publish","4":"has-post-thumbnail","6":"product_cat-apvalks","7":"product_cat-clothes-footwear-lv","9":"first","10":"instock","11":"sale","12":"taxable","13":"shipping-taxable","14":"purchasable","15":"product-type-simple"},"acf":[],"_links":{"self":[{"href":"https:\/\/kingarms.ee\/lv\/wp-json\/wp\/v2\/product\/150124","targetHints":{"allow":["GET"]}}],"collection":[{"href":"https:\/\/kingarms.ee\/lv\/wp-json\/wp\/v2\/product"}],"about":[{"href":"https:\/\/kingarms.ee\/lv\/wp-json\/wp\/v2\/types\/product"}],"wp:featuredmedia":[{"embeddable":true,"href":"https:\/\/kingarms.ee\/lv\/wp-json\/wp\/v2\/media\/132707"}],"wp:attachment":[{"href":"https:\/\/kingarms.ee\/lv\/wp-json\/wp\/v2\/media?parent=150124"}],"wp:term":[{"taxonomy":"product_brand","embeddable":true,"href":"https:\/\/kingarms.ee\/lv\/wp-json\/wp\/v2\/product_brand?post=150124"},{"taxonomy":"product_cat","embeddable":true,"href":"https:\/\/kingarms.ee\/lv\/wp-json\/wp\/v2\/product_cat?post=150124"},{"taxonomy":"product_tag","embeddable":true,"href":"https:\/\/kingarms.ee\/lv\/wp-json\/wp\/v2\/product_tag?post=150124"}],"curies":[{"name":"wp","href":"https:\/\/api.w.org\/{rel}","templated":true}]}}