{"id":150131,"date":"2023-04-23T19:07:01","date_gmt":"2025-05-25T15:17:14","guid":{"rendered":"https:\/\/kingarms.ee\/product\/kal-20-gun-tirisanas-komplekts-remington-2\/"},"modified":"2025-05-25T18:17:14","modified_gmt":"2025-05-25T15:17:14","slug":"kal-20-gun-tirisanas-komplekts-remington-2","status":"publish","type":"product","link":"https:\/\/kingarms.ee\/lv\/product\/kal-20-gun-tirisanas-komplekts-remington-2\/","title":{"rendered":"Kal. 20 gun t\u012br\u012b\u0161anas komplekts (Remington)"},"content":{"rendered":"","protected":false},"excerpt":{"rendered":"<p>Kal. 20 gun t\u012br\u012b\u0161anas komplekts (Remington) <\/p>\n<p><span style=\"font-weight: 400;\">Remington &#8220;Universal&#8221; iero\u010du t\u012br\u012b\u0161anas komplekts (kal. 20) ir funkcion\u0101la un praktiska iesp\u0113ja med\u012bb\u0101m.<\/span><\/p>\n<p><b>Iestatiet: <\/b><\/p>\n<ul>\n<li style=\"font-weight: 400;\" aria-level=\"1\"><span style=\"font-weight: 400;\">Taisna suka, kas izgatavota no dab\u012bgiem sariem<\/span><\/li>\n<li style=\"font-weight: 400;\" aria-level=\"1\"><span style=\"font-weight: 400;\">Komplekt\u0101 ietilpst:<\/span><\/li>\n<li style=\"font-weight: 400;\" aria-level=\"1\"><span style=\"font-weight: 400;\">Kop\u0161anas birste<\/span><\/li>\n<li style=\"font-weight: 400;\" aria-level=\"1\"><span style=\"font-weight: 400;\">Filca plerkster<\/span><\/li>\n<li style=\"font-weight: 400;\" aria-level=\"1\"><span style=\"font-weight: 400;\">Komplekt\u0101 ietilpst: <\/span><\/li>\n<\/ul>\n<p><b>OTSIKUD:<\/b><\/p>\n<ul>\n<li style=\"font-weight: 400;\" aria-level=\"1\"><span style=\"font-weight: 400;\">Puhv<\/span><\/li>\n<li style=\"font-weight: 400;\" aria-level=\"1\"><span style=\"font-weight: 400;\">Sprauslas:<\/span><\/li>\n<li style=\"font-weight: 400;\" aria-level=\"1\"><span style=\"font-weight: 400;\">2x ze\u0137es <\/span><\/li>\n<\/ul>\n<p><span style=\"font-weight: 400;\">K\u00f5ik komplekti elemendid on valmistatud kvaliteetsetest materjalidest.<\/span><\/p>\n","protected":false},"featured_media":132446,"template":"","meta":{"_acf_changed":false},"product_brand":[],"product_cat":[1012],"product_tag":[],"class_list":{"0":"post-150131","1":"product","2":"type-product","3":"status-publish","4":"has-post-thumbnail","6":"product_cat-ierocu-uzturesana","8":"first","9":"instock","10":"taxable","11":"shipping-taxable","12":"purchasable","13":"product-type-simple"},"acf":[],"_links":{"self":[{"href":"https:\/\/kingarms.ee\/lv\/wp-json\/wp\/v2\/product\/150131","targetHints":{"allow":["GET"]}}],"collection":[{"href":"https:\/\/kingarms.ee\/lv\/wp-json\/wp\/v2\/product"}],"about":[{"href":"https:\/\/kingarms.ee\/lv\/wp-json\/wp\/v2\/types\/product"}],"wp:featuredmedia":[{"embeddable":true,"href":"https:\/\/kingarms.ee\/lv\/wp-json\/wp\/v2\/media\/132446"}],"wp:attachment":[{"href":"https:\/\/kingarms.ee\/lv\/wp-json\/wp\/v2\/media?parent=150131"}],"wp:term":[{"taxonomy":"product_brand","embeddable":true,"href":"https:\/\/kingarms.ee\/lv\/wp-json\/wp\/v2\/product_brand?post=150131"},{"taxonomy":"product_cat","embeddable":true,"href":"https:\/\/kingarms.ee\/lv\/wp-json\/wp\/v2\/product_cat?post=150131"},{"taxonomy":"product_tag","embeddable":true,"href":"https:\/\/kingarms.ee\/lv\/wp-json\/wp\/v2\/product_tag?post=150131"}],"curies":[{"name":"wp","href":"https:\/\/api.w.org\/{rel}","templated":true}]}}