{"id":150134,"date":"2023-04-23T17:34:06","date_gmt":"2025-05-25T15:17:56","guid":{"rendered":"https:\/\/kingarms.ee\/product\/lkw-9-6-gun-tirisanas-komplekts\/"},"modified":"2025-05-25T18:17:56","modified_gmt":"2025-05-25T15:17:56","slug":"lkw-9-6-gun-tirisanas-komplekts","status":"publish","type":"product","link":"https:\/\/kingarms.ee\/lv\/product\/lkw-9-6-gun-tirisanas-komplekts\/","title":{"rendered":"LKW-9.6 gun t\u012br\u012b\u0161anas komplekts"},"content":{"rendered":"","protected":false},"excerpt":{"rendered":"<p>LKW-9.6 gun t\u012br\u012b\u0161anas komplekts<\/p>\n<p><span style=\"font-weight: 400;\">Oglek\u013ca dioks\u012bda, kv\u0113pu, r\u016bsas utt.no rok\u0101m vai med\u012bbu iero\u010diem. \u0160is komplekts ir \u013coti kompakts izm\u0113rs, tas ir paredz\u0113ts 9,6 kalibra Iero\u010du t\u012br\u012b\u0161anai. Nodro\u0161ina lieliskus t\u012br\u012b\u0161anas rezult\u0101tus. Tas ir praktisks, viegli lietojams un iztur\u012bgs.    <\/span><\/p>\n<p><b>Iestatiet iETILPST:<\/b><\/p>\n<ul>\n<li style=\"font-weight: 400;\" aria-level=\"1\"><span style=\"font-weight: 400;\">Puhv<\/span><\/li>\n<li style=\"font-weight: 400;\" aria-level=\"1\"><span style=\"font-weight: 400;\">Bufete<\/span><\/li>\n<li style=\"font-weight: 400;\" aria-level=\"1\"><span style=\"font-weight: 400;\">Harjastega metallhari <\/span><\/li>\n<li style=\"font-weight: 400;\" aria-level=\"1\"><span style=\"font-weight: 400;\">Kolmeosaline terasest ramrod<\/span><\/li>\n<\/ul>\n","protected":false},"featured_media":128524,"template":"","meta":{"_acf_changed":false},"product_brand":[],"product_cat":[1012],"product_tag":[],"class_list":{"0":"post-150134","1":"product","2":"type-product","3":"status-publish","4":"has-post-thumbnail","6":"product_cat-ierocu-uzturesana","8":"first","9":"instock","10":"taxable","11":"shipping-taxable","12":"purchasable","13":"product-type-simple"},"acf":[],"_links":{"self":[{"href":"https:\/\/kingarms.ee\/lv\/wp-json\/wp\/v2\/product\/150134","targetHints":{"allow":["GET"]}}],"collection":[{"href":"https:\/\/kingarms.ee\/lv\/wp-json\/wp\/v2\/product"}],"about":[{"href":"https:\/\/kingarms.ee\/lv\/wp-json\/wp\/v2\/types\/product"}],"wp:featuredmedia":[{"embeddable":true,"href":"https:\/\/kingarms.ee\/lv\/wp-json\/wp\/v2\/media\/128524"}],"wp:attachment":[{"href":"https:\/\/kingarms.ee\/lv\/wp-json\/wp\/v2\/media?parent=150134"}],"wp:term":[{"taxonomy":"product_brand","embeddable":true,"href":"https:\/\/kingarms.ee\/lv\/wp-json\/wp\/v2\/product_brand?post=150134"},{"taxonomy":"product_cat","embeddable":true,"href":"https:\/\/kingarms.ee\/lv\/wp-json\/wp\/v2\/product_cat?post=150134"},{"taxonomy":"product_tag","embeddable":true,"href":"https:\/\/kingarms.ee\/lv\/wp-json\/wp\/v2\/product_tag?post=150134"}],"curies":[{"name":"wp","href":"https:\/\/api.w.org\/{rel}","templated":true}]}}