{"id":150136,"date":"2023-05-24T19:35:41","date_gmt":"2025-05-25T15:18:37","guid":{"rendered":"https:\/\/kingarms.ee\/product\/headlamp-cree-t6\/"},"modified":"2025-05-25T18:18:37","modified_gmt":"2025-05-25T15:18:37","slug":"headlamp-cree-t6","status":"publish","type":"product","link":"https:\/\/kingarms.ee\/lv\/product\/headlamp-cree-t6\/","title":{"rendered":"Headlamp Cree T6"},"content":{"rendered":"","protected":false},"excerpt":{"rendered":"<p>Headlamp Cree T6<\/p>\n<p>Izejas gaisma var sasniegt l\u012bdz 3000 l\u016bmeniem<\/p>\n<p>Iek\u0161\u0113j\u0101 elektroinstal\u0101cija izmanto efekt\u012bvu pastiprin\u0101t\u0101ja \u0137\u0113di, Darba spriegums ir pla\u0161s un var izmantot baterijas visliel\u0101kaj\u0101 m\u0113r\u0101<\/p>\n<p>Hidroizol\u0101cijas dizains (var izmantot \u0101rpus telp\u0101m, bet to nevar ievietot \u016bden\u012b, tas nav paredz\u0113ts nir\u0161anai)<\/p>\n<p>Katram galvenajam lukturim ir regul\u0113jama pamatne ar sl\u012bpumu uz priek\u0161u un atpaka\u013c<\/p>\n<p>Galvenais lukturis CREE XM-L T6<\/p>\n<p>LED Modelis: 3x CREE XM-L T6<\/p>\n<p>Izejas gaisma var sasniegt lalugdz 3000 lalugmeniem<\/p>\n<p>Sisemine juhtmestik v\u00f5tab kasutusele t\u00f5husa v\u00f5imendiahela, t\u00f6\u00f6pinge on lai ja saab k\u00f5ige rohkem kasutada patareisid<\/p>\n<p>Hidroizol\u0101cijas dizains<\/p>\n<p>Katram galvenajam lukturim ir regulargjama pamatne ar slumberpumu uz priek\u0161u un atpaka.<\/p>\n<p>Vienas pogas sl\u0113dzis: 1x Cree XM-L T6 \/ 2x Cree XM-l T6 \/ 3x Cree XM-L T6 \/ Strobe<\/p>\n<p>Nepiecie\u0161ams akumulatora modelis: 2 x 18650 3.7 V 4200 mAh neaizsarg\u0101ts akumulators (iek\u013cauts akumulator\u0101)<\/p>\n","protected":false},"featured_media":132172,"template":"","meta":{"_acf_changed":false},"product_brand":[],"product_cat":[1036],"product_tag":[],"class_list":{"0":"post-150136","1":"product","2":"type-product","3":"status-publish","4":"has-post-thumbnail","6":"product_cat-lukturi","8":"first","9":"instock","10":"taxable","11":"shipping-taxable","12":"purchasable","13":"product-type-simple"},"acf":[],"_links":{"self":[{"href":"https:\/\/kingarms.ee\/lv\/wp-json\/wp\/v2\/product\/150136","targetHints":{"allow":["GET"]}}],"collection":[{"href":"https:\/\/kingarms.ee\/lv\/wp-json\/wp\/v2\/product"}],"about":[{"href":"https:\/\/kingarms.ee\/lv\/wp-json\/wp\/v2\/types\/product"}],"wp:featuredmedia":[{"embeddable":true,"href":"https:\/\/kingarms.ee\/lv\/wp-json\/wp\/v2\/media\/132172"}],"wp:attachment":[{"href":"https:\/\/kingarms.ee\/lv\/wp-json\/wp\/v2\/media?parent=150136"}],"wp:term":[{"taxonomy":"product_brand","embeddable":true,"href":"https:\/\/kingarms.ee\/lv\/wp-json\/wp\/v2\/product_brand?post=150136"},{"taxonomy":"product_cat","embeddable":true,"href":"https:\/\/kingarms.ee\/lv\/wp-json\/wp\/v2\/product_cat?post=150136"},{"taxonomy":"product_tag","embeddable":true,"href":"https:\/\/kingarms.ee\/lv\/wp-json\/wp\/v2\/product_tag?post=150136"}],"curies":[{"name":"wp","href":"https:\/\/api.w.org\/{rel}","templated":true}]}}