{"id":150146,"date":"2023-04-12T18:42:30","date_gmt":"2025-05-25T15:24:28","guid":{"rendered":"https:\/\/kingarms.ee\/product\/aot-m-regulators-fenix\/"},"modified":"2025-05-25T18:24:28","modified_gmt":"2025-05-25T15:24:28","slug":"aot-m-regulators-fenix","status":"publish","type":"product","link":"https:\/\/kingarms.ee\/lv\/product\/aot-m-regulators-fenix\/","title":{"rendered":"AOT-m regulators (Fenix)"},"content":{"rendered":"<p><img loading=\"lazy\" decoding=\"async\" class=\"alignnone size-full wp-image-77102\" src=\"https:\/\/kingarms.ee\/wp-content\/uploads\/2023\/04\/1-2.jpg\" alt=\"\" width=\"850\" height=\"850\" srcset=\"https:\/\/kingarms.ee\/wp-content\/uploads\/2023\/04\/1-2.jpg 850w, https:\/\/kingarms.ee\/wp-content\/uploads\/2023\/04\/1-2-300x300.jpg 300w, https:\/\/kingarms.ee\/wp-content\/uploads\/2023\/04\/1-2-150x150.jpg 150w, https:\/\/kingarms.ee\/wp-content\/uploads\/2023\/04\/1-2-768x768.jpg 768w, https:\/\/kingarms.ee\/wp-content\/uploads\/2023\/04\/1-2-500x500.jpg 500w\" sizes=\"auto, (max-width: 850px) 100vw, 850px\" \/><\/p>\n","protected":false},"excerpt":{"rendered":"<p>AOT-m regulators (Fenix)<\/p>\n<p>Fenix AOT-m Sarkanais z\u0101\u0123is ir paredz\u0113ts, lai sniegtu pazi\u0146ojumus tums\u0101 satiksmes regulatoru darb\u0101. Izgatavots no augstas kvalit\u0101tes temperat\u016bras un triecieniztur\u012bgas plastmasas. <\/p>\n<p>Piem\u0113rots Fenix (un citiem ra\u017eot\u0101jiem) luktur\u012b\u0161iem ar galvas diametru 34 mm.<\/p>\n","protected":false},"featured_media":128319,"template":"","meta":{"_acf_changed":false},"product_brand":[],"product_cat":[1037],"product_tag":[],"class_list":{"0":"post-150146","1":"product","2":"type-product","3":"status-publish","4":"has-post-thumbnail","6":"product_cat-lukturisi","8":"first","9":"instock","10":"taxable","11":"shipping-taxable","12":"purchasable","13":"product-type-simple"},"acf":[],"_links":{"self":[{"href":"https:\/\/kingarms.ee\/lv\/wp-json\/wp\/v2\/product\/150146","targetHints":{"allow":["GET"]}}],"collection":[{"href":"https:\/\/kingarms.ee\/lv\/wp-json\/wp\/v2\/product"}],"about":[{"href":"https:\/\/kingarms.ee\/lv\/wp-json\/wp\/v2\/types\/product"}],"wp:featuredmedia":[{"embeddable":true,"href":"https:\/\/kingarms.ee\/lv\/wp-json\/wp\/v2\/media\/128319"}],"wp:attachment":[{"href":"https:\/\/kingarms.ee\/lv\/wp-json\/wp\/v2\/media?parent=150146"}],"wp:term":[{"taxonomy":"product_brand","embeddable":true,"href":"https:\/\/kingarms.ee\/lv\/wp-json\/wp\/v2\/product_brand?post=150146"},{"taxonomy":"product_cat","embeddable":true,"href":"https:\/\/kingarms.ee\/lv\/wp-json\/wp\/v2\/product_cat?post=150146"},{"taxonomy":"product_tag","embeddable":true,"href":"https:\/\/kingarms.ee\/lv\/wp-json\/wp\/v2\/product_tag?post=150146"}],"curies":[{"name":"wp","href":"https:\/\/api.w.org\/{rel}","templated":true}]}}