{"id":150151,"date":"2023-04-06T16:22:28","date_gmt":"2023-04-06T13:22:28","guid":{"rendered":"https:\/\/kingarms.ee\/product\/deltapoint-micro-3-moa-glock-leupold\/"},"modified":"2025-05-25T18:26:01","modified_gmt":"2025-05-25T15:26:01","slug":"deltapoint-micro-3-moa-glock-leupold","status":"publish","type":"product","link":"https:\/\/kingarms.ee\/lv\/product\/deltapoint-micro-3-moa-glock-leupold\/","title":{"rendered":"DeltaPoint Micro 3 MOA Glock (Leupold)"},"content":{"rendered":"<p><img loading=\"lazy\" decoding=\"async\" class=\"alignnone size-full wp-image-76891\" src=\"https:\/\/kingarms.ee\/wp-content\/uploads\/2023\/04\/leupold-deltapoint-micro-3-moa-glock-collimator-93619a888f6c427e84f85b0a8a5f07a9-9cdbe160.jpg\" alt=\"\" width=\"900\" height=\"900\" srcset=\"https:\/\/kingarms.ee\/wp-content\/uploads\/2023\/04\/leupold-deltapoint-micro-3-moa-glock-collimator-93619a888f6c427e84f85b0a8a5f07a9-9cdbe160.jpg 900w, https:\/\/kingarms.ee\/wp-content\/uploads\/2023\/04\/leupold-deltapoint-micro-3-moa-glock-collimator-93619a888f6c427e84f85b0a8a5f07a9-9cdbe160-300x300.jpg 300w, https:\/\/kingarms.ee\/wp-content\/uploads\/2023\/04\/leupold-deltapoint-micro-3-moa-glock-collimator-93619a888f6c427e84f85b0a8a5f07a9-9cdbe160-150x150.jpg 150w, https:\/\/kingarms.ee\/wp-content\/uploads\/2023\/04\/leupold-deltapoint-micro-3-moa-glock-collimator-93619a888f6c427e84f85b0a8a5f07a9-9cdbe160-768x768.jpg 768w, https:\/\/kingarms.ee\/wp-content\/uploads\/2023\/04\/leupold-deltapoint-micro-3-moa-glock-collimator-93619a888f6c427e84f85b0a8a5f07a9-9cdbe160-500x500.jpg 500w\" sizes=\"auto, (max-width: 900px) 100vw, 900px\" \/><\/p>\n","protected":false},"excerpt":{"rendered":"<p>DeltaPoint Micro 3 MOA Glock (Leupold) 3 MOA Glock ir revolucion\u0101rs zema profila kolimators, kas paredz\u0113ts sl\u0113ptiem iero\u010diem un individu\u0101lajiem aizsardz\u012bbas l\u012bdzek\u013ciem.<\/p>\n<p>DeltaPoint Micro 3 MOA iez\u012bmes:<\/p>\n<p>\u012apa\u0161i zems profils-t\u0113meklis ir uzst\u0101d\u012bts tie\u0161i uz s\u0113\u017eamvietas, nevis redzesloka, padarot t\u0101 lieto\u0161anu \u013coti intuit\u012bvu un viegl\u0101k nosl\u0113pjamu.<br \/>\nSL\u0112GTA diode-diode ir pasl\u0113pta alum\u012bnija korpus\u0101, kas to aizsarg\u0101 no mitruma, net\u012brumiem un boj\u0101jumiem.<br \/>\n\u0100tra un vienk\u0101r\u0161a uzst\u0101d\u012b\u0161ana &#8211; kolimators ir uzst\u0101d\u012bts t\u0113m\u0113k\u013cu fr\u0113z\u0113\u0161anas slot\u0101, t\u0101p\u0113c nav nepiecie\u0161ams sl\u012bp\u0113t s\u0113\u017eamvietu un ieg\u0101d\u0101ties papildu augstus meh\u0101niskos instrumentus.<br \/>\n3 MOA punkti-optim\u0101la izm\u0113ra m\u0113r\u0137a punkts ar regul\u0113jamu spilgtuma l\u012bmeni<br \/>\nR\u016bpn\u012bcas tauri\u0146u savietojams kolimators-kolimatora aizmugur\u0113 ir 2 ap\u013cveida griez\u0113ji, kas darbojas k\u0101 meh\u0101nisks skats, kad akumulators ir izl\u0101d\u0113jies.<br \/>\nPiem\u0113rots izv\u0113l\u0113tiem Glock gen 3-5 mode\u013ciem<\/p>\n<p>Spot kr\u0101sa sarkana<br \/>\n\u0160\u016bnu baro\u0161anas avots CR1632 akumulators (3V)<br \/>\nKorpusa materi\u0101ls anod\u0113ts duralum\u012bns<br \/>\nMaksim\u0101l\u0101 vertik\u0101l\u0101 (augstuma) regul\u0113\u0161ana [MOA]. 100<br \/>\nMaksim\u0101l\u0101 horizont\u0101l\u0101 (apr\u012bkojuma) regul\u0113\u0161ana [MOA]. 180<br \/>\nShift piln\u0101 rot\u0101cij\u0101 [MOA]. 18<br \/>\nDot izm\u0113rs [MOA]. 3<br \/>\nKop\u0113jais garums [mm]. 57<br \/>\nSvars [g] 31<br \/>\nPlatums [mm] 32<br \/>\nRa\u017eot\u0101js Leupold, ASV    <\/p>\n","protected":false},"featured_media":128179,"template":"","meta":{"_acf_changed":false},"product_brand":[],"product_cat":[1031],"product_tag":[],"class_list":{"0":"post-150151","1":"product","2":"type-product","3":"status-publish","4":"has-post-thumbnail","6":"product_cat-sarkana-vieta","8":"first","9":"instock","10":"taxable","11":"shipping-taxable","12":"purchasable","13":"product-type-simple"},"acf":[],"_links":{"self":[{"href":"https:\/\/kingarms.ee\/lv\/wp-json\/wp\/v2\/product\/150151","targetHints":{"allow":["GET"]}}],"collection":[{"href":"https:\/\/kingarms.ee\/lv\/wp-json\/wp\/v2\/product"}],"about":[{"href":"https:\/\/kingarms.ee\/lv\/wp-json\/wp\/v2\/types\/product"}],"wp:featuredmedia":[{"embeddable":true,"href":"https:\/\/kingarms.ee\/lv\/wp-json\/wp\/v2\/media\/128179"}],"wp:attachment":[{"href":"https:\/\/kingarms.ee\/lv\/wp-json\/wp\/v2\/media?parent=150151"}],"wp:term":[{"taxonomy":"product_brand","embeddable":true,"href":"https:\/\/kingarms.ee\/lv\/wp-json\/wp\/v2\/product_brand?post=150151"},{"taxonomy":"product_cat","embeddable":true,"href":"https:\/\/kingarms.ee\/lv\/wp-json\/wp\/v2\/product_cat?post=150151"},{"taxonomy":"product_tag","embeddable":true,"href":"https:\/\/kingarms.ee\/lv\/wp-json\/wp\/v2\/product_tag?post=150151"}],"curies":[{"name":"wp","href":"https:\/\/api.w.org\/{rel}","templated":true}]}}