{"id":150152,"date":"2023-03-28T15:52:42","date_gmt":"2025-05-25T15:26:24","guid":{"rendered":"https:\/\/kingarms.ee\/product\/gaisa-pistole-co2-4-5-mm-bruni-pistoles\/"},"modified":"2025-05-25T18:26:24","modified_gmt":"2025-05-25T15:26:24","slug":"gaisa-pistole-co2-4-5-mm-bruni-pistoles","status":"publish","type":"product","link":"https:\/\/kingarms.ee\/lv\/product\/gaisa-pistole-co2-4-5-mm-bruni-pistoles\/","title":{"rendered":"Gaisa pistole CO2 4.5 MM (Bruni pistoles)"},"content":{"rendered":"<p><img loading=\"lazy\" decoding=\"async\" class=\"alignnone size-full wp-image-76764\" src=\"https:\/\/kingarms.ee\/wp-content\/uploads\/2023\/03\/bruni-co2-45mm-rifle-herd-wolf-model-212-br-212.jpg\" alt=\"\" width=\"600\" height=\"600\" srcset=\"https:\/\/kingarms.ee\/wp-content\/uploads\/2023\/03\/bruni-co2-45mm-rifle-herd-wolf-model-212-br-212.jpg 600w, https:\/\/kingarms.ee\/wp-content\/uploads\/2023\/03\/bruni-co2-45mm-rifle-herd-wolf-model-212-br-212-300x300.jpg 300w, https:\/\/kingarms.ee\/wp-content\/uploads\/2023\/03\/bruni-co2-45mm-rifle-herd-wolf-model-212-br-212-150x150.jpg 150w, https:\/\/kingarms.ee\/wp-content\/uploads\/2023\/03\/bruni-co2-45mm-rifle-herd-wolf-model-212-br-212-500x500.jpg 500w\" sizes=\"auto, (max-width: 600px) 100vw, 600px\" \/><\/p>\n","protected":false},"excerpt":{"rendered":"<p>CO2 \u0160AUTENE<br \/>\nKALIBRS 4,5 MM<br \/>\nABS KORPUSS, MET\u0100LA KORPUSS UN AUG\u0160STILBA AUG\u0160DA\u013bA<br \/>\n21 BULLET PL\u0100NAS PAPL\u0100TES<br \/>\nAR 1 CO2 KAPSULU APM\u0112RAM 150 \u0160\u0100VIENU<br \/>\nVid\u0113j\u0101 jauda 2.26 j (aptuveni 124 m\/s ar 0.25 g STEELBBS)<br \/>\nINTEGR\u0112TS SARKANS L\u0100ZERS<br \/>\nREGUL\u0112JAMS ATSITIENS<br \/>\nDRO\u0160\u012aBAS SL\u0112DZENE, VIENS \u0160\u0100VIENS<br \/>\nCO2 MINI R\u016aDAS KORPUSA SATV\u0112RIEN\u0100<br \/>\nGarums 920mm<br \/>\nSVARS 1490G<\/p>\n","protected":false},"featured_media":128124,"template":"","meta":{"_acf_changed":false},"product_brand":[],"product_cat":[1007],"product_tag":[],"class_list":{"0":"post-150152","1":"product","2":"type-product","3":"status-publish","4":"has-post-thumbnail","6":"product_cat-snaipera-pistoles-lv","8":"first","9":"onbackorder","10":"sale","11":"taxable","12":"shipping-taxable","13":"product-type-simple"},"acf":[],"_links":{"self":[{"href":"https:\/\/kingarms.ee\/lv\/wp-json\/wp\/v2\/product\/150152","targetHints":{"allow":["GET"]}}],"collection":[{"href":"https:\/\/kingarms.ee\/lv\/wp-json\/wp\/v2\/product"}],"about":[{"href":"https:\/\/kingarms.ee\/lv\/wp-json\/wp\/v2\/types\/product"}],"wp:featuredmedia":[{"embeddable":true,"href":"https:\/\/kingarms.ee\/lv\/wp-json\/wp\/v2\/media\/128124"}],"wp:attachment":[{"href":"https:\/\/kingarms.ee\/lv\/wp-json\/wp\/v2\/media?parent=150152"}],"wp:term":[{"taxonomy":"product_brand","embeddable":true,"href":"https:\/\/kingarms.ee\/lv\/wp-json\/wp\/v2\/product_brand?post=150152"},{"taxonomy":"product_cat","embeddable":true,"href":"https:\/\/kingarms.ee\/lv\/wp-json\/wp\/v2\/product_cat?post=150152"},{"taxonomy":"product_tag","embeddable":true,"href":"https:\/\/kingarms.ee\/lv\/wp-json\/wp\/v2\/product_tag?post=150152"}],"curies":[{"name":"wp","href":"https:\/\/api.w.org\/{rel}","templated":true}]}}