{"id":150153,"date":"2023-03-27T19:41:47","date_gmt":"2025-05-25T15:26:39","guid":{"rendered":"https:\/\/kingarms.ee\/product\/drosibas-pistoles-cemodanes-glock-perfection\/"},"modified":"2025-05-25T18:26:39","modified_gmt":"2025-05-25T15:26:39","slug":"drosibas-pistoles-cemodanes-glock-perfection","status":"publish","type":"product","link":"https:\/\/kingarms.ee\/lv\/product\/drosibas-pistoles-cemodanes-glock-perfection\/","title":{"rendered":"Dro\u0161ibas pistoles \u010cemod\u0101nes (Glock Perfection)"},"content":{"rendered":"<p><img loading=\"lazy\" decoding=\"async\" class=\"alignnone size-full wp-image-76638\" src=\"https:\/\/kingarms.ee\/wp-content\/uploads\/2023\/03\/glock-2929-2a5ce91aa527ea82d6f304de04229ae7.jpg\" alt=\"\" width=\"480\" height=\"480\" srcset=\"https:\/\/kingarms.ee\/wp-content\/uploads\/2023\/03\/glock-2929-2a5ce91aa527ea82d6f304de04229ae7.jpg 480w, https:\/\/kingarms.ee\/wp-content\/uploads\/2023\/03\/glock-2929-2a5ce91aa527ea82d6f304de04229ae7-300x300.jpg 300w, https:\/\/kingarms.ee\/wp-content\/uploads\/2023\/03\/glock-2929-2a5ce91aa527ea82d6f304de04229ae7-150x150.jpg 150w\" sizes=\"auto, (max-width: 480px) 100vw, 480px\" \/><\/p>\n","protected":false},"excerpt":{"rendered":"<p>Dro\u0161\u012bbas pistoles korpuss (Glock Perfection) ir izgatavots no iztur\u012bga cieta polim\u0113ra (triecieniztur\u012bgs un pret laika apst\u0101k\u013ciem iztur\u012bgs) ar olu \u010daumalu putu iek\u0161\u0113jo oderi. Tas m\u0113ra 10-1 \/ 2 &#8220;x 9&#8243; z 2-1 \/ 2 &#8221; un der visiem Glock mode\u013ciem. Integr\u0113ta cilindra sl\u0113dzene aizsarg\u0101 pistoli no nesankcion\u0113tas piek\u013cuves.<br \/>\nKorpuss \u0113rti izvieto visus Glock pistoles komplekt\u0101 iek\u013cautos priek\u0161metus.  <\/p>\n<p>Funkcijas:<\/p>\n<p>&#8211; Der jebkurai Glock pistolei<br \/>\n&#8211; Dro\u0161\u012bbas atsl\u0113gas atsl\u0113ga<br \/>\n&#8211; Atv\u0101\u017eamais dizains ar Glock logotipu<br \/>\n&#8211; Ar putu oderi<\/p>\n","protected":false},"featured_media":128049,"template":"","meta":{"_acf_changed":false},"product_brand":[],"product_cat":[1058],"product_tag":[],"class_list":{"0":"post-150153","1":"product","2":"type-product","3":"status-publish","4":"has-post-thumbnail","6":"product_cat-kofazes","8":"first","9":"onbackorder","10":"taxable","11":"shipping-taxable","12":"product-type-simple"},"acf":[],"_links":{"self":[{"href":"https:\/\/kingarms.ee\/lv\/wp-json\/wp\/v2\/product\/150153","targetHints":{"allow":["GET"]}}],"collection":[{"href":"https:\/\/kingarms.ee\/lv\/wp-json\/wp\/v2\/product"}],"about":[{"href":"https:\/\/kingarms.ee\/lv\/wp-json\/wp\/v2\/types\/product"}],"wp:featuredmedia":[{"embeddable":true,"href":"https:\/\/kingarms.ee\/lv\/wp-json\/wp\/v2\/media\/128049"}],"wp:attachment":[{"href":"https:\/\/kingarms.ee\/lv\/wp-json\/wp\/v2\/media?parent=150153"}],"wp:term":[{"taxonomy":"product_brand","embeddable":true,"href":"https:\/\/kingarms.ee\/lv\/wp-json\/wp\/v2\/product_brand?post=150153"},{"taxonomy":"product_cat","embeddable":true,"href":"https:\/\/kingarms.ee\/lv\/wp-json\/wp\/v2\/product_cat?post=150153"},{"taxonomy":"product_tag","embeddable":true,"href":"https:\/\/kingarms.ee\/lv\/wp-json\/wp\/v2\/product_tag?post=150153"}],"curies":[{"name":"wp","href":"https:\/\/api.w.org\/{rel}","templated":true}]}}