{"id":150155,"date":"2023-03-27T16:26:01","date_gmt":"2025-05-25T15:27:20","guid":{"rendered":"https:\/\/kingarms.ee\/product\/zephyr-gtx-mid-tf-zabaki-lowa\/"},"modified":"2025-05-25T18:27:20","modified_gmt":"2025-05-25T15:27:20","slug":"zephyr-gtx-mid-tf-zabaki-lowa","status":"publish","type":"product","link":"https:\/\/kingarms.ee\/lv\/product\/zephyr-gtx-mid-tf-zabaki-lowa\/","title":{"rendered":"Zephyr GTX Mid TF z\u0101baki (Lowa )"},"content":{"rendered":"<p><img loading=\"lazy\" decoding=\"async\" class=\"alignnone size-full wp-image-76533\" src=\"https:\/\/kingarms.ee\/wp-content\/uploads\/2023\/03\/lowa-zephyr-gtx-mid-tf-must.jpg\" alt=\"\" width=\"800\" height=\"800\" srcset=\"https:\/\/kingarms.ee\/wp-content\/uploads\/2023\/03\/lowa-zephyr-gtx-mid-tf-must.jpg 800w, https:\/\/kingarms.ee\/wp-content\/uploads\/2023\/03\/lowa-zephyr-gtx-mid-tf-must-300x300.jpg 300w, https:\/\/kingarms.ee\/wp-content\/uploads\/2023\/03\/lowa-zephyr-gtx-mid-tf-must-150x150.jpg 150w, https:\/\/kingarms.ee\/wp-content\/uploads\/2023\/03\/lowa-zephyr-gtx-mid-tf-must-768x768.jpg 768w, https:\/\/kingarms.ee\/wp-content\/uploads\/2023\/03\/lowa-zephyr-gtx-mid-tf-must-500x500.jpg 500w\" sizes=\"auto, (max-width: 800px) 100vw, 800px\" \/><\/p>\n","protected":false},"excerpt":{"rendered":"<p>Zephyr GTX Mid TF z\u0101baki (Lowa )<\/p>\n<p>LOWA Sportschuhe GmbH tika dibin\u0101ta 1923.gad\u0101. Jetzendorf\u0101, V\u0101cij\u0101. Vi\u0146u apavi no s\u0101kuma l\u012bdz beig\u0101m ir 100% izstr\u0101d\u0101ti, ieg\u016bti un ar rok\u0101m darin\u0101ti Eirop\u0101. Daudzveid\u012bgais produktu kl\u0101sts ietver apavus taku skrie\u0161anai, p\u0101rg\u0101jieniem, klin\u0161u k\u0101p\u0161anai, med\u012bb\u0101m un milit\u0101r\u0101m\/taktisk\u0101m vajadz\u012bb\u0101m. Inovat\u012bvu dizainu un visprogres\u012bv\u0101k\u0101s meistar\u012bba sasniegt LOWA ISO 9001 statusu augst\u0101k\u0101s kvalit\u0101tes b\u016bvniec\u012bbas un procesu standartiem.    <\/p>\n","protected":false},"featured_media":127989,"template":"","meta":{"_acf_changed":false},"product_brand":[],"product_cat":[1072],"product_tag":[],"class_list":{"0":"post-150155","1":"product","2":"type-product","3":"status-publish","4":"has-post-thumbnail","6":"product_cat-zabaki","8":"first","9":"onbackorder","10":"taxable","11":"shipping-taxable","12":"product-type-simple"},"acf":[],"_links":{"self":[{"href":"https:\/\/kingarms.ee\/lv\/wp-json\/wp\/v2\/product\/150155","targetHints":{"allow":["GET"]}}],"collection":[{"href":"https:\/\/kingarms.ee\/lv\/wp-json\/wp\/v2\/product"}],"about":[{"href":"https:\/\/kingarms.ee\/lv\/wp-json\/wp\/v2\/types\/product"}],"wp:featuredmedia":[{"embeddable":true,"href":"https:\/\/kingarms.ee\/lv\/wp-json\/wp\/v2\/media\/127989"}],"wp:attachment":[{"href":"https:\/\/kingarms.ee\/lv\/wp-json\/wp\/v2\/media?parent=150155"}],"wp:term":[{"taxonomy":"product_brand","embeddable":true,"href":"https:\/\/kingarms.ee\/lv\/wp-json\/wp\/v2\/product_brand?post=150155"},{"taxonomy":"product_cat","embeddable":true,"href":"https:\/\/kingarms.ee\/lv\/wp-json\/wp\/v2\/product_cat?post=150155"},{"taxonomy":"product_tag","embeddable":true,"href":"https:\/\/kingarms.ee\/lv\/wp-json\/wp\/v2\/product_tag?post=150155"}],"curies":[{"name":"wp","href":"https:\/\/api.w.org\/{rel}","templated":true}]}}