{"id":150167,"date":"2023-05-24T12:57:16","date_gmt":"2025-05-26T06:17:01","guid":{"rendered":"https:\/\/kingarms.ee\/product\/4-16x50-optiskais-skats-zos\/"},"modified":"2025-05-26T09:17:01","modified_gmt":"2025-05-26T06:17:01","slug":"4-16x50-optiskais-skats-zos","status":"publish","type":"product","link":"https:\/\/kingarms.ee\/lv\/product\/4-16x50-optiskais-skats-zos\/","title":{"rendered":"4-16&#215;50 optiskais skats (ZOS)"},"content":{"rendered":"","protected":false},"excerpt":{"rendered":"<p>4-16&#215;50 optiskais skats (ZOS)<\/p>\n<p><span style=\"font-weight: 400;\">Ra\u017eot\u0101js: ZOS (\u0136\u012bna)<\/span><\/p>\n<p><span style=\"font-weight: 400;\">Re\u017e\u0123a Tips: Mil Dot<\/span><\/p>\n<p><span style=\"font-weight: 400;\">Materi\u0101ls: Alum\u012bnijs<\/span><\/p>\n<p><span style=\"font-weight: 400;\">Produkts: 4-16&#215;50<\/span><\/p>\n<p><span style=\"font-weight: 400;\">Autobusu diametrs: 25mm<\/span><\/p>\n<p><span style=\"font-weight: 400;\">Ien\u0101ko\u0161\u0101 objekt\u012bva diametrs: 350mm<\/span><\/p>\n<p><span style=\"font-weight: 400;\">Cross Mesh: J\u0101<\/span><\/p>\n<p><span style=\"font-weight: 400;\">Apgaismojums: J\u0101<\/span><\/p>\n<p><span style=\"font-weight: 400;\">Garums: 370mm<\/span><\/p>\n<p><span style=\"font-weight: 400;\">Svars: 460g<\/span><\/p>\n<p><span style=\"font-weight: 400;\">Komplekt\u0101 ietilpst: optiskais skats, v\u0101ki <\/span><\/p>\n","protected":false},"featured_media":129211,"template":"","meta":{"_acf_changed":false},"product_brand":[],"product_cat":[1065,1067],"product_tag":[],"class_list":{"0":"post-150167","1":"product","2":"type-product","3":"status-publish","4":"has-post-thumbnail","6":"product_cat-airsoft-redzes-un-gredzeni","7":"product_cat-skats","9":"first","10":"instock","11":"taxable","12":"shipping-taxable","13":"purchasable","14":"product-type-simple"},"acf":[],"_links":{"self":[{"href":"https:\/\/kingarms.ee\/lv\/wp-json\/wp\/v2\/product\/150167","targetHints":{"allow":["GET"]}}],"collection":[{"href":"https:\/\/kingarms.ee\/lv\/wp-json\/wp\/v2\/product"}],"about":[{"href":"https:\/\/kingarms.ee\/lv\/wp-json\/wp\/v2\/types\/product"}],"wp:featuredmedia":[{"embeddable":true,"href":"https:\/\/kingarms.ee\/lv\/wp-json\/wp\/v2\/media\/129211"}],"wp:attachment":[{"href":"https:\/\/kingarms.ee\/lv\/wp-json\/wp\/v2\/media?parent=150167"}],"wp:term":[{"taxonomy":"product_brand","embeddable":true,"href":"https:\/\/kingarms.ee\/lv\/wp-json\/wp\/v2\/product_brand?post=150167"},{"taxonomy":"product_cat","embeddable":true,"href":"https:\/\/kingarms.ee\/lv\/wp-json\/wp\/v2\/product_cat?post=150167"},{"taxonomy":"product_tag","embeddable":true,"href":"https:\/\/kingarms.ee\/lv\/wp-json\/wp\/v2\/product_tag?post=150167"}],"curies":[{"name":"wp","href":"https:\/\/api.w.org\/{rel}","templated":true}]}}