{"id":150169,"date":"2023-05-24T12:06:43","date_gmt":"2025-05-26T06:22:22","guid":{"rendered":"https:\/\/kingarms.ee\/product\/thermos-shotgun-kartridzs-350-ml-remington\/"},"modified":"2025-05-26T09:22:22","modified_gmt":"2025-05-26T06:22:22","slug":"thermos-shotgun-kartridzs-350-ml-remington","status":"publish","type":"product","link":"https:\/\/kingarms.ee\/lv\/product\/thermos-shotgun-kartridzs-350-ml-remington\/","title":{"rendered":"Thermos shotgun k\u0101rtrid\u017es 350 ml (Remington)"},"content":{"rendered":"","protected":false},"excerpt":{"rendered":"<div>Thermos shotgun k\u0101rtrid\u017es 350 ml (Remington)<\/div>\n<div><\/div>\n<div>Ner\u016bs\u0113jo\u0161ais t\u0113rauds 18-8<\/div>\n<div>Nep\u0101rk\u0101pjam\u0101m<\/div>\n<div>Mat\u0113ts za\u013c\u0161, pretatstarojo\u0161s p\u0101rkl\u0101jums<\/div>\n<div>Tilpums 350 ml<\/div>\n<div>Ide\u0101li piem\u0113rots lieto\u0161anai \u0101rpus pils\u0113tas<\/div>\n","protected":false},"featured_media":130897,"template":"","meta":{"_acf_changed":false},"product_brand":[],"product_cat":[1119],"product_tag":[],"class_list":{"0":"post-150169","1":"product","2":"type-product","3":"status-publish","4":"has-post-thumbnail","6":"product_cat-celojumu-preces","8":"first","9":"instock","10":"taxable","11":"shipping-taxable","12":"purchasable","13":"product-type-simple"},"acf":[],"_links":{"self":[{"href":"https:\/\/kingarms.ee\/lv\/wp-json\/wp\/v2\/product\/150169","targetHints":{"allow":["GET"]}}],"collection":[{"href":"https:\/\/kingarms.ee\/lv\/wp-json\/wp\/v2\/product"}],"about":[{"href":"https:\/\/kingarms.ee\/lv\/wp-json\/wp\/v2\/types\/product"}],"wp:featuredmedia":[{"embeddable":true,"href":"https:\/\/kingarms.ee\/lv\/wp-json\/wp\/v2\/media\/130897"}],"wp:attachment":[{"href":"https:\/\/kingarms.ee\/lv\/wp-json\/wp\/v2\/media?parent=150169"}],"wp:term":[{"taxonomy":"product_brand","embeddable":true,"href":"https:\/\/kingarms.ee\/lv\/wp-json\/wp\/v2\/product_brand?post=150169"},{"taxonomy":"product_cat","embeddable":true,"href":"https:\/\/kingarms.ee\/lv\/wp-json\/wp\/v2\/product_cat?post=150169"},{"taxonomy":"product_tag","embeddable":true,"href":"https:\/\/kingarms.ee\/lv\/wp-json\/wp\/v2\/product_tag?post=150169"}],"curies":[{"name":"wp","href":"https:\/\/api.w.org\/{rel}","templated":true}]}}