{"id":150188,"date":"2023-05-18T16:15:20","date_gmt":"2025-05-26T07:15:30","guid":{"rendered":"https:\/\/kingarms.ee\/product\/izdzivosanas-komplekts-36-dalejs\/"},"modified":"2025-05-26T10:15:30","modified_gmt":"2025-05-26T07:15:30","slug":"izdzivosanas-komplekts-36-dalejs","status":"publish","type":"product","link":"https:\/\/kingarms.ee\/lv\/product\/izdzivosanas-komplekts-36-dalejs\/","title":{"rendered":"Izdz\u012bvo\u0161anas komplekts &#8211; 36 da\u013c\u0113js"},"content":{"rendered":"<p><img loading=\"lazy\" decoding=\"async\" class=\"alignnone size-full wp-image-78467\" src=\"https:\/\/kingarms.ee\/wp-content\/uploads\/2023\/05\/27115d1.jpg\" alt=\"\" width=\"1200\" height=\"1200\" srcset=\"https:\/\/kingarms.ee\/wp-content\/uploads\/2023\/05\/27115d1.jpg 1200w, https:\/\/kingarms.ee\/wp-content\/uploads\/2023\/05\/27115d1-300x300.jpg 300w, https:\/\/kingarms.ee\/wp-content\/uploads\/2023\/05\/27115d1-1024x1024.jpg 1024w, https:\/\/kingarms.ee\/wp-content\/uploads\/2023\/05\/27115d1-150x150.jpg 150w, https:\/\/kingarms.ee\/wp-content\/uploads\/2023\/05\/27115d1-768x768.jpg 768w, https:\/\/kingarms.ee\/wp-content\/uploads\/2023\/05\/27115d1-500x500.jpg 500w\" sizes=\"auto, (max-width: 1200px) 100vw, 1200px\" \/><\/p>\n","protected":false},"excerpt":{"rendered":"<p>Izdz\u012bvo\u0161anas komplekts &#8211; 36 da\u013c\u0113js<\/p>\n<p>\u016bdensnecaurlaid\u012bga plastmasas kaste ar cilpi\u0146u un<br \/>\nintegr\u0113ts spogulis<br \/>\nsaturs:<br \/>\nIzdz\u012bvo\u0161anas rokasgr\u0101mata un nelaimes gad\u012bjumu nov\u0113rt\u0113juma zi\u0146ojums<br \/>\nsign\u0101la svilpe<br \/>\npildspalva<br \/>\n10 gabalu \u0161\u016b\u0161anas komplekts un 4 dro\u0161\u012bbas tapas<br \/>\nmak\u0161\u0137er\u0113\u0161anas komplekts ar auklu, 4 mak\u0161\u0137er\u0113\u0161anas \u0101\u0137iem un<br \/>\n2 svina gabali<br \/>\nuguns starteris ar 2 kokvilnas ugunsdz\u0113s\u012bbas ma\u0161\u012bn\u0101m<br \/>\nstieples un stieples z\u0101\u0123is ar 2 gredzeniem<br \/>\nda\u013c\u0113ji zobains nazis (asmens aptuveni 3,5 cm)<br \/>\ncilpa un \u0137\u0113de<br \/>\ns\u0113rkoci\u0146i un svece<br \/>\nmini kompass<br \/>\nIzm\u0113ri: aptuveni 12 x 10 x 3,5 cm<br \/>\nSvars: apm. 160 g <\/p>\n","protected":false},"featured_media":129055,"template":"","meta":{"_acf_changed":false},"product_brand":[],"product_cat":[1119],"product_tag":[],"class_list":{"0":"post-150188","1":"product","2":"type-product","3":"status-publish","4":"has-post-thumbnail","6":"product_cat-celojumu-preces","8":"first","9":"instock","10":"taxable","11":"shipping-taxable","12":"purchasable","13":"product-type-simple"},"acf":[],"_links":{"self":[{"href":"https:\/\/kingarms.ee\/lv\/wp-json\/wp\/v2\/product\/150188","targetHints":{"allow":["GET"]}}],"collection":[{"href":"https:\/\/kingarms.ee\/lv\/wp-json\/wp\/v2\/product"}],"about":[{"href":"https:\/\/kingarms.ee\/lv\/wp-json\/wp\/v2\/types\/product"}],"wp:featuredmedia":[{"embeddable":true,"href":"https:\/\/kingarms.ee\/lv\/wp-json\/wp\/v2\/media\/129055"}],"wp:attachment":[{"href":"https:\/\/kingarms.ee\/lv\/wp-json\/wp\/v2\/media?parent=150188"}],"wp:term":[{"taxonomy":"product_brand","embeddable":true,"href":"https:\/\/kingarms.ee\/lv\/wp-json\/wp\/v2\/product_brand?post=150188"},{"taxonomy":"product_cat","embeddable":true,"href":"https:\/\/kingarms.ee\/lv\/wp-json\/wp\/v2\/product_cat?post=150188"},{"taxonomy":"product_tag","embeddable":true,"href":"https:\/\/kingarms.ee\/lv\/wp-json\/wp\/v2\/product_tag?post=150188"}],"curies":[{"name":"wp","href":"https:\/\/api.w.org\/{rel}","templated":true}]}}