{"id":150219,"date":"2023-04-26T13:01:33","date_gmt":"2025-05-26T10:45:20","guid":{"rendered":"https:\/\/kingarms.ee\/product\/recon-mk18-mod-1-10-8-metal-br-evolution\/"},"modified":"2025-05-26T13:45:20","modified_gmt":"2025-05-26T10:45:20","slug":"recon-mk18-mod-1-10-8-metal-br-evolution","status":"publish","type":"product","link":"https:\/\/kingarms.ee\/lv\/product\/recon-mk18-mod-1-10-8-metal-br-evolution\/","title":{"rendered":"Recon MK18 Mod 1 10.8 Metal BR (Evolution)"},"content":{"rendered":"","protected":false},"excerpt":{"rendered":"<p><b>PAMATINFORM\u0100CIJA:<\/b><\/p>\n<ul>\n<li aria-level=\"1\">Recon MK18 Mod 1 10.8 Metal BR (Evolution)<\/li>\n<li style=\"font-weight: 400;\" aria-level=\"1\"><span style=\"font-weight: 400;\">Akumulatora Spraudnis: Mini Tamiya<\/span><\/li>\n<li style=\"font-weight: 400;\" aria-level=\"1\"><span style=\"font-weight: 400;\">Korpusa materi\u0101ls: met\u0101ls<\/span><\/li>\n<li style=\"font-weight: 400;\" aria-level=\"1\"><span style=\"font-weight: 400;\">Bukses un gult\u0146i: 8mm lod\u012b\u0161u gult\u0146i<\/span><\/li>\n<li style=\"font-weight: 400;\" aria-level=\"1\"><span style=\"font-weight: 400;\">P\u0101rnesumu Komplekts: T\u0113rauds<\/span><\/li>\n<li style=\"font-weight: 400;\" aria-level=\"1\"><span style=\"font-weight: 400;\">Hop-Up kamber: P\u00f6\u00f6rlev t\u00fc\u00fcp<\/span><\/li>\n<li style=\"font-weight: 400;\" aria-level=\"1\"><span style=\"font-weight: 400;\">Iek\u0161\u0113j\u0101 caurule: 6.01<\/span><\/li>\n<li style=\"font-weight: 400;\" aria-level=\"1\"><span style=\"font-weight: 400;\">Uzglab\u0101\u0161anas jauda: 130BBs <\/span><\/li>\n<li style=\"font-weight: 400;\" aria-level=\"1\"><span style=\"font-weight: 400;\">Ziede: MidCap<\/span><\/li>\n<li style=\"font-weight: 400;\" aria-level=\"1\"><span style=\"font-weight: 400;\">Reil sist\u0113ma: anod\u0113ts CNC meh\u0101niski apstr\u0101d\u0101ts Alum\u012bnijs<\/span><\/li>\n<li style=\"font-weight: 400;\" aria-level=\"1\"><span style=\"font-weight: 400;\">Pavasara novirz\u012bt\u0101js: \u0100tri no\u0146emams, neno\u0146emot no p\u0101rnesumk\u0101rbas korpusa<\/span><\/li>\n<\/ul>\n<p><b>IZM\u0112RS:<\/b><\/p>\n<ul>\n<li style=\"font-weight: 400;\" aria-level=\"1\"><span style=\"font-weight: 400;\">Garums: 695mm-780mm<\/span><\/li>\n<li style=\"font-weight: 400;\" aria-level=\"1\"><span style=\"font-weight: 400;\">Svars: 2600g\n<p><\/span><\/li>\n<\/ul>\n","protected":false},"featured_media":128720,"template":"","meta":{"_acf_changed":false},"product_brand":[],"product_cat":[999,996,1001],"product_tag":[],"class_list":{"0":"post-150219","1":"product","2":"type-product","3":"status-publish","4":"has-post-thumbnail","6":"product_cat-airsoft-ieroci","7":"product_cat-ierocis","8":"product_cat-tirdzniecibas-automati","10":"first","11":"onbackorder","12":"taxable","13":"shipping-taxable","14":"product-type-simple"},"acf":[],"_links":{"self":[{"href":"https:\/\/kingarms.ee\/lv\/wp-json\/wp\/v2\/product\/150219","targetHints":{"allow":["GET"]}}],"collection":[{"href":"https:\/\/kingarms.ee\/lv\/wp-json\/wp\/v2\/product"}],"about":[{"href":"https:\/\/kingarms.ee\/lv\/wp-json\/wp\/v2\/types\/product"}],"wp:featuredmedia":[{"embeddable":true,"href":"https:\/\/kingarms.ee\/lv\/wp-json\/wp\/v2\/media\/128720"}],"wp:attachment":[{"href":"https:\/\/kingarms.ee\/lv\/wp-json\/wp\/v2\/media?parent=150219"}],"wp:term":[{"taxonomy":"product_brand","embeddable":true,"href":"https:\/\/kingarms.ee\/lv\/wp-json\/wp\/v2\/product_brand?post=150219"},{"taxonomy":"product_cat","embeddable":true,"href":"https:\/\/kingarms.ee\/lv\/wp-json\/wp\/v2\/product_cat?post=150219"},{"taxonomy":"product_tag","embeddable":true,"href":"https:\/\/kingarms.ee\/lv\/wp-json\/wp\/v2\/product_tag?post=150219"}],"curies":[{"name":"wp","href":"https:\/\/api.w.org\/{rel}","templated":true}]}}