{"id":150221,"date":"2023-04-26T11:10:34","date_gmt":"2025-05-26T10:48:56","guid":{"rendered":"https:\/\/kingarms.ee\/product\/recon-m-emr-a-ets-evolution\/"},"modified":"2025-05-26T13:48:56","modified_gmt":"2025-05-26T10:48:56","slug":"recon-m-emr-a-ets-evolution","status":"publish","type":"product","link":"https:\/\/kingarms.ee\/lv\/product\/recon-m-emr-a-ets-evolution\/","title":{"rendered":"Recon m EMR a ETS (Evolution)"},"content":{"rendered":"","protected":false},"excerpt":{"rendered":"<p><b>PAMATINFORM\u0100CIJA:<\/b><\/p>\n<ul>\n<li aria-level=\"1\">Recon m EMR a ETS (Evolution)<\/li>\n<li style=\"font-weight: 400;\" aria-level=\"1\"><span style=\"font-weight: 400;\">Akumulatora spraudnis: T-plug dek\u0101nu Tips<\/span><\/li>\n<li style=\"font-weight: 400;\" aria-level=\"1\"><span style=\"font-weight: 400;\">\u0136erme\u0146a materi\u0101ls: technopolymer Carbontech<\/span><\/li>\n<li style=\"font-weight: 400;\" aria-level=\"1\"><span style=\"font-weight: 400;\">Bukses un gult\u0146i: met\u0101la bukses<\/span><\/li>\n<li style=\"font-weight: 400;\" aria-level=\"1\"><span style=\"font-weight: 400;\">P\u0101rnesumu Komplekts: T\u0113rauds<\/span><\/li>\n<li style=\"font-weight: 400;\" aria-level=\"1\"><span style=\"font-weight: 400;\">P\u0101rnesumk\u0101rba: pastiprin\u0101ta ar integr\u0113tu slotu MOSFET un elektronisko spr\u016bda E. T. S.<\/span><\/li>\n<li style=\"font-weight: 400;\" aria-level=\"1\"><span style=\"font-weight: 400;\">Hop-Up kamber: P\u00f6\u00f6rlev t\u00fc\u00fcp<\/span><\/li>\n<li style=\"font-weight: 400;\" aria-level=\"1\"><span style=\"font-weight: 400;\">Iek\u0161\u0113j\u0101 caurule: 6.01<\/span><\/li>\n<li style=\"font-weight: 400;\" aria-level=\"1\"><span style=\"font-weight: 400;\">Uzglab\u0101\u0161anas jauda: 130BBs <\/span><\/li>\n<li style=\"font-weight: 400;\" aria-level=\"1\"><span style=\"font-weight: 400;\">Ziede: MidCap<\/span><\/li>\n<li style=\"font-weight: 400;\" aria-level=\"1\"><span style=\"font-weight: 400;\">Mosfet un elektronika: E. T. S. III programm\u0113jams elektroniskais spr\u016bda<\/span><\/li>\n<li style=\"font-weight: 400;\" aria-level=\"1\"><span style=\"font-weight: 400;\">Reil sist\u0113ma: anod\u0113ts CNC meh\u0101niski apstr\u0101d\u0101ts Alum\u012bnijs<\/span><\/li>\n<li style=\"font-weight: 400;\" aria-level=\"1\"><span style=\"font-weight: 400;\">Pavasara novirz\u012bt\u0101js: \u0100tri no\u0146emams, neno\u0146emot no p\u0101rnesumk\u0101rbas korpusa<\/span><\/li>\n<\/ul>\n<p><b>IZM\u0112RS:<\/b><\/p>\n<ul>\n<li style=\"font-weight: 400;\" aria-level=\"1\"><span style=\"font-weight: 400;\">Garums: 650mm-740mm<\/span><\/li>\n<li style=\"font-weight: 400;\" aria-level=\"1\"><span style=\"font-weight: 400;\">Svars: 2200g<\/span><\/li>\n<\/ul>\n","protected":false},"featured_media":128654,"template":"","meta":{"_acf_changed":false},"product_brand":[],"product_cat":[999,996,1001],"product_tag":[],"class_list":{"0":"post-150221","1":"product","2":"type-product","3":"status-publish","4":"has-post-thumbnail","6":"product_cat-airsoft-ieroci","7":"product_cat-ierocis","8":"product_cat-tirdzniecibas-automati","10":"first","11":"instock","12":"sale","13":"taxable","14":"shipping-taxable","15":"purchasable","16":"product-type-simple"},"acf":[],"_links":{"self":[{"href":"https:\/\/kingarms.ee\/lv\/wp-json\/wp\/v2\/product\/150221","targetHints":{"allow":["GET"]}}],"collection":[{"href":"https:\/\/kingarms.ee\/lv\/wp-json\/wp\/v2\/product"}],"about":[{"href":"https:\/\/kingarms.ee\/lv\/wp-json\/wp\/v2\/types\/product"}],"wp:featuredmedia":[{"embeddable":true,"href":"https:\/\/kingarms.ee\/lv\/wp-json\/wp\/v2\/media\/128654"}],"wp:attachment":[{"href":"https:\/\/kingarms.ee\/lv\/wp-json\/wp\/v2\/media?parent=150221"}],"wp:term":[{"taxonomy":"product_brand","embeddable":true,"href":"https:\/\/kingarms.ee\/lv\/wp-json\/wp\/v2\/product_brand?post=150221"},{"taxonomy":"product_cat","embeddable":true,"href":"https:\/\/kingarms.ee\/lv\/wp-json\/wp\/v2\/product_cat?post=150221"},{"taxonomy":"product_tag","embeddable":true,"href":"https:\/\/kingarms.ee\/lv\/wp-json\/wp\/v2\/product_tag?post=150221"}],"curies":[{"name":"wp","href":"https:\/\/api.w.org\/{rel}","templated":true}]}}