{"id":150227,"date":"2023-04-23T20:15:24","date_gmt":"2025-05-26T11:00:19","guid":{"rendered":"https:\/\/kingarms.ee\/product\/kal-9-gun-tirisanas-komplekts-remington\/"},"modified":"2025-05-26T14:00:19","modified_gmt":"2025-05-26T11:00:19","slug":"kal-9-gun-tirisanas-komplekts-remington","status":"publish","type":"product","link":"https:\/\/kingarms.ee\/lv\/product\/kal-9-gun-tirisanas-komplekts-remington\/","title":{"rendered":"Kal. 9 Gun T\u012br\u012b\u0161anas Komplekts (Remington)"},"content":{"rendered":"","protected":false},"excerpt":{"rendered":"<p>Kal. 9 Gun T\u012br\u012b\u0161anas Komplekts (Remington) <\/p>\n<p><span style=\"font-weight: 400;\">Kalibrs: 9<\/span><\/p>\n<p><b>Iestatiet iETILPST:<\/b><\/p>\n<ul>\n<li style=\"font-weight: 400;\" aria-level=\"1\"><span style=\"font-weight: 400;\">Ramrod<\/span><\/li>\n<li style=\"font-weight: 400;\" aria-level=\"1\"><span style=\"font-weight: 400;\">Elast\u012bga ramrod<\/span><\/li>\n<li style=\"font-weight: 400;\" aria-level=\"1\"><span style=\"font-weight: 400;\">Puff gugatnis<\/span><\/li>\n<li style=\"font-weight: 400;\" aria-level=\"1\"><span style=\"font-weight: 400;\">Spir\u0101lveida t\u0113rauda \u0137\u012bsis<\/span><\/li>\n<li style=\"font-weight: 400;\" aria-level=\"1\"><span style=\"font-weight: 400;\">Saru misi\u0146a \u0137\u012bsis<\/span><\/li>\n<li style=\"font-weight: 400;\" aria-level=\"1\"><span style=\"font-weight: 400;\">Filca sloksne-dr\u0113bes<\/span><\/li>\n<\/ul>\n","protected":false},"featured_media":128553,"template":"","meta":{"_acf_changed":false},"product_brand":[],"product_cat":[1012],"product_tag":[],"class_list":{"0":"post-150227","1":"product","2":"type-product","3":"status-publish","4":"has-post-thumbnail","6":"product_cat-ierocu-uzturesana","8":"first","9":"instock","10":"taxable","11":"shipping-taxable","12":"purchasable","13":"product-type-simple"},"acf":[],"_links":{"self":[{"href":"https:\/\/kingarms.ee\/lv\/wp-json\/wp\/v2\/product\/150227","targetHints":{"allow":["GET"]}}],"collection":[{"href":"https:\/\/kingarms.ee\/lv\/wp-json\/wp\/v2\/product"}],"about":[{"href":"https:\/\/kingarms.ee\/lv\/wp-json\/wp\/v2\/types\/product"}],"wp:featuredmedia":[{"embeddable":true,"href":"https:\/\/kingarms.ee\/lv\/wp-json\/wp\/v2\/media\/128553"}],"wp:attachment":[{"href":"https:\/\/kingarms.ee\/lv\/wp-json\/wp\/v2\/media?parent=150227"}],"wp:term":[{"taxonomy":"product_brand","embeddable":true,"href":"https:\/\/kingarms.ee\/lv\/wp-json\/wp\/v2\/product_brand?post=150227"},{"taxonomy":"product_cat","embeddable":true,"href":"https:\/\/kingarms.ee\/lv\/wp-json\/wp\/v2\/product_cat?post=150227"},{"taxonomy":"product_tag","embeddable":true,"href":"https:\/\/kingarms.ee\/lv\/wp-json\/wp\/v2\/product_tag?post=150227"}],"curies":[{"name":"wp","href":"https:\/\/api.w.org\/{rel}","templated":true}]}}