{"id":150240,"date":"2023-04-23T14:42:22","date_gmt":"2025-05-26T11:25:54","guid":{"rendered":"https:\/\/kingarms.ee\/product\/katapulta-norin\/"},"modified":"2025-05-26T14:25:54","modified_gmt":"2025-05-26T11:25:54","slug":"katapulta-norin","status":"publish","type":"product","link":"https:\/\/kingarms.ee\/lv\/product\/katapulta-norin\/","title":{"rendered":"Katapulta (Norin)"},"content":{"rendered":"<p><img loading=\"lazy\" decoding=\"async\" class=\"alignnone size-full wp-image-98932\" src=\"https:\/\/kingarms.ee\/wp-content\/uploads\/2023\/04\/3061-1000x855-1.jpg\" alt=\"\" width=\"1000\" height=\"855\" srcset=\"https:\/\/kingarms.ee\/wp-content\/uploads\/2023\/04\/3061-1000x855-1.jpg 1000w, https:\/\/kingarms.ee\/wp-content\/uploads\/2023\/04\/3061-1000x855-1-300x257.jpg 300w, https:\/\/kingarms.ee\/wp-content\/uploads\/2023\/04\/3061-1000x855-1-768x657.jpg 768w, https:\/\/kingarms.ee\/wp-content\/uploads\/2023\/04\/3061-1000x855-1-500x428.jpg 500w, https:\/\/kingarms.ee\/wp-content\/uploads\/2023\/04\/3061-1000x855-1-150x128.jpg 150w\" sizes=\"auto, (max-width: 1000px) 100vw, 1000px\" \/><\/p>\n","protected":false},"excerpt":{"rendered":"<p>Katapulta (Norin)<\/p>\n<p><b>PAMATINFORM\u0100CIJA:<\/b><\/p>\n<ul>\n<li style=\"font-weight: 400;\" aria-level=\"1\"><span style=\"font-weight: 400;\">Ra\u017eot\u0101js: Norin<\/span><\/li>\n<li style=\"font-weight: 400;\" aria-level=\"1\"><span style=\"font-weight: 400;\">Izm\u0113rs: Liels<\/span><\/li>\n<li style=\"font-weight: 400;\" aria-level=\"1\"><span style=\"font-weight: 400;\">Materi\u0101ls: ABS plastmasa, t\u0113rauds, gumija<\/span><\/li>\n<\/ul>\n<p><strong>NB!<\/p>\n<p> Gumija ir zil\u0101 kr\u0101s\u0101<\/strong><\/p>\n","protected":false},"featured_media":134858,"template":"","meta":{"_acf_changed":false},"product_brand":[],"product_cat":[1011,996,1018,1014],"product_tag":[],"class_list":{"0":"post-150240","1":"product","2":"type-product","3":"status-publish","4":"has-post-thumbnail","6":"product_cat-citi-ieroci","7":"product_cat-ierocis","8":"product_cat-loki","9":"product_cat-sens","11":"first","12":"instock","13":"sale","14":"taxable","15":"shipping-taxable","16":"purchasable","17":"product-type-simple"},"acf":[],"_links":{"self":[{"href":"https:\/\/kingarms.ee\/lv\/wp-json\/wp\/v2\/product\/150240","targetHints":{"allow":["GET"]}}],"collection":[{"href":"https:\/\/kingarms.ee\/lv\/wp-json\/wp\/v2\/product"}],"about":[{"href":"https:\/\/kingarms.ee\/lv\/wp-json\/wp\/v2\/types\/product"}],"wp:featuredmedia":[{"embeddable":true,"href":"https:\/\/kingarms.ee\/lv\/wp-json\/wp\/v2\/media\/134858"}],"wp:attachment":[{"href":"https:\/\/kingarms.ee\/lv\/wp-json\/wp\/v2\/media?parent=150240"}],"wp:term":[{"taxonomy":"product_brand","embeddable":true,"href":"https:\/\/kingarms.ee\/lv\/wp-json\/wp\/v2\/product_brand?post=150240"},{"taxonomy":"product_cat","embeddable":true,"href":"https:\/\/kingarms.ee\/lv\/wp-json\/wp\/v2\/product_cat?post=150240"},{"taxonomy":"product_tag","embeddable":true,"href":"https:\/\/kingarms.ee\/lv\/wp-json\/wp\/v2\/product_tag?post=150240"}],"curies":[{"name":"wp","href":"https:\/\/api.w.org\/{rel}","templated":true}]}}