{"id":150242,"date":"2023-04-23T13:01:35","date_gmt":"2023-04-23T10:01:35","guid":{"rendered":"https:\/\/kingarms.ee\/product\/redox-alpha-v2-akumulatora-ladetajs-combo-powered\/"},"modified":"2025-05-26T14:36:10","modified_gmt":"2025-05-26T11:36:10","slug":"redox-alpha-v2-akumulatora-ladetajs-combo-powered","status":"publish","type":"product","link":"https:\/\/kingarms.ee\/lv\/product\/redox-alpha-v2-akumulatora-ladetajs-combo-powered\/","title":{"rendered":"Redox Alpha V2 akumulatora l\u0101d\u0113t\u0101js COMBO (powered)"},"content":{"rendered":"","protected":false},"excerpt":{"rendered":"<p>Redox Alpha V2 akumulatora l\u0101d\u0113t\u0101js COMBO (powered)<\/p>\n<p><span style=\"font-weight: 400;\">Jauna uzlabota popul\u0101r\u0101 redox uz\u0146\u0113muma Alpha charger versija. Redox Alpha v2, cita starp\u0101, ir apr\u012bkots ar aktualiz\u0113tu programmat\u016bru, kas nodro\u0161ina ilgu un stabilu ier\u012bces darb\u012bbu. Turkl\u0101t l\u0101d\u0113t\u0101ja aug\u0161pus\u0113 tika uzst\u0101d\u012bts liels radiators, kas \u013coti efekt\u012bvi izdala siltumu. Uzl\u0101des laik\u0101 ir iesp\u0113jams main\u012bt l\u0101d\u0113t\u0101ja uzl\u0101des str\u0101vu un uzraudz\u012bt katra elementa spriegumu!   <\/span><\/p>\n<p><span style=\"font-weight: 400;\">\u0160\u012b ier\u012bce ir ide\u0101ls m\u0101jas Baro\u0161anas avots mikroprocesoru l\u0101d\u0113t\u0101jiem. M\u0113s iesak\u0101m to ikreiz, kad ir nepiecie\u0161ams nodro\u0161in\u0101t stabilu un dro\u0161u baro\u0161anas avotu ar stabiliz\u0113tu str\u0101vu (past\u0101v\u012bgu 5A str\u0101vu), kas nepiecie\u0161ama 12V l\u0101d\u0113t\u0101ju darbin\u0101\u0161anai m\u0101jas apst\u0101k\u013cos. Pateicoties m\u016bsdienu ra\u017eo\u0161anas tehnolo\u0123iju izmanto\u0161anai, l\u0101d\u0113t\u0101ja izm\u0113ri un svars tika samazin\u0101ti l\u012bdz minimumam, pateicoties kuriem m\u0113s ieg\u016bstam \u0101rk\u0101rt\u012bgi \u0113rtu un kompaktu produktu.  <\/span><\/p>\n<p><span style=\"font-weight: 400;\">\u2014\u2014\u2014\u2014\u2014\u2014\u2014\u2014\u2014\u2014\u2014\u2014\u2014\u2014\u2014\u2014\u2014\u2014\u2014\u2014\u2014\u2014\u2014\u2014\u2014\u2014\u2014\u2014\u2014\u2014\u2014\u2014\u2014\u2014\u2014\u2014\u2014\u2014\u2014\u2014\u2014\u2014<\/span><\/p>\n<p><b>Funkcija:<\/b><\/p>\n<ul>\n<li style=\"font-weight: 400;\" aria-level=\"1\"><span style=\"font-weight: 400;\">Izm\u0113ri: 134 x 86 x 26 mm<\/span><\/li>\n<li style=\"font-weight: 400;\" aria-level=\"1\"><span style=\"font-weight: 400;\">Darba spriegums: DC 11.0~18.0 V<\/span><\/li>\n<li style=\"font-weight: 400;\" aria-level=\"1\"><span style=\"font-weight: 400;\">Uzl\u0101des Str\u0101va: 0.1-5.0 A<\/span><\/li>\n<li style=\"font-weight: 400;\" aria-level=\"1\"><span style=\"font-weight: 400;\">Izl\u0101des Str\u0101va: 0.1~1.0 A<\/span><\/li>\n<li style=\"font-weight: 400;\" aria-level=\"1\"><span style=\"font-weight: 400;\">Balans\u0113\u0161anas str\u0101vas intensit\u0101te: 300 mAh \/ elements<\/span><\/li>\n<li style=\"font-weight: 400;\" aria-level=\"1\"><span style=\"font-weight: 400;\">Atbalst\u012bto NiCD \/ NiMH \u0161\u016bnu skaits: 1-15 \u0161\u016bnas<\/span><\/li>\n<li style=\"font-weight: 400;\" aria-level=\"1\"><span style=\"font-weight: 400;\">Atbalst\u012bto Li-Po \/ Fe \/ jonu elementu skaits: 1-6 elementi<\/span><\/li>\n<li style=\"font-weight: 400;\" aria-level=\"1\"><span style=\"font-weight: 400;\">Atbalst\u012btie Pb elementi: 2-20V<\/span><\/li>\n<li style=\"font-weight: 400;\" aria-level=\"1\"><span style=\"font-weight: 400;\">Svars (bez vadiem): 400 g<\/span><\/li>\n<li style=\"font-weight: 400;\" aria-level=\"1\"><span style=\"font-weight: 400;\">L\u0101d\u0113t\u0101ja ieb\u016bv\u0113ta atmi\u0146a: ne vair\u0101k k\u0101 5 baterijas<\/span><\/li>\n<li style=\"font-weight: 400;\" aria-level=\"1\"><span style=\"font-weight: 400;\">Akumulatora akumulatora cikla funkcija<\/span><\/li>\n<li style=\"font-weight: 400;\" aria-level=\"1\"><span style=\"font-weight: 400;\">4 programm\u0113\u0161anas pogas<\/span><\/li>\n<\/ul>\n<p><span style=\"font-weight: 400;\">\u2014\u2014\u2014\u2014\u2014\u2014\u2014\u2014\u2014\u2014\u2014\u2014\u2014\u2014\u2014\u2014\u2014\u2014\u2014\u2014\u2014\u2014\u2014\u2014\u2014\u2014\u2014\u2014\u2014\u2014\u2014\u2014\u2014\u2014\u2014\u2014\u2014\u2014\u2014\u2014\u2014\u2014<\/span><\/p>\n<p><b>IZEJAS JAUDA:<\/b><\/p>\n<ul>\n<li style=\"font-weight: 400;\" aria-level=\"1\"><span style=\"font-weight: 400;\">Maksim\u0101l\u0101 uzl\u0101des jauda 50W<\/span><\/li>\n<li style=\"font-weight: 400;\" aria-level=\"1\"><span style=\"font-weight: 400;\">Maksim\u0101l\u0101 izl\u0101des jauda 5W<\/span><\/li>\n<\/ul>\n<p><span style=\"font-weight: 400;\">\u2014\u2014\u2014\u2014\u2014\u2014\u2014\u2014\u2014\u2014\u2014\u2014\u2014\u2014\u2014\u2014\u2014\u2014\u2014\u2014\u2014\u2014\u2014\u2014\u2014\u2014\u2014\u2014\u2014\u2014\u2014\u2014\u2014\u2014\u2014\u2014\u2014\u2014\u2014\u2014\u2014\u2014<\/span><\/p>\n<p><b>IEB\u016aV\u0112T\u0100S KONTAKTLIGZDAS:<\/b><\/p>\n<ul>\n<li style=\"font-weight: 400;\" aria-level=\"1\"><span style=\"font-weight: 400;\">balans\u0113t\u0101ja ligzdas 2s, 3s, 4s, 5s, 6s<\/span><\/li>\n<li style=\"font-weight: 400;\" aria-level=\"1\"><span style=\"font-weight: 400;\">zelta 4 mm ligzdas,<\/span><\/li>\n<li style=\"font-weight: 400;\" aria-level=\"1\"><span style=\"font-weight: 400;\">Jack tipa ligzda (darbina 12V DC)<\/span><\/li>\n<li style=\"font-weight: 400;\" aria-level=\"1\"><span style=\"font-weight: 400;\">izv\u0113les temperat\u016bras sensora ligzda,<\/span><\/li>\n<li style=\"font-weight: 400;\" aria-level=\"1\"><span style=\"font-weight: 400;\">Redox 12V \/ 5A baro\u0161anas avots<\/span><\/li>\n<\/ul>\n<p><span style=\"font-weight: 400;\">\u2014\u2014\u2014\u2014\u2014\u2014\u2014\u2014\u2014\u2014\u2014\u2014\u2014\u2014\u2014\u2014\u2014\u2014\u2014\u2014\u2014\u2014\u2014\u2014\u2014\u2014\u2014\u2014\u2014\u2014\u2014\u2014\u2014\u2014\u2014\u2014\u2014\u2014\u2014\u2014\u2014\u2014<\/span><\/p>\n<p><b>BARO\u0160ANAS AVOTA FUNKCIJAS:<\/b><\/p>\n<ul>\n<li style=\"font-weight: 400;\" aria-level=\"1\"><span style=\"font-weight: 400;\">Ieeja: 100~265V \/ 47\/60 Hz AC<\/span><\/li>\n<li style=\"font-weight: 400;\" aria-level=\"1\"><span style=\"font-weight: 400;\">Izeja: stabiliz\u0113ts 12V<\/span><\/li>\n<li style=\"font-weight: 400;\" aria-level=\"1\"><span style=\"font-weight: 400;\">Pa\u0161reiz\u0113j\u0101 str\u0101va: konstante 5A<\/span><\/li>\n<li style=\"font-weight: 400;\" aria-level=\"1\"><span style=\"font-weight: 400;\">Izm\u0113ri: 125 x 57 x 31,5 mm<\/span><\/li>\n<li style=\"font-weight: 400;\" aria-level=\"1\"><span style=\"font-weight: 400;\">Svars (iek\u013cauta Elektroinstal\u0101cija): 313 g<\/span><\/li>\n<\/ul>\n<p><span style=\"font-weight: 400;\">\u2014\u2014\u2014\u2014\u2014\u2014\u2014\u2014\u2014\u2014\u2014\u2014\u2014\u2014\u2014\u2014\u2014\u2014\u2014\u2014\u2014\u2014\u2014\u2014\u2014\u2014\u2014\u2014\u2014\u2014\u2014\u2014\u2014\u2014\u2014\u2014\u2014\u2014\u2014\u2014\u2014\u2014<\/span><\/p>\n<p><b>Iestatiet iETILPST:<\/b><\/p>\n<ul>\n<li style=\"font-weight: 400;\" aria-level=\"1\"><span style=\"font-weight: 400;\">Redox Alpha v2 l\u0101d\u0113t\u0101js,<\/span><\/li>\n<li style=\"font-weight: 400;\" aria-level=\"1\"><span style=\"font-weight: 400;\">baro\u0161ana<\/span><\/li>\n<li style=\"font-weight: 400;\" aria-level=\"1\"><span style=\"font-weight: 400;\">12V DC str\u0101vas vads (Domkrats),<\/span><\/li>\n<li style=\"font-weight: 400;\" aria-level=\"1\"><span style=\"font-weight: 400;\">1 x gold 4mm adapteris-DEAN savienot\u0101js,<\/span><\/li>\n<li style=\"font-weight: 400;\" aria-level=\"1\"><span style=\"font-weight: 400;\">Papildu pagarin\u0101juma adapteri zelta 4 mm adapterim-DEAN savienot\u0101ji:<\/span><\/li>\n<li style=\"font-weight: 400;\" aria-level=\"1\"><span style=\"font-weight: 400;\">1 x DEAN adaptera spraudnis<\/span><\/li>\n<li style=\"font-weight: 400;\" aria-level=\"1\"><span style=\"font-weight: 400;\">1 x Dean adaptera spraudnis \u2013 Servo ligzda (FUTABA Tips)<\/span><\/li>\n<li style=\"font-weight: 400;\" aria-level=\"1\"><span style=\"font-weight: 400;\">1 x DEAN adaptera spraudnis-aizdedzes sveces manekens (1.5 V Uzl\u0101des skav\u0101m)<\/span><\/li>\n<li style=\"font-weight: 400;\" aria-level=\"1\"><span style=\"font-weight: 400;\">1 x DEAN adaptera spraudnis-BEC ligzda<\/span><\/li>\n<\/ul>\n","protected":false},"featured_media":132689,"template":"","meta":{"_acf_changed":false},"product_brand":[],"product_cat":[1055],"product_tag":[],"class_list":{"0":"post-150242","1":"product","2":"type-product","3":"status-publish","4":"has-post-thumbnail","6":"product_cat-charargers-ir","8":"first","9":"instock","10":"taxable","11":"shipping-taxable","12":"purchasable","13":"product-type-simple"},"acf":[],"_links":{"self":[{"href":"https:\/\/kingarms.ee\/lv\/wp-json\/wp\/v2\/product\/150242","targetHints":{"allow":["GET"]}}],"collection":[{"href":"https:\/\/kingarms.ee\/lv\/wp-json\/wp\/v2\/product"}],"about":[{"href":"https:\/\/kingarms.ee\/lv\/wp-json\/wp\/v2\/types\/product"}],"wp:featuredmedia":[{"embeddable":true,"href":"https:\/\/kingarms.ee\/lv\/wp-json\/wp\/v2\/media\/132689"}],"wp:attachment":[{"href":"https:\/\/kingarms.ee\/lv\/wp-json\/wp\/v2\/media?parent=150242"}],"wp:term":[{"taxonomy":"product_brand","embeddable":true,"href":"https:\/\/kingarms.ee\/lv\/wp-json\/wp\/v2\/product_brand?post=150242"},{"taxonomy":"product_cat","embeddable":true,"href":"https:\/\/kingarms.ee\/lv\/wp-json\/wp\/v2\/product_cat?post=150242"},{"taxonomy":"product_tag","embeddable":true,"href":"https:\/\/kingarms.ee\/lv\/wp-json\/wp\/v2\/product_tag?post=150242"}],"curies":[{"name":"wp","href":"https:\/\/api.w.org\/{rel}","templated":true}]}}