{"id":150244,"date":"2023-04-23T11:59:30","date_gmt":"2025-05-26T11:49:04","guid":{"rendered":"https:\/\/kingarms.ee\/product\/viedais-ladetajs-gfc\/"},"modified":"2025-05-26T14:49:04","modified_gmt":"2025-05-26T11:49:04","slug":"viedais-ladetajs-gfc","status":"publish","type":"product","link":"https:\/\/kingarms.ee\/lv\/product\/viedais-ladetajs-gfc\/","title":{"rendered":"Viedais l\u0101d\u0113t\u0101js-GFC"},"content":{"rendered":"","protected":false},"excerpt":{"rendered":"<p>Viedais l\u0101d\u0113t\u0101js-GFC<\/p>\n<p><b>L\u0100D\u0112T\u0100JA FUNKCIJAS:<\/b><\/p>\n<ul>\n<li style=\"font-weight: 400;\" aria-level=\"1\"><span style=\"font-weight: 400;\">LiIon, LiPo, dz\u012bve, Ni-Cd, Ni-MH, PB tipa akumulatora uzl\u0101de<\/span><\/li>\n<li style=\"font-weight: 400;\" aria-level=\"1\"><span style=\"font-weight: 400;\">Ieb\u016bv\u0113ts balans\u0113t\u0101js (AC)<\/span><\/li>\n<li style=\"font-weight: 400;\" aria-level=\"1\"><span style=\"font-weight: 400;\">Regul\u0113jams sprieguma iestat\u012bjums<\/span><\/li>\n<li style=\"font-weight: 400;\" aria-level=\"1\"><span style=\"font-weight: 400;\">Elektronisk\u0101 (mikroprocesora) vad\u012bba<\/span><\/li>\n<li style=\"font-weight: 400;\" aria-level=\"1\"><span style=\"font-weight: 400;\">Ieb\u016bv\u0113ts AC<\/span><\/li>\n<li style=\"font-weight: 400;\" aria-level=\"1\"><span style=\"font-weight: 400;\">L\u0101d\u0113t\u0101ja specifik\u0101cija:<\/span><\/li>\n<li style=\"font-weight: 400;\" aria-level=\"1\"><span style=\"font-weight: 400;\">Ieejas spriegums: 11-15V vai AC \/ DC 100-230V 5A<\/span><\/li>\n<li style=\"font-weight: 400;\" aria-level=\"1\"><span style=\"font-weight: 400;\">Uzl\u0101des Str\u0101va: 0.1-4.5 A<\/span><\/li>\n<li style=\"font-weight: 400;\" aria-level=\"1\"><span style=\"font-weight: 400;\">Ni-MH\/Ni-Cd rakkude arv: 1-15<\/span><\/li>\n<li style=\"font-weight: 400;\" aria-level=\"1\"><span style=\"font-weight: 400;\">Li-Ion \/ Poli elementid arv: 1-3<\/span><\/li>\n<\/ul>\n<p><b>Iestatiet iETILPST:<\/b><\/p>\n<ul>\n<li style=\"font-weight: 400;\" aria-level=\"1\"><span style=\"font-weight: 400;\">L\u0101d\u0113t\u0101js<\/span><\/li>\n<li style=\"font-weight: 400;\" aria-level=\"1\"><span style=\"font-weight: 400;\">12V l\u012bdzstr\u0101vas uzl\u0101des vads (kontaktligzda-aligatora skavas)<\/span><\/li>\n<li style=\"font-weight: 400;\" aria-level=\"1\"><span style=\"font-weight: 400;\">1x DEAN-Tamiya mazais adapteris<\/span><\/li>\n<li style=\"font-weight: 400;\" aria-level=\"1\"><span style=\"font-weight: 400;\">1x Tamiya mazo gofr\u0113\u0161anas adapteris<\/span><\/li>\n<li aria-level=\"1\">220V kontaktdak\u0161as vad\u012bt\u0101js<\/li>\n<\/ul>\n","protected":false},"featured_media":128455,"template":"","meta":{"_acf_changed":false},"product_brand":[],"product_cat":[1052,1055],"product_tag":[],"class_list":{"0":"post-150244","1":"product","2":"type-product","3":"status-publish","4":"has-post-thumbnail","6":"product_cat-battoreses-un-ladetaji","7":"product_cat-charargers-ir","9":"first","10":"instock","11":"taxable","12":"shipping-taxable","13":"purchasable","14":"product-type-simple"},"acf":[],"_links":{"self":[{"href":"https:\/\/kingarms.ee\/lv\/wp-json\/wp\/v2\/product\/150244","targetHints":{"allow":["GET"]}}],"collection":[{"href":"https:\/\/kingarms.ee\/lv\/wp-json\/wp\/v2\/product"}],"about":[{"href":"https:\/\/kingarms.ee\/lv\/wp-json\/wp\/v2\/types\/product"}],"wp:featuredmedia":[{"embeddable":true,"href":"https:\/\/kingarms.ee\/lv\/wp-json\/wp\/v2\/media\/128455"}],"wp:attachment":[{"href":"https:\/\/kingarms.ee\/lv\/wp-json\/wp\/v2\/media?parent=150244"}],"wp:term":[{"taxonomy":"product_brand","embeddable":true,"href":"https:\/\/kingarms.ee\/lv\/wp-json\/wp\/v2\/product_brand?post=150244"},{"taxonomy":"product_cat","embeddable":true,"href":"https:\/\/kingarms.ee\/lv\/wp-json\/wp\/v2\/product_cat?post=150244"},{"taxonomy":"product_tag","embeddable":true,"href":"https:\/\/kingarms.ee\/lv\/wp-json\/wp\/v2\/product_tag?post=150244"}],"curies":[{"name":"wp","href":"https:\/\/api.w.org\/{rel}","templated":true}]}}