{"id":150246,"date":"2023-04-23T11:23:28","date_gmt":"2025-05-26T11:56:04","guid":{"rendered":"https:\/\/kingarms.ee\/product\/lozu-necaurlaidiga-plaksne-tencate-sa\/"},"modified":"2025-05-26T14:56:04","modified_gmt":"2025-05-26T11:56:04","slug":"lozu-necaurlaidiga-plaksne-tencate-sa","status":"publish","type":"product","link":"https:\/\/kingarms.ee\/lv\/product\/lozu-necaurlaidiga-plaksne-tencate-sa\/","title":{"rendered":"Lo\u017eu necaurlaid\u012bga pl\u0101ksne-Tencate SA"},"content":{"rendered":"","protected":false},"excerpt":{"rendered":"<p>Lo\u017eu necaurlaid\u012bga pl\u0101ksne-Tencate SA<\/p>\n<p><strong>PAMATINFORM\u0100CIJA:<\/strong><\/p>\n<ul>\n<li>Izm\u0113ri: 248 mm x 288 mm<\/li>\n<li>Svars: 2.3 kg<\/li>\n<li>Patst\u0101v\u012bgs<\/li>\n<li>Modelis: CX-651 SA<\/li>\n<\/ul>\n<p><strong>AIZSARDZ\u012aBA:<\/strong><\/p>\n<ul>\n<li>7, 62X39 MSC<\/li>\n<li>5. 45&#215;39 7N6<\/li>\n<li>5. 45&#215;39 7N10<\/li>\n<li>7. 62X39 API BZ<\/li>\n<\/ul>\n","protected":false},"featured_media":128450,"template":"","meta":{"_acf_changed":false},"product_brand":[],"product_cat":[1097],"product_tag":[],"class_list":{"0":"post-150246","1":"product","2":"type-product","3":"status-publish","4":"has-post-thumbnail","6":"product_cat-ballistiska-aprikojums","8":"first","9":"instock","10":"sale","11":"taxable","12":"shipping-taxable","13":"purchasable","14":"product-type-simple"},"acf":[],"_links":{"self":[{"href":"https:\/\/kingarms.ee\/lv\/wp-json\/wp\/v2\/product\/150246","targetHints":{"allow":["GET"]}}],"collection":[{"href":"https:\/\/kingarms.ee\/lv\/wp-json\/wp\/v2\/product"}],"about":[{"href":"https:\/\/kingarms.ee\/lv\/wp-json\/wp\/v2\/types\/product"}],"wp:featuredmedia":[{"embeddable":true,"href":"https:\/\/kingarms.ee\/lv\/wp-json\/wp\/v2\/media\/128450"}],"wp:attachment":[{"href":"https:\/\/kingarms.ee\/lv\/wp-json\/wp\/v2\/media?parent=150246"}],"wp:term":[{"taxonomy":"product_brand","embeddable":true,"href":"https:\/\/kingarms.ee\/lv\/wp-json\/wp\/v2\/product_brand?post=150246"},{"taxonomy":"product_cat","embeddable":true,"href":"https:\/\/kingarms.ee\/lv\/wp-json\/wp\/v2\/product_cat?post=150246"},{"taxonomy":"product_tag","embeddable":true,"href":"https:\/\/kingarms.ee\/lv\/wp-json\/wp\/v2\/product_tag?post=150246"}],"curies":[{"name":"wp","href":"https:\/\/api.w.org\/{rel}","templated":true}]}}