{"id":150261,"date":"2023-04-10T15:03:22","date_gmt":"2025-05-26T14:37:50","guid":{"rendered":"https:\/\/kingarms.ee\/product\/rml-zala-lazera-atlaide-holosun\/"},"modified":"2025-05-26T17:37:50","modified_gmt":"2025-05-26T14:37:50","slug":"rml-zala-lazera-atlaide-holosun","status":"publish","type":"product","link":"https:\/\/kingarms.ee\/lv\/product\/rml-zala-lazera-atlaide-holosun\/","title":{"rendered":"RML za\u013c\u0101 l\u0101zera atlaide (holosun)"},"content":{"rendered":"<p><img loading=\"lazy\" decoding=\"async\" class=\"alignnone size-full wp-image-76971\" src=\"https:\/\/kingarms.ee\/wp-content\/uploads\/2023\/04\/holosun-hs403-punataeppsihik.jpg\" alt=\"\" width=\"1000\" height=\"800\" srcset=\"https:\/\/kingarms.ee\/wp-content\/uploads\/2023\/04\/holosun-hs403-punataeppsihik.jpg 1000w, https:\/\/kingarms.ee\/wp-content\/uploads\/2023\/04\/holosun-hs403-punataeppsihik-300x240.jpg 300w, https:\/\/kingarms.ee\/wp-content\/uploads\/2023\/04\/holosun-hs403-punataeppsihik-768x614.jpg 768w, https:\/\/kingarms.ee\/wp-content\/uploads\/2023\/04\/holosun-hs403-punataeppsihik-500x400.jpg 500w, https:\/\/kingarms.ee\/wp-content\/uploads\/2023\/04\/holosun-hs403-punataeppsihik-150x120.jpg 150w\" sizes=\"auto, (max-width: 1000px) 100vw, 1000px\" \/><\/p>\n","protected":false},"excerpt":{"rendered":"<p>RML za\u013c\u0101 l\u0101zera atlaide (holosun)<\/p>\n<p>Ietver 8 main\u0101mas regul\u0113\u0161anas da\u013cas, ar kur\u0101m j\u016bs varat uzst\u0101d\u012bt l\u0101zeru uz iero\u010da t\u0101d\u0101 att\u0101lum\u0101, kas jums ir piem\u0113rots<\/p>\n<p>Korekcijas izm\u0113rs 4 MOA<br \/>\nAkumulators CR1 \/ 3N<br \/>\nKr\u0101sa Melna<br \/>\nAugstuma regul\u0113\u0161ana 60 MOA<br \/>\n\u0160aujamiero\u010da tipa pistole<br \/>\nIek\u013cauts akumulators \/ T10 L tausti\u0146\u0161 \/ objekt\u012bva Audums<br \/>\nL\u0101zera Kr\u0101sa Za\u013ca<br \/>\nGarums 1.97&#8243;<br \/>\nMateri\u0101ls polim\u0113rs<br \/>\nRML modelis<br \/>\nMont\u0101\u017eas veids Univers\u0101ls \u0161eit<br \/>\nIzeja 1mw \/ 5mw<br \/>\nTriecieniztur\u012bgs \/ pret laika apst\u0101k\u013ciem \/ \u016bdensiztur\u012bgs<br \/>\nMekl\u0113t kodu HOLOSUN<br \/>\nL\u012bdz\u012bgi priek\u0161meti SCDOT<br \/>\nSvars 1,30 unces<br \/>\nV\u0113ja kontrole 60 MOA<br \/>\nRegul\u0113jams v\u0113ja Augstums<\/p>\n","protected":false},"featured_media":128219,"template":"","meta":{"_acf_changed":false},"product_brand":[],"product_cat":[1028],"product_tag":[],"class_list":{"0":"post-150261","1":"product","2":"type-product","3":"status-publish","4":"has-post-thumbnail","6":"product_cat-lazeri","8":"first","9":"instock","10":"taxable","11":"shipping-taxable","12":"purchasable","13":"product-type-simple"},"acf":[],"_links":{"self":[{"href":"https:\/\/kingarms.ee\/lv\/wp-json\/wp\/v2\/product\/150261","targetHints":{"allow":["GET"]}}],"collection":[{"href":"https:\/\/kingarms.ee\/lv\/wp-json\/wp\/v2\/product"}],"about":[{"href":"https:\/\/kingarms.ee\/lv\/wp-json\/wp\/v2\/types\/product"}],"wp:featuredmedia":[{"embeddable":true,"href":"https:\/\/kingarms.ee\/lv\/wp-json\/wp\/v2\/media\/128219"}],"wp:attachment":[{"href":"https:\/\/kingarms.ee\/lv\/wp-json\/wp\/v2\/media?parent=150261"}],"wp:term":[{"taxonomy":"product_brand","embeddable":true,"href":"https:\/\/kingarms.ee\/lv\/wp-json\/wp\/v2\/product_brand?post=150261"},{"taxonomy":"product_cat","embeddable":true,"href":"https:\/\/kingarms.ee\/lv\/wp-json\/wp\/v2\/product_cat?post=150261"},{"taxonomy":"product_tag","embeddable":true,"href":"https:\/\/kingarms.ee\/lv\/wp-json\/wp\/v2\/product_tag?post=150261"}],"curies":[{"name":"wp","href":"https:\/\/api.w.org\/{rel}","templated":true}]}}