{"id":150271,"date":"2023-03-22T19:12:35","date_gmt":"2025-05-26T14:56:35","guid":{"rendered":"https:\/\/kingarms.ee\/product\/lopro-combo-lamp-vis-ir-un-zala-laser-sichmark\/"},"modified":"2025-05-26T17:56:35","modified_gmt":"2025-05-26T14:56:35","slug":"lopro-combo-lamp-vis-ir-un-zala-laser-sichmark","status":"publish","type":"product","link":"https:\/\/kingarms.ee\/lv\/product\/lopro-combo-lamp-vis-ir-un-zala-laser-sichmark\/","title":{"rendered":"LOPRO COMBO LAMP VIS\/IR un ZA\u013b\u0100 LASER (SICHMARK)"},"content":{"rendered":"<p><img loading=\"lazy\" decoding=\"async\" class=\"alignnone size-full wp-image-76429\" src=\"https:\/\/kingarms.ee\/wp-content\/uploads\/2023\/03\/SM25013_IMG_ALT1_1000.jpg\" alt=\"\" width=\"1000\" height=\"1000\" srcset=\"https:\/\/kingarms.ee\/wp-content\/uploads\/2023\/03\/SM25013_IMG_ALT1_1000.jpg 1000w, https:\/\/kingarms.ee\/wp-content\/uploads\/2023\/03\/SM25013_IMG_ALT1_1000-300x300.jpg 300w, https:\/\/kingarms.ee\/wp-content\/uploads\/2023\/03\/SM25013_IMG_ALT1_1000-150x150.jpg 150w, https:\/\/kingarms.ee\/wp-content\/uploads\/2023\/03\/SM25013_IMG_ALT1_1000-768x768.jpg 768w, https:\/\/kingarms.ee\/wp-content\/uploads\/2023\/03\/SM25013_IMG_ALT1_1000-500x500.jpg 500w\" sizes=\"auto, (max-width: 1000px) 100vw, 1000px\" \/><\/p>\n","protected":false},"excerpt":{"rendered":"<p>LoPro Combo lamp VIS \/ IR un green laser (Sightmark) funkcijas:<\/p>\n<p>LoPro zibspuldzes redzam\u0101 \/ IR za\u013c\u0101 l\u0101zera redzes kombin\u0101cija<br \/>\nKr\u0101sa: melna<br \/>\nL\u0101zera klase IIIA<br \/>\nL\u0101zera Redzam\u012bba dienasgaism\u0101: 50 jardi<br \/>\nL\u0101zera redzam\u012bba nakt\u012b: 600 Jardi<br \/>\nIR gaismek\u013ca jauda: 1800mW<br \/>\nIPX5-\u016bdensiztur\u012bgs<br \/>\nTriecieniztur\u012bgs: 2.4 m<br \/>\nGarums: 114mm<br \/>\nPlatums: 72mm<br \/>\nAugstums: 38.9 mm<br \/>\nKorpusa materi\u0101ls: alum\u012bnijs<br \/>\n1 MOA klik\u0161\u0137a piel\u0101go\u0161ana<br \/>\nTriecieniztur\u012bgs l\u012bdz 600g slodzei \/ l\u012bdz kalibram .308 uzvar\u0113t<br \/>\nSvars tikai 374 grami<br \/>\nPicatinny clip mount iek\u013cauts<br \/>\nIetver sk\u0101rienpaneli<br \/>\nIek\u013cauts CR123A akumulators<br \/>\nSkatiet \u0161o rakstu par sader\u012bgiem piederumiem, piederumiem<\/p>\n","protected":false},"featured_media":127925,"template":"","meta":{"_acf_changed":false},"product_brand":[],"product_cat":[1028,1037],"product_tag":[],"class_list":{"0":"post-150271","1":"product","2":"type-product","3":"status-publish","4":"has-post-thumbnail","6":"product_cat-lazeri","7":"product_cat-lukturisi","9":"first","10":"onbackorder","11":"taxable","12":"shipping-taxable","13":"product-type-simple"},"acf":[],"_links":{"self":[{"href":"https:\/\/kingarms.ee\/lv\/wp-json\/wp\/v2\/product\/150271","targetHints":{"allow":["GET"]}}],"collection":[{"href":"https:\/\/kingarms.ee\/lv\/wp-json\/wp\/v2\/product"}],"about":[{"href":"https:\/\/kingarms.ee\/lv\/wp-json\/wp\/v2\/types\/product"}],"wp:featuredmedia":[{"embeddable":true,"href":"https:\/\/kingarms.ee\/lv\/wp-json\/wp\/v2\/media\/127925"}],"wp:attachment":[{"href":"https:\/\/kingarms.ee\/lv\/wp-json\/wp\/v2\/media?parent=150271"}],"wp:term":[{"taxonomy":"product_brand","embeddable":true,"href":"https:\/\/kingarms.ee\/lv\/wp-json\/wp\/v2\/product_brand?post=150271"},{"taxonomy":"product_cat","embeddable":true,"href":"https:\/\/kingarms.ee\/lv\/wp-json\/wp\/v2\/product_cat?post=150271"},{"taxonomy":"product_tag","embeddable":true,"href":"https:\/\/kingarms.ee\/lv\/wp-json\/wp\/v2\/product_tag?post=150271"}],"curies":[{"name":"wp","href":"https:\/\/api.w.org\/{rel}","templated":true}]}}