{"id":150281,"date":"2023-03-22T15:03:49","date_gmt":"2025-05-26T15:16:12","guid":{"rendered":"https:\/\/kingarms.ee\/product\/43-cal-gumijas-bumbinas-100-gab\/"},"modified":"2025-05-26T18:16:12","modified_gmt":"2025-05-26T15:16:12","slug":"43-cal-gumijas-bumbinas-100-gab","status":"publish","type":"product","link":"https:\/\/kingarms.ee\/lv\/product\/43-cal-gumijas-bumbinas-100-gab\/","title":{"rendered":"43 Cal. Gumijas bumbi\u0146as \/ 100 gab."},"content":{"rendered":"<p><img loading=\"lazy\" decoding=\"async\" class=\"alignnone size-full wp-image-76347\" src=\"https:\/\/kingarms.ee\/wp-content\/uploads\/2023\/03\/razorgun-43-cal-rubber-bullets-100-pcs-1a7bbf57a8bd49f1a7216c1f168d5dcc-7731a8f4.jpg\" alt=\"\" width=\"900\" height=\"900\" srcset=\"https:\/\/kingarms.ee\/wp-content\/uploads\/2023\/03\/razorgun-43-cal-rubber-bullets-100-pcs-1a7bbf57a8bd49f1a7216c1f168d5dcc-7731a8f4.jpg 900w, https:\/\/kingarms.ee\/wp-content\/uploads\/2023\/03\/razorgun-43-cal-rubber-bullets-100-pcs-1a7bbf57a8bd49f1a7216c1f168d5dcc-7731a8f4-300x300.jpg 300w, https:\/\/kingarms.ee\/wp-content\/uploads\/2023\/03\/razorgun-43-cal-rubber-bullets-100-pcs-1a7bbf57a8bd49f1a7216c1f168d5dcc-7731a8f4-150x150.jpg 150w, https:\/\/kingarms.ee\/wp-content\/uploads\/2023\/03\/razorgun-43-cal-rubber-bullets-100-pcs-1a7bbf57a8bd49f1a7216c1f168d5dcc-7731a8f4-768x768.jpg 768w, https:\/\/kingarms.ee\/wp-content\/uploads\/2023\/03\/razorgun-43-cal-rubber-bullets-100-pcs-1a7bbf57a8bd49f1a7216c1f168d5dcc-7731a8f4-500x500.jpg 500w\" sizes=\"auto, (max-width: 900px) 100vw, 900px\" \/><\/p>\n","protected":false},"excerpt":{"rendered":"<p>RazorGun 43 kal. gumijas lodes \/ 100 k\u0101rtas ir m\u0101c\u012bbu un aizsardz\u012bbas mun\u012bcija RAM mar\u0137ieriem.<\/p>\n<p>RazorGun gumijas mun\u012bcija ir veidota ar RAM mar\u0137ieriem Amatieru \u0161au\u0161anai, pa\u0161aizsardz\u012bbai, apm\u0101c\u012bbai un taktiskajai apm\u0101c\u012bbai.<\/p>\n<p>Ciet\u0101s gumijas lod\u0113m ir prec\u012bza sf\u0113riska forma un gluda virsma, kas pozit\u012bvi ietekm\u0113 precizit\u0101ti un nov\u0113r\u0161 aizsprostojumus \u0161au\u0161anas laik\u0101. Gumijas lodes tr\u0101p\u012bja m\u0113r\u0137\u012b ar lielu ener\u0123iju, nodarot s\u0101pes pat caur biez\u0101ku ap\u0123\u0113rba sl\u0101ni. <\/p>\n","protected":false},"featured_media":127883,"template":"","meta":{"_acf_changed":false},"product_brand":[],"product_cat":[1049],"product_tag":[],"class_list":{"0":"post-150281","1":"product","2":"type-product","3":"status-publish","4":"has-post-thumbnail","6":"product_cat-gumijas-brankasss","8":"first","9":"onbackorder","10":"taxable","11":"shipping-taxable","12":"product-type-simple"},"acf":[],"_links":{"self":[{"href":"https:\/\/kingarms.ee\/lv\/wp-json\/wp\/v2\/product\/150281","targetHints":{"allow":["GET"]}}],"collection":[{"href":"https:\/\/kingarms.ee\/lv\/wp-json\/wp\/v2\/product"}],"about":[{"href":"https:\/\/kingarms.ee\/lv\/wp-json\/wp\/v2\/types\/product"}],"wp:featuredmedia":[{"embeddable":true,"href":"https:\/\/kingarms.ee\/lv\/wp-json\/wp\/v2\/media\/127883"}],"wp:attachment":[{"href":"https:\/\/kingarms.ee\/lv\/wp-json\/wp\/v2\/media?parent=150281"}],"wp:term":[{"taxonomy":"product_brand","embeddable":true,"href":"https:\/\/kingarms.ee\/lv\/wp-json\/wp\/v2\/product_brand?post=150281"},{"taxonomy":"product_cat","embeddable":true,"href":"https:\/\/kingarms.ee\/lv\/wp-json\/wp\/v2\/product_cat?post=150281"},{"taxonomy":"product_tag","embeddable":true,"href":"https:\/\/kingarms.ee\/lv\/wp-json\/wp\/v2\/product_tag?post=150281"}],"curies":[{"name":"wp","href":"https:\/\/api.w.org\/{rel}","templated":true}]}}