{"id":150284,"date":"2023-03-09T20:54:33","date_gmt":"2025-05-26T15:21:36","guid":{"rendered":"https:\/\/kingarms.ee\/product\/hn-testester-diabolo-45-mm\/"},"modified":"2025-05-26T18:21:36","modified_gmt":"2025-05-26T15:21:36","slug":"hn-testester-diabolo-45-mm","status":"publish","type":"product","link":"https:\/\/kingarms.ee\/lv\/product\/hn-testester-diabolo-45-mm\/","title":{"rendered":"H&amp;N testester Diabolo 4,5 mm"},"content":{"rendered":"<p><img loading=\"lazy\" decoding=\"async\" class=\"alignnone size-full wp-image-75861\" src=\"https:\/\/kingarms.ee\/wp-content\/uploads\/2023\/03\/h-amp-n-tester-hunting-diabolo-shot-4-5-215-1dee9fa068b0440690abef5f11c93129-09f9ea0e.jpg\" alt=\"\" width=\"900\" height=\"900\" srcset=\"https:\/\/kingarms.ee\/wp-content\/uploads\/2023\/03\/h-amp-n-tester-hunting-diabolo-shot-4-5-215-1dee9fa068b0440690abef5f11c93129-09f9ea0e.jpg 900w, https:\/\/kingarms.ee\/wp-content\/uploads\/2023\/03\/h-amp-n-tester-hunting-diabolo-shot-4-5-215-1dee9fa068b0440690abef5f11c93129-09f9ea0e-300x300.jpg 300w, https:\/\/kingarms.ee\/wp-content\/uploads\/2023\/03\/h-amp-n-tester-hunting-diabolo-shot-4-5-215-1dee9fa068b0440690abef5f11c93129-09f9ea0e-150x150.jpg 150w, https:\/\/kingarms.ee\/wp-content\/uploads\/2023\/03\/h-amp-n-tester-hunting-diabolo-shot-4-5-215-1dee9fa068b0440690abef5f11c93129-09f9ea0e-768x768.jpg 768w, https:\/\/kingarms.ee\/wp-content\/uploads\/2023\/03\/h-amp-n-tester-hunting-diabolo-shot-4-5-215-1dee9fa068b0440690abef5f11c93129-09f9ea0e-500x500.jpg 500w\" sizes=\"auto, (max-width: 900px) 100vw, 900px\" \/><\/p>\n","protected":false},"excerpt":{"rendered":"<p>H&amp;N testester Diabolo 4,5 mm<\/p>\n<p>Komplekt\u0101 ietilpst:<\/p>\n<p>H &amp; N Baracuda Hunter shot-prec\u012bza, vid\u0113ja svara med\u012bbu bumba, kas paredz\u0113ta att\u0101lumiem virs 50 m.<br \/>\nH &amp; N Silver Point shotgun-liel\u0101 kausa d\u0113\u013c bise ir ieteicama sp\u0113c\u012bgiem v\u0113ja iero\u010diem gan ar PCP, gan ar atsperi, \u013coti lielu s\u0101kotn\u0113jo \u0101trumu.<br \/>\nH &amp; N Crow Magnum-virs vid\u0113j\u0101 svara, gludums un r\u016bp\u012bga meistar\u012bba padara to par \u013coti prec\u012bzu p\u0101rspr\u0101g\u0161anas \u0161\u0101vienu.<\/p>\n<p>Kalibrs [mm] 4.5 mm<br \/>\nIepakojuma veids plastmasas blisteris<br \/>\nDaudzums [Gab.] 215<br \/>\nV\u012bt\u0146ots pie mucas<br \/>\nStroke diabolo Tips<br \/>\nShotgun forma plakana, smaile, apa\u013ca galva, caurums<br \/>\n\u0160autenes komplekta elementi<br \/>\nH &amp; N Field Target Trophy Green-40 Gab.,<br \/>\nH &amp; N Lauka M\u0113r\u0137a Trofeja-40 Gab.,<br \/>\nH &amp; N Baracuda Hunter Extreme-35 Gab.,<br \/>\nH &amp; N Baracuda Jauda-35 Gab.,<br \/>\nH &amp; N Sudraba Punkts-30 Gab.,<br \/>\nH &amp; N Crow Magnum-35 Gab.<br \/>\nRa\u017eot\u0101js H &amp; N Sport, V\u0101cija<\/p>\n","protected":false},"featured_media":127654,"template":"","meta":{"_acf_changed":false},"product_brand":[],"product_cat":[1047],"product_tag":[],"class_list":{"0":"post-150284","1":"product","2":"type-product","3":"status-publish","4":"has-post-thumbnail","6":"product_cat-airuna-4-5-mm","8":"first","9":"instock","10":"taxable","11":"shipping-taxable","12":"purchasable","13":"product-type-simple"},"acf":[],"_links":{"self":[{"href":"https:\/\/kingarms.ee\/lv\/wp-json\/wp\/v2\/product\/150284","targetHints":{"allow":["GET"]}}],"collection":[{"href":"https:\/\/kingarms.ee\/lv\/wp-json\/wp\/v2\/product"}],"about":[{"href":"https:\/\/kingarms.ee\/lv\/wp-json\/wp\/v2\/types\/product"}],"wp:featuredmedia":[{"embeddable":true,"href":"https:\/\/kingarms.ee\/lv\/wp-json\/wp\/v2\/media\/127654"}],"wp:attachment":[{"href":"https:\/\/kingarms.ee\/lv\/wp-json\/wp\/v2\/media?parent=150284"}],"wp:term":[{"taxonomy":"product_brand","embeddable":true,"href":"https:\/\/kingarms.ee\/lv\/wp-json\/wp\/v2\/product_brand?post=150284"},{"taxonomy":"product_cat","embeddable":true,"href":"https:\/\/kingarms.ee\/lv\/wp-json\/wp\/v2\/product_cat?post=150284"},{"taxonomy":"product_tag","embeddable":true,"href":"https:\/\/kingarms.ee\/lv\/wp-json\/wp\/v2\/product_tag?post=150284"}],"curies":[{"name":"wp","href":"https:\/\/api.w.org\/{rel}","templated":true}]}}