{"id":150288,"date":"2023-03-09T20:32:39","date_gmt":"2025-05-26T15:27:49","guid":{"rendered":"https:\/\/kingarms.ee\/product\/mumber-drafts-500ml-ballistola\/"},"modified":"2025-05-26T18:27:49","modified_gmt":"2025-05-26T15:27:49","slug":"mumber-drafts-500ml-ballistola","status":"publish","type":"product","link":"https:\/\/kingarms.ee\/lv\/product\/mumber-drafts-500ml-ballistola\/","title":{"rendered":"Mumber drafts 500ml (ballistola)"},"content":{"rendered":"<p><img loading=\"lazy\" decoding=\"async\" class=\"alignnone size-full wp-image-75815\" src=\"https:\/\/kingarms.ee\/wp-content\/uploads\/2023\/03\/ballistol-muffler-cleaner-500-ml-0df8c0bfcb1d41f9b097e2c058dc5bbc-65697ba4.jpg\" alt=\"\" width=\"900\" height=\"900\" srcset=\"https:\/\/kingarms.ee\/wp-content\/uploads\/2023\/03\/ballistol-muffler-cleaner-500-ml-0df8c0bfcb1d41f9b097e2c058dc5bbc-65697ba4.jpg 900w, https:\/\/kingarms.ee\/wp-content\/uploads\/2023\/03\/ballistol-muffler-cleaner-500-ml-0df8c0bfcb1d41f9b097e2c058dc5bbc-65697ba4-300x300.jpg 300w, https:\/\/kingarms.ee\/wp-content\/uploads\/2023\/03\/ballistol-muffler-cleaner-500-ml-0df8c0bfcb1d41f9b097e2c058dc5bbc-65697ba4-150x150.jpg 150w, https:\/\/kingarms.ee\/wp-content\/uploads\/2023\/03\/ballistol-muffler-cleaner-500-ml-0df8c0bfcb1d41f9b097e2c058dc5bbc-65697ba4-768x768.jpg 768w, https:\/\/kingarms.ee\/wp-content\/uploads\/2023\/03\/ballistol-muffler-cleaner-500-ml-0df8c0bfcb1d41f9b097e2c058dc5bbc-65697ba4-500x500.jpg 500w\" sizes=\"auto, (max-width: 900px) 100vw, 900px\" \/><\/p>\n","protected":false},"excerpt":{"rendered":"<p>Silencer cleaner 500ml (Ballistol) ir profesion\u0101ls trok\u0161\u0146a sl\u0101p\u0113t\u0101ja t\u012br\u012bt\u0101js, kas efekt\u012bvi iz\u0161\u0137\u012bdina un neitraliz\u0113 sadedzin\u0101tos \u0161aujampulvera atlikumus. A\u0123ents ir \u012bpa\u0161i ieteicams nepapla\u0161in\u0101mas konstrukcijas klusin\u0101t\u0101jiem. <\/p>\n<p>Pat lab\u0101kais Trok\u0161\u0146a sl\u0101p\u0113t\u0101js p\u0113c k\u0101da laika aizsprosto, kas palielina berzi un pal\u0113nina iz\u0161auto lodi. Sl\u0101p\u0113t\u0101ja regul\u0101ra apkope ir lab\u0101kais veids, k\u0101 nodro\u0161in\u0101t optim\u0101lu veiktsp\u0113ju. Probl\u0113ma rodas, ja trok\u0161\u0146a sl\u0101p\u0113t\u0101jam ir neat\u0146emams dizains, kas ac\u012bmredzami apgr\u016btina piek\u013cuvi \u0161aur\u0101m deta\u013c\u0101m. \u0160\u0101d\u0101 situ\u0101cij\u0101 ir v\u0113rts izmantot Ballistol professional silencer cleaner, kas efekt\u012bvi iz\u0161\u0137\u012bdina, no\u0146em un izskalo visus tur paliku\u0161os piemais\u012bjumus. Prepar\u0101ts nesatur sk\u0101bes, ir bez smar\u017eas, neitr\u0101ls liel\u0101kajai da\u013cai materi\u0101lu, tam ir virsmakt\u012bv\u0101 iedarb\u012bba.    <\/p>\n<p>Sagatavo\u0161ana trok\u0161\u0146a sl\u0101p\u0113t\u0101ju t\u012br\u012b\u0161anai<\/p>\n<p>iz\u0161\u0137\u012bdina un neitraliz\u0113 sadedzin\u0101tos \u0161aujampulvera atlikumus<br \/>\ndarbojas autom\u0101tiski, bez nepiecie\u0161am\u012bbas izjaukt trok\u0161\u0146a sl\u0101p\u0113t\u0101ju<br \/>\nviegli un efekt\u012bvi izmantot<br \/>\npamatojoties uz sk\u0101bi nesaturo\u0161\u0101m, neitr\u0101l\u0101m virsmakt\u012bv\u0101m viel\u0101m<br \/>\ndarbojas spont\u0101ni jau p\u0113c 2 stund\u0101m.<br \/>\nK\u0101 lietot Ballistol trok\u0161\u0146a sl\u0101p\u0113t\u0101ja t\u012br\u012bt\u0101ju?<br \/>\nIzjauktas konstrukcijas trok\u0161\u0146a sl\u0101p\u0113t\u0101ji-p\u0113c trok\u0161\u0146a sl\u0101p\u0113t\u0101ja izjauk\u0161anas t\u0101 sast\u0101vda\u013cas iegremd\u0113 t\u012br\u012bt\u0101j\u0101 un atst\u0101j apm\u0113ram 2 stundas (parastie net\u012brumi). P\u0113c \u0161\u012b laika m\u0113s no\u0146emam net\u012brumus, izmantojot m\u012bkstu suku un \u016bdeni. Ballistol trok\u0161\u0146a sl\u0101p\u0113t\u0101ja t\u012br\u012bt\u0101ju var izmantot ar\u012b t\u012br\u012b\u0161anai ultraska\u0146as t\u012br\u012bt\u0101j\u0101.  <\/p>\n<p>Nebl\u012bv\u0113jo\u0161a dizaina trok\u0161\u0146a sl\u0101p\u0113t\u0101ji-Trok\u0161\u0146a sl\u0101p\u0113t\u0101js vien\u0101 pus\u0113 cie\u0161i (piem\u0113ram, ar ausu aizb\u0101zni), p\u0113c tam piepildiet Ballistool ar mazg\u0101\u0161anas l\u012bdzekli un atst\u0101jiet 2 stundas. Norm\u0101li net\u012brumi iz\u0161\u0137\u012bst apm\u0113ram p\u0113c 2 stund\u0101m. P\u0113c \u0161\u012b laika m\u0113s no\u0146emam t\u012br\u012b\u0161anas l\u012bdzekli no trok\u0161\u0146a sl\u0101p\u0113t\u0101ja, l\u012bdz pusei piepild\u0101m ar siltu \u016bdeni, atkal pievienojam kontaktligzdas un ener\u0123iski krata. P\u0113c t\u012br\u012b\u0161anas ieteicams izmantot trok\u0161\u0146a sl\u0101p\u0113t\u0101ja virsmas aizsargu. Situ\u0101cij\u0101, kad m\u016bsu Trok\u0161\u0146a sl\u0101p\u0113t\u0101js ir \u013coti net\u012brs, vielu pirms lieto\u0161anas var uzsild\u012bt l\u012bdz 40ulg C un atst\u0101t trok\u0161\u0146a sl\u0101p\u0113t\u0101j\u0101 ilg\u0101ku laiku, piem\u0113ram, no 4 l\u012bdz 8 stund\u0101m. \u012apa\u0161i net\u012briem trok\u0161\u0146a sl\u0101p\u0113t\u0101jiem kalpo\u0161anas laiku var pagarin\u0101t l\u012bdz 24 stund\u0101m.     <\/p>\n<p>Piez\u012bme: Pirms t\u012br\u012b\u0161anas l\u012bdzek\u013ca pareizas uzkl\u0101\u0161anas p\u0101rbaudiet t\u0101 reakciju ar trok\u0161\u0146a sl\u0101p\u0113t\u0101ja materi\u0101lu neuzkr\u012bto\u0161\u0101 viet\u0101. T\u012br\u012b\u0161anas l\u012bdzek\u013ca kr\u0101sas mai\u0146a ir norm\u0101la par\u0101d\u012bba, kas nor\u0101da uz net\u012brumu iz\u0161\u0137\u012b\u0161anu un neitraliz\u0101ciju. <\/p>\n","protected":false},"featured_media":131919,"template":"","meta":{"_acf_changed":false},"product_brand":[],"product_cat":[1012],"product_tag":[],"class_list":{"0":"post-150288","1":"product","2":"type-product","3":"status-publish","4":"has-post-thumbnail","6":"product_cat-ierocu-uzturesana","8":"first","9":"onbackorder","10":"taxable","11":"shipping-taxable","12":"product-type-simple"},"acf":[],"_links":{"self":[{"href":"https:\/\/kingarms.ee\/lv\/wp-json\/wp\/v2\/product\/150288","targetHints":{"allow":["GET"]}}],"collection":[{"href":"https:\/\/kingarms.ee\/lv\/wp-json\/wp\/v2\/product"}],"about":[{"href":"https:\/\/kingarms.ee\/lv\/wp-json\/wp\/v2\/types\/product"}],"wp:featuredmedia":[{"embeddable":true,"href":"https:\/\/kingarms.ee\/lv\/wp-json\/wp\/v2\/media\/131919"}],"wp:attachment":[{"href":"https:\/\/kingarms.ee\/lv\/wp-json\/wp\/v2\/media?parent=150288"}],"wp:term":[{"taxonomy":"product_brand","embeddable":true,"href":"https:\/\/kingarms.ee\/lv\/wp-json\/wp\/v2\/product_brand?post=150288"},{"taxonomy":"product_cat","embeddable":true,"href":"https:\/\/kingarms.ee\/lv\/wp-json\/wp\/v2\/product_cat?post=150288"},{"taxonomy":"product_tag","embeddable":true,"href":"https:\/\/kingarms.ee\/lv\/wp-json\/wp\/v2\/product_tag?post=150288"}],"curies":[{"name":"wp","href":"https:\/\/api.w.org\/{rel}","templated":true}]}}