{"id":150290,"date":"2023-03-09T20:25:45","date_gmt":"2025-05-26T15:31:41","guid":{"rendered":"https:\/\/kingarms.ee\/product\/vortex-vmx-3t-palielinat-uz-sarkanu\/"},"modified":"2025-05-26T18:31:41","modified_gmt":"2025-05-26T15:31:41","slug":"vortex-vmx-3t-palielinat-uz-sarkanu","status":"publish","type":"product","link":"https:\/\/kingarms.ee\/lv\/product\/vortex-vmx-3t-palielinat-uz-sarkanu\/","title":{"rendered":"Vortex VMX-3T palielin\u0101t uz sarkanu"},"content":{"rendered":"<p><img loading=\"lazy\" decoding=\"async\" class=\"alignnone size-full wp-image-75795\" src=\"https:\/\/kingarms.ee\/wp-content\/uploads\/2023\/03\/vortex-vmx-3t-enlarger-for-collimator-e10414c770ba4910a866854825d93827-d4790e63.jpg\" alt=\"\" width=\"900\" height=\"900\" srcset=\"https:\/\/kingarms.ee\/wp-content\/uploads\/2023\/03\/vortex-vmx-3t-enlarger-for-collimator-e10414c770ba4910a866854825d93827-d4790e63.jpg 900w, https:\/\/kingarms.ee\/wp-content\/uploads\/2023\/03\/vortex-vmx-3t-enlarger-for-collimator-e10414c770ba4910a866854825d93827-d4790e63-300x300.jpg 300w, https:\/\/kingarms.ee\/wp-content\/uploads\/2023\/03\/vortex-vmx-3t-enlarger-for-collimator-e10414c770ba4910a866854825d93827-d4790e63-150x150.jpg 150w, https:\/\/kingarms.ee\/wp-content\/uploads\/2023\/03\/vortex-vmx-3t-enlarger-for-collimator-e10414c770ba4910a866854825d93827-d4790e63-768x768.jpg 768w, https:\/\/kingarms.ee\/wp-content\/uploads\/2023\/03\/vortex-vmx-3t-enlarger-for-collimator-e10414c770ba4910a866854825d93827-d4790e63-500x500.jpg 500w\" sizes=\"auto, (max-width: 900px) 100vw, 900px\" \/><\/p>\n","protected":false},"excerpt":{"rendered":"<p>Vortex VMX-3T palielin\u0101t uz sarkanu<\/p>\n<p>Vienk\u0101r\u0161s, \u0101trs un \u0113rts \u2013 izmantojot vortex vmx-3t palielin\u0101mo v\u0101ci\u0146u Strikeefire un Sparc II kolimatoram, palielin\u0101sies j\u016bsu kolimatora palielin\u0101jums.<\/p>\n<p>V\u0101ci\u0146\u0161 ir apr\u012bkots ar patent\u0113tiem pretatstarojo\u0161iem p\u0101rkl\u0101jumiem optim\u0101lai gaismas caurlaid\u012bbai. R\u016bd\u012bts anod\u0113ts alum\u012bnijs nodro\u0161ina iztur\u012bbu un iztur\u012bbu pret boj\u0101jumiem. VMX &#8211; 3T ir pasarg\u0101ts no ievilk\u0161anas, injic\u0113jot sl\u0101pekli t\u0101 iek\u0161pus\u0113.  <\/p>\n<p>\u0160\u0137iedras<\/p>\n<p>vair\u0101ku p\u0101rkl\u0101jumu optika-uzlabo gaismas caurlaid\u012bbu, pateicoties pretatstarojo\u0161am p\u0101rkl\u0101jumam uz vis\u0101m l\u0113c\u0101m.<br \/>\n\u016adensiztur\u012bgs-pateicoties Bl\u012bvju izmanto\u0161anai, mitrums, putek\u013ci un putek\u013ci neietilpst ier\u012bc\u0113.<br \/>\nRasas iztur\u012bba &#8211; pateicoties sl\u0101pek\u013ca pild\u012bjumam, j\u016bs tagad izvair\u0101ties no situ\u0101cijas, kad l\u0113cas iztvaiko temperat\u016bras starp\u012bbas d\u0113\u013c<br \/>\nr\u016bd\u012bts Alum\u012bnijs-avi\u0101cijas tehnolo\u0123ija padara j\u016bsu redzi vieglu un \u013coti iztur\u012bgu pret triecieniem un visa veida boj\u0101jumiem<br \/>\nanod\u0113ts p\u0101rkl\u0101jums-v\u0113l liel\u0101ka iztur\u012bba, pateicoties anod\u0113tajam p\u0101rkl\u0101jumam. \u0160is p\u0101rkl\u0101jums daudzus gadus aizsarg\u0101s j\u016bsu darb\u012bbas jomu no skr\u0101p\u0113jumiem un korozijas. <\/p>\n<p>TEHNISKIE DATI:<br \/>\nAcu att\u0101lums [mm] 56<br \/>\nUzpildes G\u0101ze Sl\u0101peklis<br \/>\nLine\u0101rais redzes lauks 100 m [m]. 12<br \/>\nT\u0101lummai\u0146a [\u00d7]. 3<br \/>\nKop\u0113jais garums [mm]. 109<br \/>\nCaurules diametrs [mm].   30 mm (1,18 tolli)<br \/>\nKaal [g] 337<br \/>\nKollimaatori komplekti elemendid<br \/>\nkahekordistaja,<br \/>\nOptika puhastuslapp,<br \/>\ntootja garantii,<br \/>\nturustaja garantii,<br \/>\nturustaja k\u00e4siraamat,<br \/>\ntootja k\u00e4siraamat<br \/>\nGarantii periood<br \/>\nVIP eluaegne garantii* Vortex Opticsilt<br \/>\nTootja<br \/>\nVortex Optics, USA<br \/>\nTarnija s\u00fcmbol<br \/>\nVMX-3T<\/p>\n","protected":false},"featured_media":127615,"template":"","meta":{"_acf_changed":false},"product_brand":[],"product_cat":[1029],"product_tag":[],"class_list":{"0":"post-150290","1":"product","2":"type-product","3":"status-publish","4":"has-post-thumbnail","6":"product_cat-palielinajums","8":"first","9":"onbackorder","10":"taxable","11":"shipping-taxable","12":"product-type-simple"},"acf":[],"_links":{"self":[{"href":"https:\/\/kingarms.ee\/lv\/wp-json\/wp\/v2\/product\/150290","targetHints":{"allow":["GET"]}}],"collection":[{"href":"https:\/\/kingarms.ee\/lv\/wp-json\/wp\/v2\/product"}],"about":[{"href":"https:\/\/kingarms.ee\/lv\/wp-json\/wp\/v2\/types\/product"}],"wp:featuredmedia":[{"embeddable":true,"href":"https:\/\/kingarms.ee\/lv\/wp-json\/wp\/v2\/media\/127615"}],"wp:attachment":[{"href":"https:\/\/kingarms.ee\/lv\/wp-json\/wp\/v2\/media?parent=150290"}],"wp:term":[{"taxonomy":"product_brand","embeddable":true,"href":"https:\/\/kingarms.ee\/lv\/wp-json\/wp\/v2\/product_brand?post=150290"},{"taxonomy":"product_cat","embeddable":true,"href":"https:\/\/kingarms.ee\/lv\/wp-json\/wp\/v2\/product_cat?post=150290"},{"taxonomy":"product_tag","embeddable":true,"href":"https:\/\/kingarms.ee\/lv\/wp-json\/wp\/v2\/product_tag?post=150290"}],"curies":[{"name":"wp","href":"https:\/\/api.w.org\/{rel}","templated":true}]}}