{"id":150292,"date":"2023-03-09T20:14:19","date_gmt":"2025-05-26T15:34:44","guid":{"rendered":"https:\/\/kingarms.ee\/product\/stabila-sausanas-baze-razorgun\/"},"modified":"2025-05-26T18:34:44","modified_gmt":"2025-05-26T15:34:44","slug":"stabila-sausanas-baze-razorgun","status":"publish","type":"product","link":"https:\/\/kingarms.ee\/lv\/product\/stabila-sausanas-baze-razorgun\/","title":{"rendered":"Stabila \u0161au\u0161anas b\u0101ze (Razorgun)"},"content":{"rendered":"<p><img loading=\"lazy\" decoding=\"async\" class=\"alignnone size-full wp-image-75767\" src=\"https:\/\/kingarms.ee\/wp-content\/uploads\/2023\/03\/razorgun-steady-shooting-stand-base-129c2ecd52534d4a8091ddb617a32b41-a16a183e.jpg\" alt=\"\" width=\"900\" height=\"900\" srcset=\"https:\/\/kingarms.ee\/wp-content\/uploads\/2023\/03\/razorgun-steady-shooting-stand-base-129c2ecd52534d4a8091ddb617a32b41-a16a183e.jpg 900w, https:\/\/kingarms.ee\/wp-content\/uploads\/2023\/03\/razorgun-steady-shooting-stand-base-129c2ecd52534d4a8091ddb617a32b41-a16a183e-300x300.jpg 300w, https:\/\/kingarms.ee\/wp-content\/uploads\/2023\/03\/razorgun-steady-shooting-stand-base-129c2ecd52534d4a8091ddb617a32b41-a16a183e-150x150.jpg 150w, https:\/\/kingarms.ee\/wp-content\/uploads\/2023\/03\/razorgun-steady-shooting-stand-base-129c2ecd52534d4a8091ddb617a32b41-a16a183e-768x768.jpg 768w, https:\/\/kingarms.ee\/wp-content\/uploads\/2023\/03\/razorgun-steady-shooting-stand-base-129c2ecd52534d4a8091ddb617a32b41-a16a183e-500x500.jpg 500w\" sizes=\"auto, (max-width: 900px) 100vw, 900px\" \/><\/p>\n","protected":false},"excerpt":{"rendered":"<p>Stabils \u0161au\u0161anas stat\u012bvs (RazorGun) ir profesion\u0101ls stat\u012bvs, kas nodro\u0161ina stabilit\u0101ti, kad ieroci nulles. Ide\u0101ls r\u012bks tiem, kas v\u0113las pareizi un prec\u012bzi iestat\u012bt iero\u010dus. <\/p>\n<p>Pamats iero\u010du asin\u0101\u0161anai un t\u012br\u012b\u0161anai<br \/>\nIero\u010du \u0161au\u0161anas stends ir neaizst\u0101jams l\u012bdzeklis sporta \u0161\u0101v\u0113jiem un medniekiem, lai pareizi iestat\u012btu m\u0113r\u0137a instrumentus. Stendu var izmantot ar\u012b Iero\u010du t\u012br\u012b\u0161anai un iero\u010du izgatavo\u0161anai. <\/p>\n<p>Stenda galvenais uzdevums ir nov\u0113rst \u0161\u0101v\u0113ja k\u013c\u016bdas (vibr\u0101ciju, st\u0101ju, nogurumu), kas var trauc\u0113t vai kav\u0113t prec\u012bzu \u0161autenes \u0161au\u0161anas procesu. Plaukts kalpo k\u0101 pamatne un tur\u0113t\u0101js, kur\u0101 m\u0113s stabili nostiprin\u0101m ieroci. Izsl\u0113dzot savas k\u013c\u016bdas, p\u0113c pareizas t\u0113m\u0113k\u013cu iestat\u012b\u0161anas \u0161\u0101v\u0113js var ieg\u016bt atk\u0101rtojamu tr\u0101p\u012bjuma punktu.  <\/p>\n<p>T\u0113rauda konstrukcija<br \/>\nStat\u012bvam ir smaga konstrukcija, kas izgatavota no t\u0113rauda profiliem, kas nodro\u0161ina pietiekamu stabilit\u0101ti un stingr\u012bbu, \u0161aujot liela kalibra ieroci. Pamatnes aug\u0161delmu var noregul\u0113t vertik\u0101li no -5 &#8220;l\u012bdz +20&#8221;. Iero\u010da stiprin\u0101\u0161anai tiek izmantotas met\u0101la dak\u0161as ar stingru Velcro spilventi\u0146u un \u0101das ieliktni. \u0160ie risin\u0101jumi \u013cauj stabili novietot ieroci uz pamatnes, nerisk\u0113jot to saskr\u0101p\u0113t. Rokas un iero\u010du stiprin\u0101jumu augstumu var prec\u012bzi noregul\u0113t ar aizsl\u0113dzam\u0101m pog\u0101m bez instrumentiem. Papla\u0161in\u0101t\u0101s pogas ir \u0113rti lietojamas, un t\u0101s var izmantot pat ar cimdiem. Pamatnei ir nesl\u012bdo\u0161as gumijas k\u0101jas, kuras var aizst\u0101t ar tap\u0101m (nav iek\u013cautas komplekt\u0101).      <\/p>\n","protected":false},"featured_media":134398,"template":"","meta":{"_acf_changed":false},"product_brand":[],"product_cat":[1063,1180],"product_tag":[],"class_list":{"0":"post-150292","1":"product","2":"type-product","3":"status-publish","4":"has-post-thumbnail","6":"product_cat-merki","7":"product_cat-sausanas-somas","9":"first","10":"onbackorder","11":"taxable","12":"shipping-taxable","13":"product-type-simple"},"acf":[],"_links":{"self":[{"href":"https:\/\/kingarms.ee\/lv\/wp-json\/wp\/v2\/product\/150292","targetHints":{"allow":["GET"]}}],"collection":[{"href":"https:\/\/kingarms.ee\/lv\/wp-json\/wp\/v2\/product"}],"about":[{"href":"https:\/\/kingarms.ee\/lv\/wp-json\/wp\/v2\/types\/product"}],"wp:featuredmedia":[{"embeddable":true,"href":"https:\/\/kingarms.ee\/lv\/wp-json\/wp\/v2\/media\/134398"}],"wp:attachment":[{"href":"https:\/\/kingarms.ee\/lv\/wp-json\/wp\/v2\/media?parent=150292"}],"wp:term":[{"taxonomy":"product_brand","embeddable":true,"href":"https:\/\/kingarms.ee\/lv\/wp-json\/wp\/v2\/product_brand?post=150292"},{"taxonomy":"product_cat","embeddable":true,"href":"https:\/\/kingarms.ee\/lv\/wp-json\/wp\/v2\/product_cat?post=150292"},{"taxonomy":"product_tag","embeddable":true,"href":"https:\/\/kingarms.ee\/lv\/wp-json\/wp\/v2\/product_tag?post=150292"}],"curies":[{"name":"wp","href":"https:\/\/api.w.org\/{rel}","templated":true}]}}