{"id":150296,"date":"2023-03-09T19:08:22","date_gmt":"2025-05-26T15:41:26","guid":{"rendered":"https:\/\/kingarms.ee\/product\/silikona-tauki-ptfe-tauki-protech\/"},"modified":"2025-05-26T18:41:26","modified_gmt":"2025-05-26T15:41:26","slug":"silikona-tauki-ptfe-tauki-protech","status":"publish","type":"product","link":"https:\/\/kingarms.ee\/lv\/product\/silikona-tauki-ptfe-tauki-protech\/","title":{"rendered":"Silikona tauki + ptfe tauki (Protech)"},"content":{"rendered":"<p><img loading=\"lazy\" decoding=\"async\" class=\"alignnone size-full wp-image-75689\" src=\"https:\/\/kingarms.ee\/wp-content\/uploads\/2023\/03\/pro-tech-guns-two-pack-of-silicone-grease-ptfe-grease-d313805dd359496fb298b0aed2eac2a8-1905c1bc.jpg\" alt=\"\" width=\"900\" height=\"900\" srcset=\"https:\/\/kingarms.ee\/wp-content\/uploads\/2023\/03\/pro-tech-guns-two-pack-of-silicone-grease-ptfe-grease-d313805dd359496fb298b0aed2eac2a8-1905c1bc.jpg 900w, https:\/\/kingarms.ee\/wp-content\/uploads\/2023\/03\/pro-tech-guns-two-pack-of-silicone-grease-ptfe-grease-d313805dd359496fb298b0aed2eac2a8-1905c1bc-300x300.jpg 300w, https:\/\/kingarms.ee\/wp-content\/uploads\/2023\/03\/pro-tech-guns-two-pack-of-silicone-grease-ptfe-grease-d313805dd359496fb298b0aed2eac2a8-1905c1bc-150x150.jpg 150w, https:\/\/kingarms.ee\/wp-content\/uploads\/2023\/03\/pro-tech-guns-two-pack-of-silicone-grease-ptfe-grease-d313805dd359496fb298b0aed2eac2a8-1905c1bc-768x768.jpg 768w, https:\/\/kingarms.ee\/wp-content\/uploads\/2023\/03\/pro-tech-guns-two-pack-of-silicone-grease-ptfe-grease-d313805dd359496fb298b0aed2eac2a8-1905c1bc-500x500.jpg 500w\" sizes=\"auto, (max-width: 900px) 100vw, 900px\" \/><\/p>\n","protected":false},"excerpt":{"rendered":"<p>Silikona tauki + ptfe tauki (Protech)<\/p>\n<p>Divi iepakojumi ar silikona sm\u0113rvielu + PTFE sm\u0113rvielu (ProTech) sm\u0113rviel\u0101m iero\u010du un ASG kopiju kop\u0161anai, kas ietver 2 sm\u0113rvielas: silikonu un teflona PTFE.<\/p>\n<p>Teflonptfe e\u013c\u013ca no Protech guns ir sm\u0113rviela, kas paredz\u0113ta visu iero\u010da \u0101r\u0113jo komponentu kop\u0161anai. E\u013c\u013ca efekt\u012bvi samazina visu iero\u010da kust\u012bgo meh\u0101nismu berzi, kas nodro\u0161ina vienm\u0113r\u012bgu pat smalk\u0101ko meh\u0101nismu darb\u012bbu. Regul\u0101ra teflona e\u013c\u013cas izmanto\u0161ana nodro\u0161ina iero\u010du komponentu bezsp\u0113c\u012bgu darb\u012bbu. E\u013c\u013ca neatst\u0101j taukainas z\u012bmes, pateicoties kur\u0101m to var izmantot lielos daudzumos. P\u0113c lieto\u0161anas e\u013c\u013ca veido t\u012bru sl\u0101ni, kas neuzs\u016bc net\u012brumus un putek\u013cus. Papildu priek\u0161roc\u012bba ir t\u0101 augst\u0101 iztur\u012bba pret laika apst\u0101k\u013ciem. Instruments ir piln\u012bgi \u016bdensnecaurlaid\u012bgs ar neitr\u0101lu pH, var iztur\u0113t gan augstu, gan zemu temperat\u016bru, t\u0101p\u0113c tas var darboties praktiski jebkur\u0101 situ\u0101cij\u0101. Pateicoties t\u0101s unik\u0101lajai konsistencei, t\u0101 izvirz\u0101s visos iero\u010da st\u016bros un aizsarg\u0101 to ilgu laiku.       <\/p>\n","protected":false},"featured_media":127553,"template":"","meta":{"_acf_changed":false},"product_brand":[],"product_cat":[1012],"product_tag":[],"class_list":{"0":"post-150296","1":"product","2":"type-product","3":"status-publish","4":"has-post-thumbnail","6":"product_cat-ierocu-uzturesana","8":"first","9":"instock","10":"taxable","11":"shipping-taxable","12":"purchasable","13":"product-type-simple"},"acf":[],"_links":{"self":[{"href":"https:\/\/kingarms.ee\/lv\/wp-json\/wp\/v2\/product\/150296","targetHints":{"allow":["GET"]}}],"collection":[{"href":"https:\/\/kingarms.ee\/lv\/wp-json\/wp\/v2\/product"}],"about":[{"href":"https:\/\/kingarms.ee\/lv\/wp-json\/wp\/v2\/types\/product"}],"wp:featuredmedia":[{"embeddable":true,"href":"https:\/\/kingarms.ee\/lv\/wp-json\/wp\/v2\/media\/127553"}],"wp:attachment":[{"href":"https:\/\/kingarms.ee\/lv\/wp-json\/wp\/v2\/media?parent=150296"}],"wp:term":[{"taxonomy":"product_brand","embeddable":true,"href":"https:\/\/kingarms.ee\/lv\/wp-json\/wp\/v2\/product_brand?post=150296"},{"taxonomy":"product_cat","embeddable":true,"href":"https:\/\/kingarms.ee\/lv\/wp-json\/wp\/v2\/product_cat?post=150296"},{"taxonomy":"product_tag","embeddable":true,"href":"https:\/\/kingarms.ee\/lv\/wp-json\/wp\/v2\/product_tag?post=150296"}],"curies":[{"name":"wp","href":"https:\/\/api.w.org\/{rel}","templated":true}]}}