{"id":150299,"date":"2023-03-09T18:24:11","date_gmt":"2023-03-09T15:24:11","guid":{"rendered":"https:\/\/kingarms.ee\/product\/pits-salmu-paklajs-prieksgalam-80x8cm\/"},"modified":"2025-05-26T18:43:59","modified_gmt":"2025-05-26T15:43:59","slug":"pits-salmu-paklajs-prieksgalam-80x8cm","status":"publish","type":"product","link":"https:\/\/kingarms.ee\/lv\/product\/pits-salmu-paklajs-prieksgalam-80x8cm\/","title":{"rendered":"P\u012bts salmu pakl\u0101js priek\u0161galam 80x8cm"},"content":{"rendered":"<p><img loading=\"lazy\" decoding=\"async\" class=\"alignnone size-full wp-image-75672\" src=\"https:\/\/kingarms.ee\/wp-content\/uploads\/2023\/03\/straw-mat-65-x-6-cm-7a84548faffb431990cb0cb404ba8088-45a7d568.jpg\" alt=\"\" width=\"900\" height=\"900\" srcset=\"https:\/\/kingarms.ee\/wp-content\/uploads\/2023\/03\/straw-mat-65-x-6-cm-7a84548faffb431990cb0cb404ba8088-45a7d568.jpg 900w, https:\/\/kingarms.ee\/wp-content\/uploads\/2023\/03\/straw-mat-65-x-6-cm-7a84548faffb431990cb0cb404ba8088-45a7d568-300x300.jpg 300w, https:\/\/kingarms.ee\/wp-content\/uploads\/2023\/03\/straw-mat-65-x-6-cm-7a84548faffb431990cb0cb404ba8088-45a7d568-150x150.jpg 150w, https:\/\/kingarms.ee\/wp-content\/uploads\/2023\/03\/straw-mat-65-x-6-cm-7a84548faffb431990cb0cb404ba8088-45a7d568-768x768.jpg 768w, https:\/\/kingarms.ee\/wp-content\/uploads\/2023\/03\/straw-mat-65-x-6-cm-7a84548faffb431990cb0cb404ba8088-45a7d568-500x500.jpg 500w\" sizes=\"auto, (max-width: 900px) 100vw, 900px\" \/><\/p>\n","protected":false},"excerpt":{"rendered":"<p>P\u012bts salmu pakl\u0101js priek\u0161galam 80x8cm<\/p>\n<p>Loka \u0161au\u0161ana mat 80 cm augstas kvalit\u0101tes rudzu salmi un bl\u012bvs audu, pateicoties kuriem lieliski nozvejas peld bultas. Koka loka \u0161au\u0161anas pakl\u0101ja pamatne, pieskr\u016bv\u0113ta kop\u0101 ar skr\u016bv\u0113m un sp\u0101rnu uzgrie\u017e\u0146iem. Dizains nodro\u0161ina stabilu iestat\u012bjumu pat uz nevienm\u0113r\u012bga vai sl\u012bpa reljefa. Garums 145 cm, var regul\u0113t   <\/p>\n","protected":false},"featured_media":127543,"template":"","meta":{"_acf_changed":false},"product_brand":[],"product_cat":[1017],"product_tag":[],"class_list":{"0":"post-150299","1":"product","2":"type-product","3":"status-publish","4":"has-post-thumbnail","6":"product_cat-piederumi","8":"first","9":"instock","10":"taxable","11":"shipping-taxable","12":"purchasable","13":"product-type-simple"},"acf":[],"_links":{"self":[{"href":"https:\/\/kingarms.ee\/lv\/wp-json\/wp\/v2\/product\/150299","targetHints":{"allow":["GET"]}}],"collection":[{"href":"https:\/\/kingarms.ee\/lv\/wp-json\/wp\/v2\/product"}],"about":[{"href":"https:\/\/kingarms.ee\/lv\/wp-json\/wp\/v2\/types\/product"}],"wp:featuredmedia":[{"embeddable":true,"href":"https:\/\/kingarms.ee\/lv\/wp-json\/wp\/v2\/media\/127543"}],"wp:attachment":[{"href":"https:\/\/kingarms.ee\/lv\/wp-json\/wp\/v2\/media?parent=150299"}],"wp:term":[{"taxonomy":"product_brand","embeddable":true,"href":"https:\/\/kingarms.ee\/lv\/wp-json\/wp\/v2\/product_brand?post=150299"},{"taxonomy":"product_cat","embeddable":true,"href":"https:\/\/kingarms.ee\/lv\/wp-json\/wp\/v2\/product_cat?post=150299"},{"taxonomy":"product_tag","embeddable":true,"href":"https:\/\/kingarms.ee\/lv\/wp-json\/wp\/v2\/product_tag?post=150299"}],"curies":[{"name":"wp","href":"https:\/\/api.w.org\/{rel}","templated":true}]}}